{"id":987611775,"date":"2025-06-19T03:38:55","date_gmt":"2025-06-19T01:38:55","guid":{"rendered":"https:\/\/www.hotel-spider.com\/channel-manager\/"},"modified":"2025-08-07T09:55:15","modified_gmt":"2025-08-07T07:55:15","slug":"channel-manager","status":"publish","type":"page","link":"https:\/\/www.hotel-spider.com\/de\/loesungen\/channel-manager\/","title":{"rendered":"Channel Manager"},"content":{"rendered":"<p>[et_pb_section fb_built=&#8220;1&#8243; use_custom_gutter=&#8220;on&#8220; specialty=&#8220;on&#8220; _builder_version=&#8220;4.27.4&#8243; _module_preset=&#8220;default&#8220; background_color=&#8220;RGBA(255,255,255,0)&#8220; custom_margin_tablet=&#8220;&#8220; custom_margin_phone=&#8220;&#8220; custom_margin_last_edited=&#8220;on|desktop&#8220; global_colors_info=&#8220;{}&#8220;][et_pb_column type=&#8220;1_4&#8243; _builder_version=&#8220;4.16&#8243; custom_padding=&#8220;|||&#8220; custom_padding__hover=&#8220;|||&#8220;][et_pb_image src=&#8220;https:\/\/www.hotel-spider.com\/wp-content\/uploads\/2025\/07\/2025-07-04_Hotel-Spider-Icons-color-yellow-orange_200x200_Channel-Manager.png&#8220; title_text=&#8220;2025-07-04_Hotel-Spider-Icons-color-yellow-orange_200x200_Channel-Manager&#8220; align_tablet=&#8220;center&#8220; align_phone=&#8220;center&#8220; align_last_edited=&#8220;on|desktop&#8220; _builder_version=&#8220;4.27.4&#8243; _module_preset=&#8220;default&#8220; width_tablet=&#8220;25%&#8220; width_phone=&#8220;30%&#8220; width_last_edited=&#8220;on|phone&#8220; custom_margin_tablet=&#8220;||5%||false|false&#8220; custom_margin_phone=&#8220;||5%||false|false&#8220; custom_margin_last_edited=&#8220;on|phone&#8220; animation_direction=&#8220;left&#8220; hover_enabled=&#8220;0&#8243; global_colors_info=&#8220;{}&#8220; sticky_enabled=&#8220;0&#8243;][\/et_pb_image][\/et_pb_column][et_pb_column type=&#8220;3_4&#8243; specialty_columns=&#8220;3&#8243; _builder_version=&#8220;4.16&#8243; custom_padding=&#8220;|||&#8220; global_colors_info=&#8220;{}&#8220; custom_padding__hover=&#8220;|||&#8220;][et_pb_row_inner _builder_version=&#8220;4.27.4&#8243; _module_preset=&#8220;default&#8220; global_colors_info=&#8220;{}&#8220;][et_pb_column_inner saved_specialty_column_type=&#8220;3_4&#8243; _builder_version=&#8220;4.27.4&#8243; _module_preset=&#8220;default&#8220;][et_pb_text _builder_version=&#8220;4.27.4&#8243; _module_preset=&#8220;default&#8220; header_2_font_size=&#8220;30px&#8220; text_orientation=&#8220;justified&#8220; background_layout=&#8220;dark&#8220; text_orientation_tablet=&#8220;center&#8220; text_orientation_phone=&#8220;center&#8220; text_orientation_last_edited=&#8220;on|tablet&#8220; global_colors_info=&#8220;{}&#8220;]<\/p>\n<h1>Channel Manager<\/h1>\n<h2>Mehr als ein Channel Manager. Eine Vertriebsstrategie. <\/h2>\n<p>In der Hotelbranche z\u00e4hlt jede Entscheidung. Und jede Rate.<br \/>Unser Channel Manager verwandelt die Komplexit\u00e4t in Klarheit &#8211; mit einer Logik, die Sie bef\u00e4higt, anstatt Sie zur\u00fcckzuhalten. <\/p>\n<p>[\/et_pb_text][\/et_pb_column_inner][\/et_pb_row_inner][et_pb_row_inner column_structure=&#8220;1_3,1_3,1_3&#8243; _builder_version=&#8220;4.27.4&#8243; _module_preset=&#8220;default&#8220; animation_direction=&#8220;bottom&#8220; hover_enabled=&#8220;0&#8243; global_colors_info=&#8220;{}&#8220; sticky_enabled=&#8220;0&#8243;][et_pb_column_inner type=&#8220;1_3&#8243; saved_specialty_column_type=&#8220;3_4&#8243; _builder_version=&#8220;4.27.4&#8243; _module_preset=&#8220;default&#8220;][et_pb_button button_url=&#8220;https:\/\/www.hotel-spider.com\/de\/demo\/&#8220; button_text=&#8220;Siehe Demo&#8220; button_alignment=&#8220;left&#8220; button_alignment_tablet=&#8220;center&#8220; button_alignment_phone=&#8220;center&#8220; button_alignment_last_edited=&#8220;on|desktop&#8220; _builder_version=&#8220;4.27.4&#8243; _module_preset=&#8220;default&#8220; global_module=&#8220;987610828&#8243; saved_tabs=&#8220;all&#8220; global_colors_info=&#8220;{}&#8220;][\/et_pb_button][\/et_pb_column_inner][et_pb_column_inner type=&#8220;1_3&#8243; saved_specialty_column_type=&#8220;3_4&#8243; _builder_version=&#8220;4.27.4&#8243; _module_preset=&#8220;default&#8220;][et_pb_button button_url=&#8220;https:\/\/www.hotel-spider.com\/de\/kontakt\/&#8220; button_text=&#8220;Kontakt&#8220; button_alignment=&#8220;center&#8220; _builder_version=&#8220;4.27.4&#8243; _module_preset=&#8220;default&#8220; global_module=&#8220;8167&#8243; saved_tabs=&#8220;all&#8220; global_colors_info=&#8220;{}&#8220;][\/et_pb_button][\/et_pb_column_inner][et_pb_column_inner type=&#8220;1_3&#8243; saved_specialty_column_type=&#8220;3_4&#8243; _builder_version=&#8220;4.27.4&#8243; _module_preset=&#8220;default&#8220;][\/et_pb_column_inner][\/et_pb_row_inner][\/et_pb_column][\/et_pb_section][et_pb_section fb_built=&#8220;1&#8243; _builder_version=&#8220;4.27.4&#8243; _module_preset=&#8220;default&#8220; background_color=&#8220;RGBA(255,255,255,0)&#8220; z_index=&#8220;1&#8243; custom_padding=&#8220;||1%||false|false&#8220; sticky_position=&#8220;top&#8220; sticky_offset_top=&#8220;50px&#8220; sticky_limit_bottom=&#8220;body&#8220; locked=&#8220;off&#8220; global_colors_info=&#8220;{}&#8220;][et_pb_row column_structure=&#8220;1_2,1_2&#8243; make_equal=&#8220;on&#8220; _builder_version=&#8220;4.27.4&#8243; _module_preset=&#8220;default&#8220; background_color=&#8220;#FFFFFF&#8220; min_height=&#8220;688px&#8220; custom_padding=&#8220;1%|2%|2%|2%|false|true&#8220; sticky_limit_bottom=&#8220;body&#8220; border_radii=&#8220;on|10px|10px|10px|10px&#8220; global_colors_info=&#8220;{}&#8220;][et_pb_column type=&#8220;1_2&#8243; _builder_version=&#8220;4.27.4&#8243; _module_preset=&#8220;default&#8220; custom_padding=&#8220;4%||||false|false&#8220;][et_pb_text _builder_version=&#8220;4.27.4&#8243; _module_preset=&#8220;default&#8220; header_3_text_align=&#8220;left&#8220; text_orientation=&#8220;justified&#8220; global_colors_info=&#8220;{}&#8220;]<\/p>\n<h3>Eine Preislogik, die Ihren Arbeitsaufwand reduziert &#8211; und den Umsatz steigert.<\/h3>\n<p>Sie definieren Ihre Strategie &#8211; unser Channel Manager setzt sie um. Mit intelligenten Tarifableitungen verwalten Sie Standard- und Sondertarife effizient und zuverl\u00e4ssig. Ihr nicht erstattungsf\u00e4higer Tarif folgt automatisch Ihrem flexiblen Tarif &#8211; optional mit t\u00e4glichen Preisunterschieden. Pro Zimmer. Pro Person. Prozentsatzbasiert. Vorhersehbar.      <\/p>\n<p>[\/et_pb_text][\/et_pb_column][et_pb_column type=&#8220;1_2&#8243; _builder_version=&#8220;4.27.4&#8243; _module_preset=&#8220;default&#8220;][et_pb_text admin_label=&#8220;Text 1&#8243; _builder_version=&#8220;4.27.4&#8243; _module_preset=&#8220;default&#8220; text_font=&#8220;Gilroy-Bold-Local||||||||&#8220; text_text_color=&#8220;#FAAA55&#8243; text_font_size=&#8220;36px&#8220; text_orientation=&#8220;center&#8220; max_width=&#8220;7%&#8220; module_alignment=&#8220;right&#8220; custom_padding=&#8220;5px|2px|1px||false|false&#8220; border_radii=&#8220;on|10px|10px|10px|10px&#8220; border_width_all=&#8220;3px&#8220; border_color_all=&#8220;#FAAA55&#8243; global_colors_info=&#8220;{}&#8220;]<\/p>\n<p>1<\/p>\n<p>[\/et_pb_text][et_pb_image src=&#8220;https:\/\/www.hotel-spider.com\/wp-content\/uploads\/2025\/06\/hotel-spider-channelmanager_price_derivations.jpg&#8220; title_text=&#8220;hotel-spider-channelmanager_price_derivations&#8220; show_in_lightbox=&#8220;on&#8220; _builder_version=&#8220;4.27.4&#8243; _module_preset=&#8220;default&#8220; animation_direction=&#8220;right&#8220; box_shadow_style=&#8220;preset3&#8243; global_colors_info=&#8220;{}&#8220;][\/et_pb_image][\/et_pb_column][\/et_pb_row][\/et_pb_section][et_pb_section fb_built=&#8220;1&#8243; _builder_version=&#8220;4.27.4&#8243; _module_preset=&#8220;default&#8220; background_color=&#8220;RGBA(255,255,255,0)&#8220; z_index=&#8220;2&#8243; custom_padding=&#8220;||1%||false|false&#8220; sticky_position=&#8220;top&#8220; sticky_offset_top=&#8220;150px&#8220; sticky_limit_bottom=&#8220;body&#8220; sticky_offset_surrounding=&#8220;off&#8220; locked=&#8220;off&#8220; global_colors_info=&#8220;{}&#8220;][et_pb_row column_structure=&#8220;1_2,1_2&#8243; make_equal=&#8220;on&#8220; _builder_version=&#8220;4.27.4&#8243; _module_preset=&#8220;default&#8220; background_color=&#8220;#FFFFFF&#8220; min_height=&#8220;688px&#8220; custom_padding=&#8220;1%|2%|2%|2%|false|true&#8220; sticky_limit_top=&#8220;section&#8220; sticky_limit_bottom=&#8220;body&#8220; border_radii=&#8220;on|10px|10px|10px|10px&#8220; global_colors_info=&#8220;{}&#8220;][et_pb_column type=&#8220;1_2&#8243; _builder_version=&#8220;4.27.4&#8243; _module_preset=&#8220;default&#8220; custom_padding=&#8220;4%||||false|false&#8220;][et_pb_text _builder_version=&#8220;4.27.4&#8243; _module_preset=&#8220;default&#8220; header_3_text_align=&#8220;left&#8220; text_orientation=&#8220;justified&#8220; global_colors_info=&#8220;{}&#8220;]<\/p>\n<h3>Verf\u00fcgbarkeit, die sich anpasst.<\/h3>\n<p>Warum alles doppelt verwalten? Verkn\u00fcpfen Sie Ihre Zimmerkategorien &#8211; zum Beispiel Einzelzimmer, die von Doppelzimmern abgeleitet sind &#8211; und maximieren Sie Ihre Kapazit\u00e4t. Kein zus\u00e4tzlicher Aufwand. Kein Risiko.   <\/p>\n<p>[\/et_pb_text][\/et_pb_column][et_pb_column type=&#8220;1_2&#8243; _builder_version=&#8220;4.27.4&#8243; _module_preset=&#8220;default&#8220;][et_pb_text admin_label=&#8220;Text 2&#8243; _builder_version=&#8220;4.27.4&#8243; _module_preset=&#8220;default&#8220; text_font=&#8220;Gilroy-Bold-Local||||||||&#8220; text_text_color=&#8220;#FAAA55&#8243; text_font_size=&#8220;36px&#8220; text_orientation=&#8220;center&#8220; max_width=&#8220;7%&#8220; module_alignment=&#8220;right&#8220; custom_padding=&#8220;5px|2px|1px||false|false&#8220; border_radii=&#8220;on|10px|10px|10px|10px&#8220; border_width_all=&#8220;3px&#8220; border_color_all=&#8220;#FAAA55&#8243; global_colors_info=&#8220;{}&#8220;]<\/p>\n<p>2<\/p>\n<p>[\/et_pb_text][et_pb_image src=&#8220;https:\/\/www.hotel-spider.com\/wp-content\/uploads\/2025\/06\/hotel-spider-channelmanager_inventory_derivations.jpg&#8220; title_text=&#8220;hotel-spider-channelmanager_inventory_derivations&#8220; show_in_lightbox=&#8220;on&#8220; disabled_on=&#8220;on|on|off&#8220; _builder_version=&#8220;4.27.4&#8243; _module_preset=&#8220;default&#8220; animation_direction=&#8220;left&#8220; box_shadow_style=&#8220;preset3&#8243; global_colors_info=&#8220;{}&#8220;][\/et_pb_image][\/et_pb_column][\/et_pb_row][\/et_pb_section][et_pb_section fb_built=&#8220;1&#8243; _builder_version=&#8220;4.27.4&#8243; _module_preset=&#8220;default&#8220; background_color=&#8220;RGBA(255,255,255,0)&#8220; z_index=&#8220;2&#8243; custom_padding=&#8220;||1%||false|false&#8220; sticky_position=&#8220;top&#8220; sticky_offset_top=&#8220;150px&#8220; sticky_limit_bottom=&#8220;body&#8220; sticky_offset_surrounding=&#8220;off&#8220; locked=&#8220;off&#8220; global_colors_info=&#8220;{}&#8220;][et_pb_row column_structure=&#8220;1_2,1_4,1_4&#8243; make_equal=&#8220;on&#8220; _builder_version=&#8220;4.27.4&#8243; _module_preset=&#8220;default&#8220; background_color=&#8220;#FFFFFF&#8220; custom_padding=&#8220;1%|2%|2%|2%|false|true&#8220; sticky_limit_top=&#8220;section&#8220; sticky_limit_bottom=&#8220;body&#8220; border_radii=&#8220;on|10px|10px|10px|10px&#8220; global_colors_info=&#8220;{}&#8220;][et_pb_column type=&#8220;1_2&#8243; _builder_version=&#8220;4.27.4&#8243; _module_preset=&#8220;default&#8220; custom_padding=&#8220;4%||||false|false&#8220;][et_pb_text _builder_version=&#8220;4.27.4&#8243; _module_preset=&#8220;default&#8220; header_3_text_align=&#8220;justify&#8220; text_orientation=&#8220;justified&#8220; global_colors_info=&#8220;{}&#8220;]<\/p>\n<h3>Ihr Hotel auf allen Kan\u00e4len &#8211; immer auf dem neuesten Stand.<\/h3>\n<p>Ob <strong>Booking.com, Expedia, Airbnb, Agoda, STC oder Check24<\/strong> &#8211; ein zentrales System h\u00e4lt alles auf dem Laufenden. Durch die direkte PMS-Integration wird die Verf\u00fcgbarkeit in Echtzeit aktualisiert. Keine doppelten Buchungen. Keine Zeitverschwendung. Kein Kontrollverlust.    <\/p>\n<p>[\/et_pb_text][\/et_pb_column][et_pb_column type=&#8220;1_4&#8243; _builder_version=&#8220;4.27.4&#8243; _module_preset=&#8220;default&#8220; custom_padding=&#8220;6.5%||||false|false&#8220;][et_pb_image src=&#8220;https:\/\/www.hotel-spider.com\/wp-content\/uploads\/2025\/06\/logo-beispiel.png&#8220; title_text=&#8220;logo-beispiel&#8220; align=&#8220;center&#8220; _builder_version=&#8220;4.27.4&#8243; _module_preset=&#8220;default&#8220; width=&#8220;50%&#8220; custom_padding=&#8220;0%||0%||true|false&#8220; global_colors_info=&#8220;{}&#8220;][\/et_pb_image][et_pb_image src=&#8220;https:\/\/www.hotel-spider.com\/wp-content\/uploads\/2025\/07\/Expedia-Logo-2048&#215;1152-1.png&#8220; title_text=&#8220;Expedia-Logo-2048&#215;1152&#8243; align=&#8220;center&#8220; _builder_version=&#8220;4.27.4&#8243; _module_preset=&#8220;default&#8220; width=&#8220;50%&#8220; custom_padding=&#8220;0%||0%||true|false&#8220; global_colors_info=&#8220;{}&#8220;][\/et_pb_image][et_pb_image src=&#8220;https:\/\/www.hotel-spider.com\/wp-content\/uploads\/2025\/07\/Couleur-logo-Airbnb.jpg&#8220; title_text=&#8220;Couleur-logo-Airbnb&#8220; align=&#8220;center&#8220; _builder_version=&#8220;4.27.4&#8243; _module_preset=&#8220;default&#8220; width=&#8220;50%&#8220; custom_padding=&#8220;0%||0%||true|false&#8220; global_colors_info=&#8220;{}&#8220;][\/et_pb_image][et_pb_image src=&#8220;https:\/\/www.hotel-spider.com\/wp-content\/uploads\/2025\/07\/2021_FERATEL_logo_tool.jpg&#8220; title_text=&#8220;2021_FERATEL_logo_tool&#8220; align=&#8220;center&#8220; _builder_version=&#8220;4.27.4&#8243; _module_preset=&#8220;default&#8220; width=&#8220;50%&#8220; custom_padding=&#8220;0%||0%||true|false&#8220; global_colors_info=&#8220;{}&#8220;][\/et_pb_image][et_pb_image src=&#8220;https:\/\/www.hotel-spider.com\/wp-content\/uploads\/2025\/07\/Logo-Ctrip.png&#8220; title_text=&#8220;Logo-Reise&#8220; align=&#8220;center&#8220; _builder_version=&#8220;4.27.4&#8243; _module_preset=&#8220;default&#8220; width=&#8220;50%&#8220; custom_padding=&#8220;0%||0%||true|false&#8220; global_colors_info=&#8220;{}&#8220;][\/et_pb_image][\/et_pb_column][et_pb_column type=&#8220;1_4&#8243; _builder_version=&#8220;4.27.4&#8243; _module_preset=&#8220;default&#8220;][et_pb_text admin_label=&#8220;Text 3&#8243; _builder_version=&#8220;4.27.4&#8243; _module_preset=&#8220;default&#8220; text_font=&#8220;Gilroy-Bold-Local||||||||&#8220; text_text_color=&#8220;#FAAA55&#8243; text_font_size=&#8220;36px&#8220; text_orientation=&#8220;center&#8220; max_width=&#8220;16%&#8220; module_alignment=&#8220;right&#8220; custom_padding=&#8220;5px|2px|1px||false|false&#8220; border_radii=&#8220;on|10px|10px|10px|10px&#8220; border_width_all=&#8220;3px&#8220; border_color_all=&#8220;#FAAA55&#8243; global_colors_info=&#8220;{}&#8220;]<\/p>\n<p>3<\/p>\n<p>[\/et_pb_text][et_pb_image src=&#8220;https:\/\/www.hotel-spider.com\/wp-content\/uploads\/2025\/07\/check24.png&#8220; title_text=&#8220;check24&#8243; align=&#8220;center&#8220; _builder_version=&#8220;4.27.4&#8243; _module_preset=&#8220;default&#8220; width=&#8220;50%&#8220; custom_padding=&#8220;0%||0%||true|false&#8220; global_colors_info=&#8220;{}&#8220;][\/et_pb_image][et_pb_image src=&#8220;https:\/\/www.hotel-spider.com\/wp-content\/uploads\/2025\/07\/Agoda-Logo-scaled.png&#8220; title_text=&#8220;Agoda-Logo&#8220; align=&#8220;center&#8220; _builder_version=&#8220;4.27.4&#8243; _module_preset=&#8220;default&#8220; width=&#8220;50%&#8220; custom_padding=&#8220;0%||0%||true|false&#8220; global_colors_info=&#8220;{}&#8220;][\/et_pb_image][et_pb_image src=&#8220;https:\/\/www.hotel-spider.com\/wp-content\/uploads\/2025\/07\/hrs-logo.png&#8220; title_text=&#8220;hrs-logo&#8220; align=&#8220;center&#8220; _builder_version=&#8220;4.27.4&#8243; _module_preset=&#8220;default&#8220; width=&#8220;31%&#8220; custom_padding=&#8220;1%||1%||true|false&#8220; global_colors_info=&#8220;{}&#8220;][\/et_pb_image][et_pb_image src=&#8220;https:\/\/www.hotel-spider.com\/wp-content\/uploads\/2025\/07\/TOMAS.png&#8220; title_text=&#8220;TOMAS&#8220; align=&#8220;center&#8220; _builder_version=&#8220;4.27.4&#8243; _module_preset=&#8220;default&#8220; width=&#8220;50%&#8220; custom_padding=&#8220;0%||0%||true|false&#8220; global_colors_info=&#8220;{}&#8220;][\/et_pb_image][et_pb_image src=&#8220;https:\/\/www.hotel-spider.com\/wp-content\/uploads\/2025\/07\/stc.png&#8220; title_text=&#8220;stc&#8220; align=&#8220;center&#8220; _builder_version=&#8220;4.27.4&#8243; _module_preset=&#8220;default&#8220; width=&#8220;50%&#8220; custom_padding=&#8220;0%||0%||true|false&#8220; global_colors_info=&#8220;{}&#8220;][\/et_pb_image][\/et_pb_column][\/et_pb_row][\/et_pb_section][et_pb_section fb_built=&#8220;1&#8243; _builder_version=&#8220;4.27.4&#8243; _module_preset=&#8220;default&#8220; background_image=&#8220;https:\/\/www.hotel-spider.com\/wp-content\/uploads\/2025\/06\/Hotel-Spider-BG-Stars.jpg&#8220; z_index=&#8220;4&#8243; custom_margin=&#8220;5%||5%||false|false&#8220; sticky_limit_top=&#8220;body&#8220; locked=&#8220;off&#8220; global_colors_info=&#8220;{}&#8220;][et_pb_row column_structure=&#8220;3_5,1_5,1_5&#8243; use_custom_gutter=&#8220;on&#8220; make_equal=&#8220;on&#8220; _builder_version=&#8220;4.27.4&#8243; _module_preset=&#8220;default&#8220; global_colors_info=&#8220;{}&#8220;][et_pb_column type=&#8220;3_5&#8243; _builder_version=&#8220;4.27.4&#8243; _module_preset=&#8220;default&#8220; global_colors_info=&#8220;{}&#8220;][et_pb_text _builder_version=&#8220;4.27.4&#8243; _module_preset=&#8220;default&#8220; background_layout=&#8220;dark&#8220; text_orientation_tablet=&#8220;center&#8220; text_orientation_phone=&#8220;center&#8220; text_orientation_last_edited=&#8220;on|tablet&#8220; global_colors_info=&#8220;{}&#8220;]<\/p>\n<h2>Weniger \u00c4rger. Mehr Umsatz. Sind Sie bereit, die Kontrolle zu \u00fcbernehmen?  <\/h2>\n<p>[\/et_pb_text][\/et_pb_column][et_pb_column type=&#8220;1_5&#8243; _builder_version=&#8220;4.27.4&#8243; _module_preset=&#8220;default&#8220; global_colors_info=&#8220;{}&#8220;][et_pb_button button_url=&#8220;https:\/\/www.hotel-spider.com\/de\/demo-buchen\/&#8220; button_text=&#8220;Demo buchen&#8220; button_alignment=&#8220;center&#8220; _builder_version=&#8220;4.27.4&#8243; _module_preset=&#8220;default&#8220; animation_style=&#8220;slide&#8220; animation_direction=&#8220;left&#8220; animation_duration=&#8220;800ms&#8220; global_module=&#8220;8153&#8243; saved_tabs=&#8220;all&#8220; global_colors_info=&#8220;{}&#8220;][\/et_pb_button][\/et_pb_column][et_pb_column type=&#8220;1_5&#8243; _builder_version=&#8220;4.27.4&#8243; _module_preset=&#8220;default&#8220; global_colors_info=&#8220;{}&#8220;][et_pb_button button_url=&#8220;https:\/\/www.hotel-spider.com\/de\/kontakt\/&#8220; button_text=&#8220;Kontakt&#8220; button_alignment=&#8220;center&#8220; _builder_version=&#8220;4.27.4&#8243; _module_preset=&#8220;default&#8220; animation_style=&#8220;slide&#8220; animation_direction=&#8220;left&#8220; animation_duration=&#8220;800ms&#8220; animation_delay=&#8220;200ms&#8220; global_module=&#8220;8167&#8243; saved_tabs=&#8220;all&#8220; global_colors_info=&#8220;{}&#8220;][\/et_pb_button][\/et_pb_column][\/et_pb_row][\/et_pb_section]<\/p>\n","protected":false},"excerpt":{"rendered":"<p>Channel Manager Mehr als ein Channel Manager. Eine Vertriebsstrategie. In der Hotelbranche z\u00e4hlt jede Entscheidung. Und jede Rate.Unser Channel Manager verwandelt die Komplexit\u00e4t in Klarheit &#8211; mit einer Logik, die Sie bef\u00e4higt, anstatt Sie zur\u00fcckzuhalten. Eine Preislogik, die Ihren Arbeitsaufwand reduziert &#8211; und den Umsatz steigert. Sie definieren Ihre Strategie &#8211; unser Channel Manager setzt [&hellip;]<\/p>\n","protected":false},"author":2,"featured_media":0,"parent":987611845,"menu_order":0,"comment_status":"closed","ping_status":"closed","template":"","meta":{"_et_pb_use_builder":"on","_et_pb_old_content":"","_et_gb_content_width":"","footnotes":""},"class_list":["post-987611775","page","type-page","status-publish","hentry"],"_links":{"self":[{"href":"https:\/\/www.hotel-spider.com\/de\/wp-json\/wp\/v2\/pages\/987611775","targetHints":{"allow":["GET"]}}],"collection":[{"href":"https:\/\/www.hotel-spider.com\/de\/wp-json\/wp\/v2\/pages"}],"about":[{"href":"https:\/\/www.hotel-spider.com\/de\/wp-json\/wp\/v2\/types\/page"}],"author":[{"embeddable":true,"href":"https:\/\/www.hotel-spider.com\/de\/wp-json\/wp\/v2\/users\/2"}],"replies":[{"embeddable":true,"href":"https:\/\/www.hotel-spider.com\/de\/wp-json\/wp\/v2\/comments?post=987611775"}],"version-history":[{"count":6,"href":"https:\/\/www.hotel-spider.com\/de\/wp-json\/wp\/v2\/pages\/987611775\/revisions"}],"predecessor-version":[{"id":987612419,"href":"https:\/\/www.hotel-spider.com\/de\/wp-json\/wp\/v2\/pages\/987611775\/revisions\/987612419"}],"up":[{"embeddable":true,"href":"https:\/\/www.hotel-spider.com\/de\/wp-json\/wp\/v2\/pages\/987611845"}],"wp:attachment":[{"href":"https:\/\/www.hotel-spider.com\/de\/wp-json\/wp\/v2\/media?parent=987611775"}],"curies":[{"name":"wp","href":"https:\/\/api.w.org\/{rel}","templated":true}]}}