{"id":987611895,"date":"2025-07-07T19:23:24","date_gmt":"2025-07-07T17:23:24","guid":{"rendered":"https:\/\/www.hotel-spider.com\/optionen-planen\/"},"modified":"2025-08-07T15:16:59","modified_gmt":"2025-08-07T13:16:59","slug":"optionen-planen","status":"publish","type":"page","link":"https:\/\/www.hotel-spider.com\/de\/optionen-planen\/","title":{"rendered":"Optionen planen"},"content":{"rendered":"<p>[et_pb_section fb_built=&#8220;1&#8243; _builder_version=&#8220;4.27.4&#8243; _module_preset=&#8220;default&#8220; background_color=&#8220;RGBA(255,255,255,0)&#8220; locked=&#8220;off&#8220; global_colors_info=&#8220;{}&#8220;][et_pb_row use_custom_gutter=&#8220;on&#8220; gutter_width=&#8220;1&#8243; make_equal=&#8220;on&#8220; _builder_version=&#8220;4.27.4&#8243; _module_preset=&#8220;default&#8220; width_last_edited=&#8220;off|desktop&#8220; global_colors_info=&#8220;{}&#8220;][et_pb_column type=&#8220;4_4&#8243; _builder_version=&#8220;4.27.4&#8243; _module_preset=&#8220;default&#8220; global_colors_info=&#8220;{}&#8220;][et_pb_post_title meta=&#8220;off&#8220; featured_image=&#8220;off&#8220; text_color=&#8220;light&#8220; _builder_version=&#8220;4.27.4&#8243; _module_preset=&#8220;default&#8220; global_colors_info=&#8220;{}&#8220;][\/et_pb_post_title][et_pb_text _builder_version=&#8220;4.27.4&#8243; _module_preset=&#8220;default&#8220; text_orientation=&#8220;justified&#8220; background_layout=&#8220;dark&#8220; global_colors_info=&#8220;{}&#8220;]<\/p>\n<h3>Unsere Konditionen, Ihre Vorteile &#8211; Keine Einstiegsh\u00fcrden<\/h3>\n<p>\u20ac 0 \/ CHF Einrichtungsgeb\u00fchren<br \/>\u20ac 0 \/ CHF Schulungskosten<br \/>\u20ac 0 \/ CHF Aktivierungsgeb\u00fchren<br \/>Unsere Flexibilit\u00e4t: Testen Sie Hotel-Spider live und v\u00f6llig kostenlos f\u00fcr 30 Tage<br \/>Bleiben Sie 3 Monate lang v\u00f6llig unverbindlich.<\/p>\n<p>[\/et_pb_text][\/et_pb_column][\/et_pb_row][\/et_pb_section][et_pb_section fb_built=&#8220;1&#8243; _builder_version=&#8220;4.27.4&#8243; _module_preset=&#8220;default&#8220; background_color=&#8220;RGBA(255,255,255,0)&#8220; custom_padding=&#8220;10px|||||&#8220; global_colors_info=&#8220;{}&#8220;][et_pb_row _builder_version=&#8220;4.27.4&#8243; _module_preset=&#8220;default&#8220; global_colors_info=&#8220;{}&#8220;][et_pb_column type=&#8220;4_4&#8243; _builder_version=&#8220;4.27.4&#8243; _module_preset=&#8220;default&#8220; global_colors_info=&#8220;{}&#8220;][et_pb_pricing_tables featured_table_background_color=&#8220;#FFFFFF&#8220; featured_table_header_background_color=&#8220;#282934&#8243; featured_table_header_text_color=&#8220;#282934&#8243; header_background_color=&#8220;#FFFFFF&#8220; featured_table_subheader_text_color=&#8220;#3F4752&#8243; show_bullet=&#8220;off&#8220; featured_table_bullet_color=&#8220;RGBA(255,255,255,0)&#8220; show_featured_drop_shadow=&#8220;off&#8220; featured_table_excluded_text_color=&#8220;#282934&#8243; featured_table_price_background_color=&#8220;#FFFFFF&#8220; featured_table_price_color=&#8220;#FFFFFF&#8220; price_background_color=&#8220;#FFFFFF&#8220; module_class=&#8220;wpp-pricing-icon&#8220; _builder_version=&#8220;4.27.4&#8243; _module_preset=&#8220;default&#8220; excluded_text_color=&#8220;#282934&#8243; subheader_text_color=&#8220;#3F4752&#8243; body_text_color=&#8220;#282934&#8243; header_text_color=&#8220;#282934&#8243; header_level=&#8220;h3&#8243; header_font_size=&#8220;40px&#8220; header_line_height=&#8220;1.7em&#8220; subheader_font=&#8220;||||||||&#8220; subheader_font_size=&#8220;24px&#8220; custom_padding=&#8220;||||false|false&#8220; border_radii=&#8220;on|10px|10px|10px|10px&#8220; global_colors_info=&#8220;{}&#8220;][et_pb_pricing_table title=&#8220;Licht&#8220; subtitle=&#8220;Ideal f\u00fcr einen schnellen Start&#8220; bullet_color=&#8220;RGBA(255,255,255,0)&#8220; _builder_version=&#8220;4.27.4&#8243; _module_preset=&#8220;default&#8220; global_colors_info=&#8220;{}&#8220; sticky_transition=&#8220;on&#8220;]<strong>\ue052Channel Manager Produktlimit<\/strong>: bis zu 15<\/p>\n<p><span class=\"et-pb-icon\" style=\"font-size: 1.2em; color: #2cba6c; margin-right: 8px;\">\ue052<\/span> <strong>OTA-Verbindungen inklusive:<\/strong> 5 OTAs<\/p>\n<p><span class=\"et-pb-icon\" style=\"font-size: 1.2em; color: #2cba6c; margin-right: 8px;\">\ue052<\/span> Bidirektionale PMS-Integration<\/p>\n<p><span class=\"et-pb-icon\" style=\"font-size: 1.2em; color: #2cba6c; margin-right: 8px;\">\ue052<\/span> Unbegrenzte Benutzerprofile<\/p>\n<p><span class=\"et-pb-icon\" style=\"font-size: 1.2em; color: #2cba6c; margin-right: 8px;\">\ue052<\/span> Support per E-Mail, Telefon und Chat<\/p>\n<p><span class=\"et-pb-icon\" style=\"font-size: 1.2em; color: #091549; margin-right: 8px;\">\ue050Package<\/span>Modul f\u00fcr Direktbuchungen<\/p>\n<p><span class=\"et-pb-icon\" style=\"font-size: 1.2em; color: #091549; margin-right: 8px;\">\ue050Airbnb<\/span>Verbindung<\/p>\n<p><span class=\"et-pb-icon\" style=\"font-size: 1.2em; color: #e03574; margin-right: 8px;\">\ue051Multiple<\/span>OTA ID Verbindungen[\/et_pb_pricing_table][et_pb_pricing_table title=&#8220;Standard&#8220; subtitle=&#8220;Perfekt f\u00fcr wachsende Hotels&#8220; _builder_version=&#8220;4.27.4&#8243; _module_preset=&#8220;default&#8220; global_colors_info=&#8220;{}&#8220; sticky_transition=&#8220;on&#8220;]<strong>\ue052Channel Manager Produktlimit:<\/strong> bis zu 100<\/p>\n<p><strong>\ue052OTA Verbindungen inklusive:<\/strong> unbegrenzt<\/p>\n<p><span class=\"et-pb-icon\" style=\"font-size: 1.2em; color: #2cba6c; margin-right: 8px;\">\ue052Bidirectional<\/span>PMS-Integration<\/p>\n<p><span class=\"et-pb-icon\" style=\"font-size: 1.2em; color: #2cba6c; margin-right: 8px;\">\ue052Unlimited<\/span>Benutzerprofile<\/p>\n<p><span class=\"et-pb-icon\" style=\"font-size: 1.2em; color: #2cba6c; margin-right: 8px;\">\ue052Support<\/span>per E-Mail, Telefon und Chat<\/p>\n<p><span class=\"et-pb-icon\" style=\"font-size: 1.2em; color: #2cba6c; margin-right: 8px;\">\ue052Package<\/span>Modul f\u00fcr Direktbuchungen<\/p>\n<p><span class=\"et-pb-icon\" style=\"font-size: 1.2em; color: #2cba6c; margin-right: 8px;\">\ue052Airbnb<\/span>Verbindung<\/p>\n<p><span class=\"et-pb-icon\" style=\"font-size: 1.2em; color: #091549; margin-right: 8px;\">\ue050Multiple<\/span>OTA ID Verbindungen[\/et_pb_pricing_table][et_pb_pricing_table title=&#8220;Premium&#8220; subtitle=&#8220;Entwickelt f\u00fcr operative Exzellenz&#8220; _builder_version=&#8220;4.27.4&#8243; _module_preset=&#8220;default&#8220; global_colors_info=&#8220;{}&#8220; sticky_transition=&#8220;on&#8220;]<strong>\ue052Channel Manager Produktlimit:<\/strong> bis zu 1000<\/p>\n<p><strong>\ue052OTA Verbindungen inklusive:<\/strong> unbegrenzt<\/p>\n<p><span class=\"et-pb-icon\" style=\"font-size: 1.2em; color: #2cba6c; margin-right: 8px;\">\ue052Bidirectional<\/span>PMS-Integration<\/p>\n<p><span class=\"et-pb-icon\" style=\"font-size: 1.2em; color: #2cba6c; margin-right: 8px;\">\ue052Unlimited<\/span>Benutzerprofile<\/p>\n<p><span class=\"et-pb-icon\" style=\"font-size: 1.2em; color: #2cba6c; margin-right: 8px;\">\ue052Support<\/span>per E-Mail, Telefon und Chat<\/p>\n<p><span class=\"et-pb-icon\" style=\"font-size: 1.2em; color: #2cba6c; margin-right: 8px;\">\ue052Package<\/span>Modul f\u00fcr Direktbuchungen<\/p>\n<p><span class=\"et-pb-icon\" style=\"font-size: 1.2em; color: #2cba6c; margin-right: 8px;\">\ue052Airbnb<\/span>Verbindung<\/p>\n<p><span class=\"et-pb-icon\" style=\"font-size: 1.2em; color: #091549; margin-right: 8px;\">\ue050Multiple<\/span>OTA ID Verbindungen[\/et_pb_pricing_table][\/et_pb_pricing_tables][\/et_pb_column][\/et_pb_row][et_pb_row _builder_version=&#8220;4.27.4&#8243; _module_preset=&#8220;default&#8220; global_colors_info=&#8220;{}&#8220;][et_pb_column type=&#8220;4_4&#8243; _builder_version=&#8220;4.27.4&#8243; _module_preset=&#8220;default&#8220;][et_pb_text _builder_version=&#8220;4.27.4&#8243; _module_preset=&#8220;default&#8220; text_font_size=&#8220;16px&#8220; background_color=&#8220;#FFFFFF&#8220; width=&#8220;33%&#8220; width_tablet=&#8220;100%&#8220; width_phone=&#8220;100%&#8220; width_last_edited=&#8220;on|tablet&#8220; custom_padding=&#8220;1%|2%|1%|2%|true|true&#8220; border_radii=&#8220;on|10px|10px|10px|10px&#8220; global_colors_info=&#8220;{}&#8220;]Legende: <span class=\"et-pb-icon\" style=\"font-size: 16px; color: #e03574; margin-right: 8px;\">\ue051not<\/span>enthalten | <span class=\"et-pb-icon\" style=\"font-size: 16px; color: #2cba6c; margin-right: 8px;\">\ue052included<\/span>| <span class=\"et-pb-icon\" style=\"font-size: 16px; color: #091549; margin-right: 8px;\">\ue050optional<\/span>[\/et_pb_text][\/et_pb_column][\/et_pb_row][\/et_pb_section][et_pb_section fb_built=&#8220;1&#8243; custom_padding_last_edited=&#8220;on|desktop&#8220; _builder_version=&#8220;4.27.4&#8243; _module_preset=&#8220;default&#8220; background_color=&#8220;RGBA(255,255,255,0)&#8220; custom_margin_tablet=&#8220;&#8220; custom_margin_phone=&#8220;&#8220; custom_margin_last_edited=&#8220;on|desktop&#8220; custom_padding_tablet=&#8220;&#8220; custom_padding_phone=&#8220;&#8220; locked=&#8220;off&#8220; global_colors_info=&#8220;{}&#8220;][et_pb_row column_structure=&#8220;3_4,1_4&#8243; make_equal=&#8220;on&#8220; _builder_version=&#8220;4.27.4&#8243; _module_preset=&#8220;default&#8220; global_colors_info=&#8220;{}&#8220;][et_pb_column type=&#8220;3_4&#8243; _builder_version=&#8220;4.27.4&#8243; _module_preset=&#8220;default&#8220; global_colors_info=&#8220;{}&#8220;][et_pb_text _builder_version=&#8220;4.27.4&#8243; _module_preset=&#8220;default&#8220; background_layout=&#8220;dark&#8220; global_colors_info=&#8220;{}&#8220;]<\/p>\n<h2>Sie brauchen mehr?<\/h2>\n<p>W\u00fcnschen Sie eine individuelle Einrichtung? Nehmen Sie Kontakt auf &#8211; wir schneidern einen Plan, der Ihren Bed\u00fcrfnissen entspricht. <\/p>\n<p>[\/et_pb_text][\/et_pb_column][et_pb_column type=&#8220;1_4&#8243; _builder_version=&#8220;4.27.4&#8243; _module_preset=&#8220;default&#8220; global_colors_info=&#8220;{}&#8220;][et_pb_button button_url=&#8220;https:\/\/www.hotel-spider.com\/de\/kontakt\/&#8220; button_text=&#8220;Kontakt&#8220; button_alignment=&#8220;left&#8220; button_alignment_tablet=&#8220;center&#8220; button_alignment_phone=&#8220;center&#8220; button_alignment_last_edited=&#8220;on|tablet&#8220; _builder_version=&#8220;4.27.4&#8243; _module_preset=&#8220;default&#8220; global_module=&#8220;8167&#8243; saved_tabs=&#8220;all&#8220; global_colors_info=&#8220;{}&#8220;][\/et_pb_button][\/et_pb_column][\/et_pb_row][\/et_pb_section]<\/p>\n","protected":false},"excerpt":{"rendered":"<p>Unsere Konditionen, Ihre Vorteile &#8211; Keine Einstiegsh\u00fcrden \u20ac 0 \/ CHF Einrichtungsgeb\u00fchren\u20ac 0 \/ CHF Schulungskosten\u20ac 0 \/ CHF Aktivierungsgeb\u00fchrenUnsere Flexibilit\u00e4t: Testen Sie Hotel-Spider live und v\u00f6llig kostenlos f\u00fcr 30 TageBleiben Sie 3 Monate lang v\u00f6llig unverbindlich.\ue052Channel Manager Produktlimit: bis zu 15 \ue052 OTA-Verbindungen inklusive: 5 OTAs \ue052 Bidirektionale PMS-Integration \ue052 Unbegrenzte Benutzerprofile \ue052 Support [&hellip;]<\/p>\n","protected":false},"author":2,"featured_media":0,"parent":0,"menu_order":0,"comment_status":"closed","ping_status":"closed","template":"","meta":{"_et_pb_use_builder":"on","_et_pb_old_content":"","_et_gb_content_width":"","footnotes":""},"class_list":["post-987611895","page","type-page","status-publish","hentry"],"_links":{"self":[{"href":"https:\/\/www.hotel-spider.com\/de\/wp-json\/wp\/v2\/pages\/987611895","targetHints":{"allow":["GET"]}}],"collection":[{"href":"https:\/\/www.hotel-spider.com\/de\/wp-json\/wp\/v2\/pages"}],"about":[{"href":"https:\/\/www.hotel-spider.com\/de\/wp-json\/wp\/v2\/types\/page"}],"author":[{"embeddable":true,"href":"https:\/\/www.hotel-spider.com\/de\/wp-json\/wp\/v2\/users\/2"}],"replies":[{"embeddable":true,"href":"https:\/\/www.hotel-spider.com\/de\/wp-json\/wp\/v2\/comments?post=987611895"}],"version-history":[{"count":8,"href":"https:\/\/www.hotel-spider.com\/de\/wp-json\/wp\/v2\/pages\/987611895\/revisions"}],"predecessor-version":[{"id":987613252,"href":"https:\/\/www.hotel-spider.com\/de\/wp-json\/wp\/v2\/pages\/987611895\/revisions\/987613252"}],"wp:attachment":[{"href":"https:\/\/www.hotel-spider.com\/de\/wp-json\/wp\/v2\/media?parent=987611895"}],"curies":[{"name":"wp","href":"https:\/\/api.w.org\/{rel}","templated":true}]}}