{"id":987612125,"date":"2025-07-14T12:23:04","date_gmt":"2025-07-14T10:23:04","guid":{"rendered":"https:\/\/www.hotel-spider.com\/loesungen\/automatisierung-von-zahlungen\/"},"modified":"2025-08-07T09:59:10","modified_gmt":"2025-08-07T07:59:10","slug":"automatisierung-von-zahlungen","status":"publish","type":"page","link":"https:\/\/www.hotel-spider.com\/de\/loesungen\/automatisierung-von-zahlungen\/","title":{"rendered":"Automatisierung von Zahlungen"},"content":{"rendered":"<p>[et_pb_section fb_built=&#8220;1&#8243; use_custom_gutter=&#8220;on&#8220; specialty=&#8220;on&#8220; _builder_version=&#8220;4.27.4&#8243; _module_preset=&#8220;default&#8220; background_color=&#8220;RGBA(255,255,255,0)&#8220; custom_margin_tablet=&#8220;&#8220; custom_margin_phone=&#8220;&#8220; custom_margin_last_edited=&#8220;on|desktop&#8220; global_colors_info=&#8220;{}&#8220;][et_pb_column type=&#8220;1_4&#8243; _builder_version=&#8220;4.16&#8243; custom_padding=&#8220;|||&#8220; custom_padding__hover=&#8220;|||&#8220;][et_pb_image src=&#8220;https:\/\/www.hotel-spider.com\/wp-content\/uploads\/2025\/07\/2025-07-04_Hotel-Spider-Icons-color-yellow-orange_200x200_Payment-Solutions.png&#8220; title_text=&#8220;2025-07-04_Hotel-Spider-Icons-color-yellow-orange_200x200_Payment-Solutions&#8220; align_tablet=&#8220;center&#8220; align_phone=&#8220;center&#8220; align_last_edited=&#8220;on|desktop&#8220; _builder_version=&#8220;4.27.4&#8243; _module_preset=&#8220;default&#8220; width_tablet=&#8220;25%&#8220; width_phone=&#8220;30%&#8220; width_last_edited=&#8220;on|phone&#8220; custom_margin_tablet=&#8220;||5%||false|false&#8220; custom_margin_phone=&#8220;||5%||false|false&#8220; custom_margin_last_edited=&#8220;on|phone&#8220; animation_direction=&#8220;left&#8220; hover_enabled=&#8220;0&#8243; global_colors_info=&#8220;{}&#8220; sticky_enabled=&#8220;0&#8243;][\/et_pb_image][\/et_pb_column][et_pb_column type=&#8220;3_4&#8243; specialty_columns=&#8220;3&#8243; _builder_version=&#8220;4.16&#8243; custom_padding=&#8220;|||&#8220; global_colors_info=&#8220;{}&#8220; custom_padding__hover=&#8220;|||&#8220;][et_pb_row_inner _builder_version=&#8220;4.27.4&#8243; _module_preset=&#8220;default&#8220; global_colors_info=&#8220;{}&#8220;][et_pb_column_inner saved_specialty_column_type=&#8220;3_4&#8243; _builder_version=&#8220;4.27.4&#8243; _module_preset=&#8220;default&#8220;][et_pb_text _builder_version=&#8220;4.27.4&#8243; _module_preset=&#8220;default&#8220; header_2_font_size=&#8220;30px&#8220; text_orientation=&#8220;justified&#8220; background_layout=&#8220;dark&#8220; text_orientation_tablet=&#8220;center&#8220; text_orientation_phone=&#8220;center&#8220; text_orientation_last_edited=&#8220;on|tablet&#8220; global_colors_info=&#8220;{}&#8220;]<\/p>\n<h1>Automatisierung von Zahlungen<\/h1>\n<h2>Automatisieren Sie Zahlungen. Eliminieren Sie Aufwand. Bauen Sie Vertrauen auf.  <\/h2>\n<p>Ob OTA-Buchungen oder Direktbuchungen:<br \/>Wir automatisieren den gesamten Zahlungsprozess &#8211; differenziert auf Tarif-\/Preisebene.<\/p>\n<p>[\/et_pb_text][\/et_pb_column_inner][\/et_pb_row_inner][et_pb_row_inner column_structure=&#8220;1_3,1_3,1_3&#8243; _builder_version=&#8220;4.27.4&#8243; _module_preset=&#8220;default&#8220; animation_direction=&#8220;bottom&#8220; hover_enabled=&#8220;0&#8243; global_colors_info=&#8220;{}&#8220; sticky_enabled=&#8220;0&#8243;][et_pb_column_inner type=&#8220;1_3&#8243; saved_specialty_column_type=&#8220;3_4&#8243; _builder_version=&#8220;4.27.4&#8243; _module_preset=&#8220;default&#8220;][et_pb_button button_url=&#8220;https:\/\/www.hotel-spider.com\/de\/demo\/&#8220; button_text=&#8220;Siehe Demo&#8220; button_alignment=&#8220;left&#8220; button_alignment_tablet=&#8220;center&#8220; button_alignment_phone=&#8220;center&#8220; button_alignment_last_edited=&#8220;on|desktop&#8220; _builder_version=&#8220;4.27.4&#8243; _module_preset=&#8220;default&#8220; global_module=&#8220;987610828&#8243; saved_tabs=&#8220;all&#8220; global_colors_info=&#8220;{}&#8220;][\/et_pb_button][\/et_pb_column_inner][et_pb_column_inner type=&#8220;1_3&#8243; saved_specialty_column_type=&#8220;3_4&#8243; _builder_version=&#8220;4.27.4&#8243; _module_preset=&#8220;default&#8220;][et_pb_button button_url=&#8220;https:\/\/www.hotel-spider.com\/de\/kontakt\/&#8220; button_text=&#8220;Kontakt&#8220; button_alignment=&#8220;center&#8220; _builder_version=&#8220;4.27.4&#8243; _module_preset=&#8220;default&#8220; global_module=&#8220;8167&#8243; saved_tabs=&#8220;all&#8220; global_colors_info=&#8220;{}&#8220;][\/et_pb_button][\/et_pb_column_inner][et_pb_column_inner type=&#8220;1_3&#8243; saved_specialty_column_type=&#8220;3_4&#8243; _builder_version=&#8220;4.27.4&#8243; _module_preset=&#8220;default&#8220;][\/et_pb_column_inner][\/et_pb_row_inner][\/et_pb_column][\/et_pb_section][et_pb_section fb_built=&#8220;1&#8243; _builder_version=&#8220;4.27.4&#8243; _module_preset=&#8220;default&#8220; background_color=&#8220;RGBA(255,255,255,0)&#8220; z_index=&#8220;1&#8243; custom_padding=&#8220;||1%||false|false&#8220; sticky_limit_bottom=&#8220;body&#8220; locked=&#8220;off&#8220; global_colors_info=&#8220;{}&#8220;][et_pb_row column_structure=&#8220;1_2,1_2&#8243; make_equal=&#8220;on&#8220; _builder_version=&#8220;4.27.4&#8243; _module_preset=&#8220;default&#8220; background_color=&#8220;#FFFFFF&#8220; min_height=&#8220;688px&#8220; custom_padding=&#8220;1%|2%|2%|2%|false|true&#8220; sticky_limit_bottom=&#8220;body&#8220; border_radii=&#8220;on|10px|10px|10px|10px&#8220; global_colors_info=&#8220;{}&#8220;][et_pb_column type=&#8220;1_2&#8243; _builder_version=&#8220;4.27.4&#8243; _module_preset=&#8220;default&#8220; custom_padding=&#8220;4%||||false|false&#8220;][et_pb_text _builder_version=&#8220;4.27.4&#8243; _module_preset=&#8220;default&#8220; header_3_text_align=&#8220;left&#8220; text_orientation=&#8220;justified&#8220; global_colors_info=&#8220;{}&#8220;]<\/p>\n<p>Mit unserem Service zur Zahlungsautomatisierung sind Ihre Zahlungsvorg\u00e4nge voll digital und vollst\u00e4ndig automatisiert &#8211; ob \u00fcber OTA-Buchungen oder Direktreservierungen.<br \/>Auf Tarifebene steuern Sie Zahlungen flexibel und ohne manuellen Aufwand.<\/p>\n<p>Ein gut durchdachter Compliance-Rahmen, der aktuelle Standards wie PCI-DSS, PSD2 und GDPR erf\u00fcllt und st\u00e4ndig aktualisiert wird.<\/p>\n<p>Auf diese Weise sind Sie nicht nur rechtlich abgesichert, sondern schaffen durch maximale Datensicherheit auch Vertrauen bei Ihren G\u00e4sten.<\/p>\n<p>[\/et_pb_text][\/et_pb_column][et_pb_column type=&#8220;1_2&#8243; _builder_version=&#8220;4.27.4&#8243; _module_preset=&#8220;default&#8220;][et_pb_image src=&#8220;https:\/\/www.hotel-spider.com\/wp-content\/uploads\/2025\/07\/Hotel-Spider_Payment-automation.png&#8220; title_text=&#8220;Hotel-Spinne_Zahlungsautomatisierung&#8220; force_fullwidth=&#8220;on&#8220; _builder_version=&#8220;4.27.4&#8243; _module_preset=&#8220;default&#8220; transform_translate=&#8220;0px|-45px&#8220; transform_translate_linked=&#8220;off&#8220; global_colors_info=&#8220;{}&#8220;][\/et_pb_image][\/et_pb_column][\/et_pb_row][\/et_pb_section][et_pb_section fb_built=&#8220;1&#8243; _builder_version=&#8220;4.27.4&#8243; _module_preset=&#8220;default&#8220; background_color=&#8220;RGBA(255,255,255,0)&#8220; global_colors_info=&#8220;{}&#8220;][et_pb_row column_structure=&#8220;3_5,1_5,1_5&#8243; use_custom_gutter=&#8220;on&#8220; make_equal=&#8220;on&#8220; _builder_version=&#8220;4.27.4&#8243; _module_preset=&#8220;default&#8220; global_colors_info=&#8220;{}&#8220;][et_pb_column type=&#8220;3_5&#8243; _builder_version=&#8220;4.27.4&#8243; _module_preset=&#8220;default&#8220;][et_pb_text _builder_version=&#8220;4.27.4&#8243; _module_preset=&#8220;default&#8220; background_layout=&#8220;dark&#8220; text_orientation_tablet=&#8220;center&#8220; text_orientation_phone=&#8220;center&#8220; text_orientation_last_edited=&#8220;on|tablet&#8220; global_colors_info=&#8220;{}&#8220;]<\/p>\n<h2>Unterst\u00fctzen Sie die Hoteliers, wie sie es verdienen.<\/h2>\n<p>[\/et_pb_text][\/et_pb_column][et_pb_column type=&#8220;1_5&#8243; _builder_version=&#8220;4.27.4&#8243; _module_preset=&#8220;default&#8220;][et_pb_button button_url=&#8220;https:\/\/www.hotel-spider.com\/de\/demo-buchen\/&#8220; button_text=&#8220;Demo buchen&#8220; button_alignment=&#8220;center&#8220; _builder_version=&#8220;4.27.4&#8243; _module_preset=&#8220;default&#8220; animation_style=&#8220;slide&#8220; animation_direction=&#8220;left&#8220; animation_duration=&#8220;800ms&#8220; global_module=&#8220;8153&#8243; saved_tabs=&#8220;all&#8220; global_colors_info=&#8220;{}&#8220;][\/et_pb_button][\/et_pb_column][et_pb_column type=&#8220;1_5&#8243; _builder_version=&#8220;4.27.4&#8243; _module_preset=&#8220;default&#8220;][et_pb_button button_url=&#8220;https:\/\/www.hotel-spider.com\/de\/kontakt\/&#8220; button_text=&#8220;Kontakt&#8220; button_alignment=&#8220;center&#8220; _builder_version=&#8220;4.27.4&#8243; _module_preset=&#8220;default&#8220; animation_style=&#8220;slide&#8220; animation_direction=&#8220;left&#8220; animation_duration=&#8220;800ms&#8220; animation_delay=&#8220;200ms&#8220; global_module=&#8220;8167&#8243; saved_tabs=&#8220;all&#8220; global_colors_info=&#8220;{}&#8220;][\/et_pb_button][\/et_pb_column][\/et_pb_row][\/et_pb_section]<\/p>\n","protected":false},"excerpt":{"rendered":"<p>Automatisierung von Zahlungen Automatisieren Sie Zahlungen. Eliminieren Sie Aufwand. Bauen Sie Vertrauen auf. Ob OTA-Buchungen oder Direktbuchungen:Wir automatisieren den gesamten Zahlungsprozess &#8211; differenziert auf Tarif-\/Preisebene.Mit unserem Service zur Zahlungsautomatisierung sind Ihre Zahlungsvorg\u00e4nge voll digital und vollst\u00e4ndig automatisiert &#8211; ob \u00fcber OTA-Buchungen oder Direktreservierungen.Auf Tarifebene steuern Sie Zahlungen flexibel und ohne manuellen Aufwand. Ein gut durchdachter [&hellip;]<\/p>\n","protected":false},"author":2,"featured_media":0,"parent":987611845,"menu_order":0,"comment_status":"closed","ping_status":"closed","template":"","meta":{"_et_pb_use_builder":"on","_et_pb_old_content":"","_et_gb_content_width":"","footnotes":""},"class_list":["post-987612125","page","type-page","status-publish","hentry"],"_links":{"self":[{"href":"https:\/\/www.hotel-spider.com\/de\/wp-json\/wp\/v2\/pages\/987612125","targetHints":{"allow":["GET"]}}],"collection":[{"href":"https:\/\/www.hotel-spider.com\/de\/wp-json\/wp\/v2\/pages"}],"about":[{"href":"https:\/\/www.hotel-spider.com\/de\/wp-json\/wp\/v2\/types\/page"}],"author":[{"embeddable":true,"href":"https:\/\/www.hotel-spider.com\/de\/wp-json\/wp\/v2\/users\/2"}],"replies":[{"embeddable":true,"href":"https:\/\/www.hotel-spider.com\/de\/wp-json\/wp\/v2\/comments?post=987612125"}],"version-history":[{"count":6,"href":"https:\/\/www.hotel-spider.com\/de\/wp-json\/wp\/v2\/pages\/987612125\/revisions"}],"predecessor-version":[{"id":987612458,"href":"https:\/\/www.hotel-spider.com\/de\/wp-json\/wp\/v2\/pages\/987612125\/revisions\/987612458"}],"up":[{"embeddable":true,"href":"https:\/\/www.hotel-spider.com\/de\/wp-json\/wp\/v2\/pages\/987611845"}],"wp:attachment":[{"href":"https:\/\/www.hotel-spider.com\/de\/wp-json\/wp\/v2\/media?parent=987612125"}],"curies":[{"name":"wp","href":"https:\/\/api.w.org\/{rel}","templated":true}]}}