{"id":987612126,"date":"2025-07-14T12:17:46","date_gmt":"2025-07-14T10:17:46","guid":{"rendered":"https:\/\/www.hotel-spider.com\/loesungen\/meta-search-verbindungen\/"},"modified":"2025-08-07T10:01:18","modified_gmt":"2025-08-07T08:01:18","slug":"meta-search-verbindungen","status":"publish","type":"page","link":"https:\/\/www.hotel-spider.com\/de\/loesungen\/meta-search-verbindungen\/","title":{"rendered":"Meta Search-Verbindungen"},"content":{"rendered":"<p>[et_pb_section fb_built=&#8220;1&#8243; use_custom_gutter=&#8220;on&#8220; specialty=&#8220;on&#8220; _builder_version=&#8220;4.27.4&#8243; _module_preset=&#8220;default&#8220; background_color=&#8220;RGBA(255,255,255,0)&#8220; custom_margin_tablet=&#8220;&#8220; custom_margin_phone=&#8220;&#8220; custom_margin_last_edited=&#8220;on|desktop&#8220; global_colors_info=&#8220;{}&#8220;][et_pb_column type=&#8220;1_4&#8243; _builder_version=&#8220;4.16&#8243; custom_padding=&#8220;|||&#8220; custom_padding__hover=&#8220;|||&#8220;][et_pb_image src=&#8220;https:\/\/www.hotel-spider.com\/wp-content\/uploads\/2025\/07\/2025-07-04_Hotel-Spider-Icons-color-yellow-orange_200x200_Meta.png&#8220; title_text=&#8220;2025-07-04_Hotel-Spider-Icons-color-yellow-orange_200x200_Meta&#8220; align_tablet=&#8220;center&#8220; align_phone=&#8220;center&#8220; align_last_edited=&#8220;on|desktop&#8220; _builder_version=&#8220;4.27.4&#8243; _module_preset=&#8220;default&#8220; width_tablet=&#8220;25%&#8220; width_phone=&#8220;30%&#8220; width_last_edited=&#8220;on|phone&#8220; custom_margin_tablet=&#8220;||5%||false|false&#8220; custom_margin_phone=&#8220;||5%||false|false&#8220; custom_margin_last_edited=&#8220;on|phone&#8220; animation_direction=&#8220;left&#8220; hover_enabled=&#8220;0&#8243; global_colors_info=&#8220;{}&#8220; sticky_enabled=&#8220;0&#8243;][\/et_pb_image][\/et_pb_column][et_pb_column type=&#8220;3_4&#8243; specialty_columns=&#8220;3&#8243; _builder_version=&#8220;4.16&#8243; custom_padding=&#8220;|||&#8220; global_colors_info=&#8220;{}&#8220; custom_padding__hover=&#8220;|||&#8220;][et_pb_row_inner _builder_version=&#8220;4.27.4&#8243; _module_preset=&#8220;default&#8220; global_colors_info=&#8220;{}&#8220;][et_pb_column_inner saved_specialty_column_type=&#8220;3_4&#8243; _builder_version=&#8220;4.27.4&#8243; _module_preset=&#8220;default&#8220;][et_pb_text _builder_version=&#8220;4.27.4&#8243; _module_preset=&#8220;default&#8220; header_2_font_size=&#8220;30px&#8220; text_orientation=&#8220;justified&#8220; background_layout=&#8220;dark&#8220; text_orientation_tablet=&#8220;center&#8220; text_orientation_phone=&#8220;center&#8220; text_orientation_last_edited=&#8220;on|tablet&#8220; global_colors_info=&#8220;{}&#8220;]<\/p>\n<h1>META Suche Verbindungen<\/h1>\n<h2>META ist keine Werbung. Es ist ein strategisches Werkzeug. <\/h2>\n<p>Wir bringen Ihre Tarife genau dorthin, wo G\u00e4ste suchen &#8211; und bringen Sie mit nur einem Klick ins Rampenlicht von Google Hotel Ads &amp; Trivago.<\/p>\n<p>Mit unserem fein abgestimmten Gebotsmanagement und dem scharfen Fokus auf die Leistungs\u00fcberwachung steuern Sie Ihre Meta-Suchkampagnen m\u00fchelos &#8211; pr\u00e4zise wie ein Schweizer Uhrwerk, effektiv wie nie zuvor.<\/p>\n<p>[\/et_pb_text][\/et_pb_column_inner][\/et_pb_row_inner][et_pb_row_inner column_structure=&#8220;1_3,1_3,1_3&#8243; _builder_version=&#8220;4.27.4&#8243; _module_preset=&#8220;default&#8220; animation_direction=&#8220;bottom&#8220; hover_enabled=&#8220;0&#8243; global_colors_info=&#8220;{}&#8220; sticky_enabled=&#8220;0&#8243;][et_pb_column_inner type=&#8220;1_3&#8243; saved_specialty_column_type=&#8220;3_4&#8243; _builder_version=&#8220;4.27.4&#8243; _module_preset=&#8220;default&#8220;][et_pb_button button_url=&#8220;https:\/\/www.hotel-spider.com\/de\/demo\/&#8220; button_text=&#8220;Siehe Demo&#8220; button_alignment=&#8220;left&#8220; button_alignment_tablet=&#8220;center&#8220; button_alignment_phone=&#8220;center&#8220; button_alignment_last_edited=&#8220;on|desktop&#8220; _builder_version=&#8220;4.27.4&#8243; _module_preset=&#8220;default&#8220; global_module=&#8220;987610828&#8243; saved_tabs=&#8220;all&#8220; global_colors_info=&#8220;{}&#8220;][\/et_pb_button][\/et_pb_column_inner][et_pb_column_inner type=&#8220;1_3&#8243; saved_specialty_column_type=&#8220;3_4&#8243; _builder_version=&#8220;4.27.4&#8243; _module_preset=&#8220;default&#8220;][et_pb_button button_url=&#8220;https:\/\/www.hotel-spider.com\/de\/kontakt\/&#8220; button_text=&#8220;Kontakt&#8220; button_alignment=&#8220;center&#8220; _builder_version=&#8220;4.27.4&#8243; _module_preset=&#8220;default&#8220; global_module=&#8220;8167&#8243; saved_tabs=&#8220;all&#8220; global_colors_info=&#8220;{}&#8220;][\/et_pb_button][\/et_pb_column_inner][et_pb_column_inner type=&#8220;1_3&#8243; saved_specialty_column_type=&#8220;3_4&#8243; _builder_version=&#8220;4.27.4&#8243; _module_preset=&#8220;default&#8220;][\/et_pb_column_inner][\/et_pb_row_inner][\/et_pb_column][\/et_pb_section][et_pb_section fb_built=&#8220;1&#8243; _builder_version=&#8220;4.27.4&#8243; _module_preset=&#8220;default&#8220; background_color=&#8220;RGBA(255,255,255,0)&#8220; z_index=&#8220;1&#8243; custom_padding=&#8220;||1%||false|false&#8220; sticky_position=&#8220;top&#8220; sticky_offset_top=&#8220;50px&#8220; sticky_limit_bottom=&#8220;body&#8220; locked=&#8220;off&#8220; global_colors_info=&#8220;{}&#8220;][et_pb_row column_structure=&#8220;1_2,1_2&#8243; make_equal=&#8220;on&#8220; _builder_version=&#8220;4.27.4&#8243; _module_preset=&#8220;default&#8220; background_color=&#8220;#FFFFFF&#8220; custom_padding=&#8220;1%|2%|2%|2%|false|true&#8220; sticky_limit_bottom=&#8220;body&#8220; border_radii=&#8220;on|10px|10px|10px|10px&#8220; global_colors_info=&#8220;{}&#8220;][et_pb_column type=&#8220;1_2&#8243; _builder_version=&#8220;4.27.4&#8243; _module_preset=&#8220;default&#8220; custom_padding=&#8220;4%||||false|false&#8220; global_colors_info=&#8220;{}&#8220;][et_pb_text _builder_version=&#8220;4.27.4&#8243; _module_preset=&#8220;default&#8220; header_3_text_align=&#8220;left&#8220; text_orientation=&#8220;justified&#8220; global_colors_info=&#8220;{}&#8220;]<\/p>\n<h3>Mehr Direktbuchungen, weniger Umwege:<\/h3>\n<p>Maximieren Sie Ihre Sichtbarkeit genau dort, wo Buchungsentscheidungen getroffen werden &#8211; und machen Sie Suchende zu G\u00e4sten, ohne Zwischenstopps.<\/p>\n<p>Technologie, die heute mitdenkt &#8211; und morgen w\u00e4chst. Bleiben Sie der Zeit voraus mit einer Plattform, die nicht nur mitdenkt, sondern sich auch mit Ihnen weiterentwickelt. <\/p>\n<p>[\/et_pb_text][\/et_pb_column][et_pb_column type=&#8220;1_2&#8243; _builder_version=&#8220;4.27.4&#8243; _module_preset=&#8220;default&#8220; global_colors_info=&#8220;{}&#8220;][et_pb_text admin_label=&#8220;Text 1&#8243; _builder_version=&#8220;4.27.4&#8243; _module_preset=&#8220;default&#8220; text_font=&#8220;Gilroy-Bold-Local||||||||&#8220; text_text_color=&#8220;#FAAA55&#8243; text_font_size=&#8220;36px&#8220; text_orientation=&#8220;center&#8220; max_width=&#8220;7%&#8220; module_alignment=&#8220;right&#8220; custom_padding=&#8220;5px|2px|1px||false|false&#8220; border_radii=&#8220;on|10px|10px|10px|10px&#8220; border_width_all=&#8220;3px&#8220; border_color_all=&#8220;#FAAA55&#8243; global_colors_info=&#8220;{}&#8220;]<\/p>\n<p>1<\/p>\n<p>[\/et_pb_text][et_pb_image src=&#8220;https:\/\/www.hotel-spider.com\/wp-content\/uploads\/2025\/07\/Hotel-Spider-META-01.jpg&#8220; title_text=&#8220;Hotel-Spinne-META-01&#8243; force_fullwidth=&#8220;on&#8220; _builder_version=&#8220;4.27.4&#8243; _module_preset=&#8220;default&#8220; global_colors_info=&#8220;{}&#8220;][\/et_pb_image][\/et_pb_column][\/et_pb_row][\/et_pb_section][et_pb_section fb_built=&#8220;1&#8243; _builder_version=&#8220;4.27.4&#8243; _module_preset=&#8220;default&#8220; background_color=&#8220;RGBA(255,255,255,0)&#8220; z_index=&#8220;2&#8243; custom_padding=&#8220;||1%||false|false&#8220; sticky_position=&#8220;top&#8220; sticky_offset_top=&#8220;150px&#8220; sticky_limit_bottom=&#8220;body&#8220; sticky_offset_surrounding=&#8220;off&#8220; locked=&#8220;off&#8220; global_colors_info=&#8220;{}&#8220;][et_pb_row column_structure=&#8220;1_2,1_2&#8243; make_equal=&#8220;on&#8220; _builder_version=&#8220;4.27.4&#8243; _module_preset=&#8220;default&#8220; background_color=&#8220;#FFFFFF&#8220; custom_padding=&#8220;1%|2%|2%|2%|false|true&#8220; sticky_limit_top=&#8220;section&#8220; sticky_limit_bottom=&#8220;body&#8220; border_radii=&#8220;on|10px|10px|10px|10px&#8220; global_colors_info=&#8220;{}&#8220;][et_pb_column type=&#8220;1_2&#8243; _builder_version=&#8220;4.27.4&#8243; _module_preset=&#8220;default&#8220; custom_padding=&#8220;4%||||false|false&#8220; global_colors_info=&#8220;{}&#8220;][et_pb_text _builder_version=&#8220;4.27.4&#8243; _module_preset=&#8220;default&#8220; header_3_text_align=&#8220;left&#8220; text_orientation=&#8220;justified&#8220; global_colors_info=&#8220;{}&#8220;]<\/p>\n<h3>Dank st\u00e4ndiger Weiterentwicklung und technischer Innovation sind Sie nicht nur vorbereitet &#8211; Sie sind voraus: f\u00fcr maximale Leistung bei der Metasuche.<\/h3>\n<ul>\n<li>Risikofreies Paket: keine Buchungen, keine Kosten<\/li>\n<li>Leistungsorientiertes Management: Wir messen, analysieren und optimieren &#8211; und konzentrieren uns dabei auf Ihren tats\u00e4chlichen Umsatz.<\/li>\n<li>Keine Standardl\u00f6sungen, sondern eine auf Ihre M\u00e4rkte und Jahreszeiten zugeschnittene META-Logik<\/li>\n<li>Automatisierte Optimierung: Reagiert in Echtzeit auf Marktver\u00e4nderungen<\/li>\n<\/ul>\n<p>[\/et_pb_text][\/et_pb_column][et_pb_column type=&#8220;1_2&#8243; _builder_version=&#8220;4.27.4&#8243; _module_preset=&#8220;default&#8220; global_colors_info=&#8220;{}&#8220;][et_pb_text admin_label=&#8220;Text 2&#8243; _builder_version=&#8220;4.27.4&#8243; _module_preset=&#8220;default&#8220; text_font=&#8220;Gilroy-Bold-Local||||||||&#8220; text_text_color=&#8220;#FAAA55&#8243; text_font_size=&#8220;36px&#8220; text_orientation=&#8220;center&#8220; max_width=&#8220;7%&#8220; module_alignment=&#8220;right&#8220; custom_padding=&#8220;5px|2px|1px||false|false&#8220; border_radii=&#8220;on|10px|10px|10px|10px&#8220; border_width_all=&#8220;3px&#8220; border_color_all=&#8220;#FAAA55&#8243; global_colors_info=&#8220;{}&#8220;]<\/p>\n<p>2<\/p>\n<p>[\/et_pb_text][et_pb_image src=&#8220;https:\/\/www.hotel-spider.com\/wp-content\/uploads\/2025\/07\/Meta-II.png&#8220; title_text=&#8220;Meta-II&#8220; force_fullwidth=&#8220;on&#8220; _builder_version=&#8220;4.27.4&#8243; _module_preset=&#8220;default&#8220; global_colors_info=&#8220;{}&#8220;][\/et_pb_image][\/et_pb_column][\/et_pb_row][\/et_pb_section][et_pb_section fb_built=&#8220;1&#8243; _builder_version=&#8220;4.27.4&#8243; _module_preset=&#8220;default&#8220; background_color=&#8220;RGBA(255,255,255,0)&#8220; z_index=&#8220;3&#8243; sticky_position=&#8220;top&#8220; sticky_offset_top=&#8220;150px&#8220; sticky_limit_bottom=&#8220;body&#8220; sticky_offset_surrounding=&#8220;off&#8220; sticky_transition=&#8220;off&#8220; locked=&#8220;off&#8220; global_colors_info=&#8220;{}&#8220;][et_pb_row column_structure=&#8220;1_2,1_2&#8243; make_equal=&#8220;on&#8220; _builder_version=&#8220;4.27.4&#8243; _module_preset=&#8220;default&#8220; background_color=&#8220;#FFFFFF&#8220; min_height=&#8220;877px&#8220; custom_padding=&#8220;1%|2%|2%|2%|false|true&#8220; sticky_limit_bottom=&#8220;body&#8220; border_radii=&#8220;on|10px|10px|10px|10px&#8220; global_colors_info=&#8220;{}&#8220;][et_pb_column type=&#8220;1_2&#8243; _builder_version=&#8220;4.27.4&#8243; _module_preset=&#8220;default&#8220; custom_padding=&#8220;4%||||false|false&#8220; global_colors_info=&#8220;{}&#8220;][et_pb_text _builder_version=&#8220;4.27.4&#8243; _module_preset=&#8220;default&#8220; header_3_text_align=&#8220;left&#8220; text_orientation=&#8220;justified&#8220; global_colors_info=&#8220;{}&#8220;]<\/p>\n<h3>META-Marketing ist kein Seitenkanal.<\/h3>\n<p>Es ist ein zentraler Hebel f\u00fcr Ihren Verkaufserfolg.<br \/>Nutzen Sie es intelligent &#8211; wir unterst\u00fctzen Sie bei jedem Schritt.<\/p>\n<p>[\/et_pb_text][\/et_pb_column][et_pb_column type=&#8220;1_2&#8243; _builder_version=&#8220;4.27.4&#8243; _module_preset=&#8220;default&#8220; global_colors_info=&#8220;{}&#8220;][et_pb_text admin_label=&#8220;Text 3&#8243; _builder_version=&#8220;4.27.4&#8243; _module_preset=&#8220;default&#8220; text_font=&#8220;Gilroy-Bold-Local||||||||&#8220; text_text_color=&#8220;#FAAA55&#8243; text_font_size=&#8220;36px&#8220; text_orientation=&#8220;center&#8220; max_width=&#8220;7%&#8220; module_alignment=&#8220;right&#8220; custom_padding=&#8220;5px|2px|1px||false|false&#8220; border_radii=&#8220;on|10px|10px|10px|10px&#8220; border_width_all=&#8220;3px&#8220; border_color_all=&#8220;#FAAA55&#8243; global_colors_info=&#8220;{}&#8220;]<\/p>\n<p>3<\/p>\n<p>[\/et_pb_text][et_pb_image src=&#8220;https:\/\/www.hotel-spider.com\/wp-content\/uploads\/2025\/07\/META-EN.png&#8220; title_text=&#8220;META-EN&#8220; force_fullwidth=&#8220;on&#8220; _builder_version=&#8220;4.27.4&#8243; _module_preset=&#8220;default&#8220; global_colors_info=&#8220;{}&#8220;][\/et_pb_image][\/et_pb_column][\/et_pb_row][\/et_pb_section][et_pb_section fb_built=&#8220;1&#8243; _builder_version=&#8220;4.27.4&#8243; _module_preset=&#8220;default&#8220; background_image=&#8220;https:\/\/www.hotel-spider.com\/wp-content\/uploads\/2025\/06\/Hotel-Spider-BG-Stars.jpg&#8220; z_index=&#8220;458&#8243; custom_margin=&#8220;5%||5%||false|false&#8220; sticky_limit_top=&#8220;body&#8220; global_colors_info=&#8220;{}&#8220;][et_pb_row column_structure=&#8220;3_5,1_5,1_5&#8243; use_custom_gutter=&#8220;on&#8220; make_equal=&#8220;on&#8220; _builder_version=&#8220;4.27.4&#8243; _module_preset=&#8220;default&#8220; global_colors_info=&#8220;{}&#8220;][et_pb_column type=&#8220;3_5&#8243; _builder_version=&#8220;4.27.4&#8243; _module_preset=&#8220;default&#8220;][et_pb_text _builder_version=&#8220;4.27.4&#8243; _module_preset=&#8220;default&#8220; background_layout=&#8220;dark&#8220; text_orientation_tablet=&#8220;center&#8220; text_orientation_phone=&#8220;center&#8220; text_orientation_last_edited=&#8220;on|tablet&#8220; global_colors_info=&#8220;{}&#8220;]<\/p>\n<h2>Buchen Sie Ihr kostenloses META-Audit<\/h2>\n<p>[\/et_pb_text][\/et_pb_column][et_pb_column type=&#8220;1_5&#8243; _builder_version=&#8220;4.27.4&#8243; _module_preset=&#8220;default&#8220;][et_pb_button button_url=&#8220;https:\/\/www.hotel-spider.com\/de\/demo-buchen\/&#8220; button_text=&#8220;Demo buchen&#8220; button_alignment=&#8220;center&#8220; _builder_version=&#8220;4.27.4&#8243; _module_preset=&#8220;default&#8220; animation_style=&#8220;slide&#8220; animation_direction=&#8220;left&#8220; animation_duration=&#8220;800ms&#8220; global_module=&#8220;8153&#8243; saved_tabs=&#8220;all&#8220; global_colors_info=&#8220;{}&#8220;][\/et_pb_button][\/et_pb_column][et_pb_column type=&#8220;1_5&#8243; _builder_version=&#8220;4.27.4&#8243; _module_preset=&#8220;default&#8220;][et_pb_button button_url=&#8220;https:\/\/www.hotel-spider.com\/de\/kontakt\/&#8220; button_text=&#8220;Kontakt&#8220; button_alignment=&#8220;center&#8220; _builder_version=&#8220;4.27.4&#8243; _module_preset=&#8220;default&#8220; animation_style=&#8220;slide&#8220; animation_direction=&#8220;left&#8220; animation_duration=&#8220;800ms&#8220; animation_delay=&#8220;200ms&#8220; global_module=&#8220;8167&#8243; saved_tabs=&#8220;all&#8220; global_colors_info=&#8220;{}&#8220;][\/et_pb_button][\/et_pb_column][\/et_pb_row][\/et_pb_section]<\/p>\n","protected":false},"excerpt":{"rendered":"<p>META Suche Verbindungen META ist keine Werbung. Es ist ein strategisches Werkzeug. Wir bringen Ihre Tarife genau dorthin, wo G\u00e4ste suchen &#8211; und bringen Sie mit nur einem Klick ins Rampenlicht von Google Hotel Ads &amp; Trivago. Mit unserem fein abgestimmten Gebotsmanagement und dem scharfen Fokus auf die Leistungs\u00fcberwachung steuern Sie Ihre Meta-Suchkampagnen m\u00fchelos &#8211; [&hellip;]<\/p>\n","protected":false},"author":2,"featured_media":0,"parent":987611845,"menu_order":0,"comment_status":"closed","ping_status":"closed","template":"","meta":{"_et_pb_use_builder":"on","_et_pb_old_content":"","_et_gb_content_width":"","footnotes":""},"class_list":["post-987612126","page","type-page","status-publish","hentry"],"_links":{"self":[{"href":"https:\/\/www.hotel-spider.com\/de\/wp-json\/wp\/v2\/pages\/987612126","targetHints":{"allow":["GET"]}}],"collection":[{"href":"https:\/\/www.hotel-spider.com\/de\/wp-json\/wp\/v2\/pages"}],"about":[{"href":"https:\/\/www.hotel-spider.com\/de\/wp-json\/wp\/v2\/types\/page"}],"author":[{"embeddable":true,"href":"https:\/\/www.hotel-spider.com\/de\/wp-json\/wp\/v2\/users\/2"}],"replies":[{"embeddable":true,"href":"https:\/\/www.hotel-spider.com\/de\/wp-json\/wp\/v2\/comments?post=987612126"}],"version-history":[{"count":8,"href":"https:\/\/www.hotel-spider.com\/de\/wp-json\/wp\/v2\/pages\/987612126\/revisions"}],"predecessor-version":[{"id":987612509,"href":"https:\/\/www.hotel-spider.com\/de\/wp-json\/wp\/v2\/pages\/987612126\/revisions\/987612509"}],"up":[{"embeddable":true,"href":"https:\/\/www.hotel-spider.com\/de\/wp-json\/wp\/v2\/pages\/987611845"}],"wp:attachment":[{"href":"https:\/\/www.hotel-spider.com\/de\/wp-json\/wp\/v2\/media?parent=987612126"}],"curies":[{"name":"wp","href":"https:\/\/api.w.org\/{rel}","templated":true}]}}