{"id":987612282,"date":"2025-07-17T00:55:58","date_gmt":"2025-07-16T22:55:58","guid":{"rendered":"https:\/\/www.hotel-spider.com\/siehe\/"},"modified":"2025-08-06T09:06:36","modified_gmt":"2025-08-06T07:06:36","slug":"siehe","status":"publish","type":"page","link":"https:\/\/www.hotel-spider.com\/de\/siehe\/","title":{"rendered":"Siehe"},"content":{"rendered":"<p>[et_pb_section fb_built=&#8220;1&#8243; _builder_version=&#8220;4.27.4&#8243; _module_preset=&#8220;default&#8220; background_color=&#8220;RGBA(255,255,255,0)&#8220; locked=&#8220;off&#8220; global_colors_info=&#8220;{}&#8220;][et_pb_row use_custom_gutter=&#8220;on&#8220; gutter_width=&#8220;1&#8243; make_equal=&#8220;on&#8220; _builder_version=&#8220;4.27.4&#8243; _module_preset=&#8220;default&#8220; width_last_edited=&#8220;off|desktop&#8220; global_colors_info=&#8220;{}&#8220;][et_pb_column type=&#8220;4_4&#8243; _builder_version=&#8220;4.27.4&#8243; _module_preset=&#8220;default&#8220; global_colors_info=&#8220;{}&#8220;][et_pb_heading title=&#8220;Empfehlen Sie uns &#8211; profitieren Sie gemeinsam!&#8220; _builder_version=&#8220;4.27.4&#8243; _module_preset=&#8220;default&#8220; title_text_color=&#8220;#FFFFFF&#8220; global_colors_info=&#8220;{}&#8220;][\/et_pb_heading][et_pb_text _builder_version=&#8220;4.27.4&#8243; _module_preset=&#8220;default&#8220; header_2_font_size=&#8220;30px&#8220; background_layout=&#8220;dark&#8220; global_colors_info=&#8220;{}&#8220;]<\/p>\n<h2>Ihr Empfehlungsvorteil mit Hotel-Spider<\/h2>\n<p>Als Partner von Hotel-Spider stehen Sie in direktem und regelm\u00e4\u00dfigem Kontakt mit Hotels, die von einem zuverl\u00e4ssigen Channel Manager profitieren k\u00f6nnten.<\/p>\n<p>Warum nutzen Sie nicht die Gelegenheit, uns ins Spiel zu bringen und selbst davon zu profitieren? Empfehlen Sie uns, und wir danken es Ihnen mit einer Pr\u00e4mie von 200 \u20ac \/ CHF. Auf eine Partnerschaft, die sich sehen lassen kann!  <\/p>\n<p>[\/et_pb_text][\/et_pb_column][\/et_pb_row][\/et_pb_section][et_pb_section fb_built=&#8220;1&#8243; _builder_version=&#8220;4.27.4&#8243; _module_preset=&#8220;default&#8220; background_color=&#8220;RGBA(255,255,255,0)&#8220; custom_padding=&#8220;0px||||false|false&#8220; global_colors_info=&#8220;{}&#8220;][et_pb_row _builder_version=&#8220;4.27.4&#8243; _module_preset=&#8220;default&#8220; global_colors_info=&#8220;{}&#8220;][et_pb_column type=&#8220;4_4&#8243; _builder_version=&#8220;4.27.4&#8243; _module_preset=&#8220;default&#8220; global_colors_info=&#8220;{}&#8220;][et_pb_text _builder_version=&#8220;4.27.4&#8243; _module_preset=&#8220;default&#8220; text_orientation=&#8220;justified&#8220; background_layout=&#8220;dark&#8220; global_colors_info=&#8220;{}&#8220;]<\/p>\n<h3>Wie es funktioniert:<\/h3>\n<p>Wenn Sie einen bestehenden Kunden oder Kontakt an Hotel-Spider verweisen und ein unterzeichneter Vertrag folgt, k\u00f6nnen Sie zwischen zwei Verg\u00fctungsmodellen w\u00e4hlen:<\/p>\n<p>[\/et_pb_text][\/et_pb_column][\/et_pb_row][et_pb_row column_structure=&#8220;1_2,1_2&#8243; make_equal=&#8220;on&#8220; _builder_version=&#8220;4.27.4&#8243; _module_preset=&#8220;default&#8220; global_colors_info=&#8220;{}&#8220;][et_pb_column type=&#8220;1_2&#8243; _builder_version=&#8220;4.27.4&#8243; _module_preset=&#8220;default&#8220; background_color=&#8220;#FFFFFF&#8220; custom_padding=&#8220;2%|2%|2%|2%|true|true&#8220; border_radii=&#8220;on|10px|10px|10px|10px&#8220; global_colors_info=&#8220;{}&#8220;][et_pb_text _builder_version=&#8220;4.27.4&#8243; _module_preset=&#8220;default&#8220; text_orientation=&#8220;justified&#8220; global_colors_info=&#8220;{}&#8220;]<\/p>\n<h4>Einmaliger Empfehlungsbonus:<\/h4>\n<p>Sie erhalten eine Pr\u00e4mie von \u20ac \/ CHF 200 pro Immobilie, sobald der Vertrag unterzeichnet ist.<\/p>\n<p>[\/et_pb_text][\/et_pb_column][et_pb_column type=&#8220;1_2&#8243; _builder_version=&#8220;4.27.4&#8243; _module_preset=&#8220;default&#8220; background_color=&#8220;#FFFFFF&#8220; custom_padding=&#8220;2%|2%|2%|2%|true|true&#8220; border_radii=&#8220;on|10px|10px|10px|10px&#8220; global_colors_info=&#8220;{}&#8220;][et_pb_text _builder_version=&#8220;4.27.4&#8243; _module_preset=&#8220;default&#8220; text_orientation=&#8220;justified&#8220; global_colors_info=&#8220;{}&#8220;]<\/p>\n<h4>Laufende Kommission:<\/h4>\n<p>Verdienen Sie eine wiederkehrende Provision von 15% auf die monatlichen Einnahmen, solange der Kunde aktiv bleibt.<\/p>\n<p>[\/et_pb_text][\/et_pb_column][\/et_pb_row][et_pb_row _builder_version=&#8220;4.27.4&#8243; _module_preset=&#8220;default&#8220; global_colors_info=&#8220;{}&#8220;][et_pb_column type=&#8220;4_4&#8243; _builder_version=&#8220;4.27.4&#8243; _module_preset=&#8220;default&#8220; global_colors_info=&#8220;{}&#8220;][et_pb_text _builder_version=&#8220;4.27.4&#8243; _module_preset=&#8220;default&#8220; text_orientation=&#8220;justified&#8220; background_layout=&#8220;dark&#8220; global_colors_info=&#8220;{}&#8220;]<\/p>\n<h2>Geben Sie jetzt eine Empfehlung ab und wachsen Sie zusammen.<\/h2>\n<p>Wenn Sie Fragen haben oder weitere Informationen ben\u00f6tigen, stehen wir Ihnen gerne zur Verf\u00fcgung.<\/p>\n<p><strong>Hotel-Spider &#8211; Ihr Partner f\u00fcr intelligente Gastfreundschaft.<\/strong><\/p>\n<p>[\/et_pb_text][\/et_pb_column][\/et_pb_row][\/et_pb_section][et_pb_section fb_built=&#8220;1&#8243; _builder_version=&#8220;4.27.4&#8243; _module_preset=&#8220;default&#8220; background_color=&#8220;RGBA(255,255,255,0)&#8220; locked=&#8220;off&#8220; global_colors_info=&#8220;{}&#8220;][et_pb_row _builder_version=&#8220;4.27.4&#8243; _module_preset=&#8220;default&#8220; global_colors_info=&#8220;{}&#8220;][et_pb_column type=&#8220;4_4&#8243; _builder_version=&#8220;4.27.4&#8243; _module_preset=&#8220;default&#8220; global_colors_info=&#8220;{}&#8220;][et_pb_contact_form captcha=&#8220;off&#8220; email=&#8220;christin.geissler@hotel-spider.com&#8220; title=&#8220;Bitte f\u00fcllen Sie das Formular aus, um ein Hotel an uns zu vermitteln.&#8220; custom_message=&#8220;Sehr geehrtes Hotel Spider Team,||et_pb_line_break_holder||||et_pb_line_break_holder||eine Empfehlung wurde \u00fcber die Website eingereicht. Hier sind die wichtigsten Details:||et_pb_line_break_holder||||et_pb_line_break_holder||Ihr Name: %%IhrName%%|et_pb_line_break_holder||Firmenname: %%Firmenname%||et_pb_line_break_holder||E-Mail: %%Email%||et_pb_line_break_holder||Name des empfohlenen Hotels\/Kontaktes: %%HotelName%%||et_pb_line_break_holder||Haben Sie bereits eine Beziehung zu diesem Kontakt?: %%Beziehung%%||et_pb_line_break_holder||Bevorzugtes Verg\u00fctungsmodell: %%Modell%%||et_pb_line_break_holder||Zus\u00e4tzliche Kommentare oder Fragen: %%Mitteilung%%||et_pb_line_break_holder||DSGVO: %%DSGVO%%&#8220; use_redirect=&#8220;on&#8220; redirect_url=&#8220;https:\/\/www.hotel-spider.com\/de\/vielen-dank-fuer-ihre-empfehlung\/&#8220; success_message=&#8220;Vielen Dank f\u00fcr Ihre Empfehlung! Wir melden uns bei Ihnen, sobald der Vertrag abgeschlossen ist. &#8220; submit_button_text=&#8220;senden.&#8220; _builder_version=&#8220;4.27.4&#8243; _module_preset=&#8220;default&#8220; _unique_id=&#8220;c8e20fc5-9d86-4a05-a998-1e9f8fc077bc&#8220; form_field_background_color=&#8220;rgba(9,21,73,0.8)&#8220; form_field_text_color=&#8220;#FAAA55&#8243; form_field_focus_background_color=&#8220;#FAAA55&#8243; form_field_focus_text_color=&#8220;#282934&#8243; title_level=&#8220;h2&#8243; title_text_color=&#8220;#FFFFFF&#8220; form_field_font_size=&#8220;19px&#8220; animation_style=&#8220;zoom&#8220; animation_duration=&#8220;800ms&#8220; animation_intensity_zoom=&#8220;20%&#8220; hover_enabled=&#8220;0&#8243; custom_css_main_element=&#8220;}||.et_pb_contact_field_options_wrapper {||  color: #fff;&#8220; border_radii=&#8220;on|5px|5px|5px|5px&#8220; border_width_all=&#8220;2px&#8220; border_color_all=&#8220;#FAAA55&#8243; global_colors_info=&#8220;{}&#8220; sticky_enabled=&#8220;0&#8243;][et_pb_contact_field field_id=&#8220;YourName&#8220; field_title=&#8220;Ihr Name*&#8220; _builder_version=&#8220;4.27.4&#8243; global_colors_info=&#8220;{}&#8220; button_text_size__hover_enabled=&#8220;off&#8220; button_one_text_size__hover_enabled=&#8220;off&#8220; button_two_text_size__hover_enabled=&#8220;off&#8220; button_text_color__hover_enabled=&#8220;off&#8220; button_one_text_color__hover_enabled=&#8220;off&#8220; button_two_text_color__hover_enabled=&#8220;off&#8220; button_border_width__hover_enabled=&#8220;off&#8220; button_one_border_width__hover_enabled=&#8220;off&#8220; button_two_border_width__hover_enabled=&#8220;off&#8220; button_border_color__hover_enabled=&#8220;off&#8220; button_one_border_color__hover_enabled=&#8220;off&#8220; button_two_border_color__hover_enabled=&#8220;off&#8220; button_border_radius__hover_enabled=&#8220;off&#8220; button_one_border_radius__hover_enabled=&#8220;off&#8220; button_two_border_radius__hover_enabled=&#8220;off&#8220; button_letter_spacing__hover_enabled=&#8220;off&#8220; button_one_letter_spacing__hover_enabled=&#8220;off&#8220; button_two_letter_spacing__hover_enabled=&#8220;off&#8220; button_bg_color__hover_enabled=&#8220;off&#8220; button_one_bg_color__hover_enabled=&#8220;off&#8220; button_two_bg_color__hover_enabled=&#8220;off&#8220;][\/et_pb_contact_field][et_pb_contact_field field_id=&#8220;CompanyName&#8220; field_title=&#8220;Name des Unternehmens*&#8220; _builder_version=&#8220;4.27.4&#8243; global_colors_info=&#8220;{}&#8220; button_text_size__hover_enabled=&#8220;off&#8220; button_one_text_size__hover_enabled=&#8220;off&#8220; button_two_text_size__hover_enabled=&#8220;off&#8220; button_text_color__hover_enabled=&#8220;off&#8220; button_one_text_color__hover_enabled=&#8220;off&#8220; button_two_text_color__hover_enabled=&#8220;off&#8220; button_border_width__hover_enabled=&#8220;off&#8220; button_one_border_width__hover_enabled=&#8220;off&#8220; button_two_border_width__hover_enabled=&#8220;off&#8220; button_border_color__hover_enabled=&#8220;off&#8220; button_one_border_color__hover_enabled=&#8220;off&#8220; button_two_border_color__hover_enabled=&#8220;off&#8220; button_border_radius__hover_enabled=&#8220;off&#8220; button_one_border_radius__hover_enabled=&#8220;off&#8220; button_two_border_radius__hover_enabled=&#8220;off&#8220; button_letter_spacing__hover_enabled=&#8220;off&#8220; button_one_letter_spacing__hover_enabled=&#8220;off&#8220; button_two_letter_spacing__hover_enabled=&#8220;off&#8220; button_bg_color__hover_enabled=&#8220;off&#8220; button_one_bg_color__hover_enabled=&#8220;off&#8220; button_two_bg_color__hover_enabled=&#8220;off&#8220;][\/et_pb_contact_field][et_pb_contact_field field_id=&#8220;Email&#8220; field_title=&#8220;Ihre E-Mail Adresse*&#8220; field_type=&#8220;email&#8220; _builder_version=&#8220;4.27.4&#8243; global_colors_info=&#8220;{}&#8220; button_text_size__hover_enabled=&#8220;off&#8220; button_one_text_size__hover_enabled=&#8220;off&#8220; button_two_text_size__hover_enabled=&#8220;off&#8220; button_text_color__hover_enabled=&#8220;off&#8220; button_one_text_color__hover_enabled=&#8220;off&#8220; button_two_text_color__hover_enabled=&#8220;off&#8220; button_border_width__hover_enabled=&#8220;off&#8220; button_one_border_width__hover_enabled=&#8220;off&#8220; button_two_border_width__hover_enabled=&#8220;off&#8220; button_border_color__hover_enabled=&#8220;off&#8220; button_one_border_color__hover_enabled=&#8220;off&#8220; button_two_border_color__hover_enabled=&#8220;off&#8220; button_border_radius__hover_enabled=&#8220;off&#8220; button_one_border_radius__hover_enabled=&#8220;off&#8220; button_two_border_radius__hover_enabled=&#8220;off&#8220; button_letter_spacing__hover_enabled=&#8220;off&#8220; button_one_letter_spacing__hover_enabled=&#8220;off&#8220; button_two_letter_spacing__hover_enabled=&#8220;off&#8220; button_bg_color__hover_enabled=&#8220;off&#8220; button_one_bg_color__hover_enabled=&#8220;off&#8220; button_two_bg_color__hover_enabled=&#8220;off&#8220;][\/et_pb_contact_field][et_pb_contact_field field_id=&#8220;HotelName&#8220; field_title=&#8220;Name des empfohlenen Hotels\/Kontaktes*&#8220; _builder_version=&#8220;4.27.4&#8243; _module_preset=&#8220;default&#8220; global_colors_info=&#8220;{}&#8220;][\/et_pb_contact_field][et_pb_contact_field field_id=&#8220;relationship&#8220; field_title=&#8220;Besteht eine Beziehung zwischen Ihnen und diesem Kontakt?*&#8220; field_type=&#8220;radio&#8220; radio_options=&#8220;%91{%22value%22:%22Ja%22,%22checked%22:0,%22dragID%22:-1},{%22value%22:%22Nein%22,%22checked%22:0,%22dragID%22:0}%93&#8243; _builder_version=&#8220;4.27.4&#8243; _module_preset=&#8220;default&#8220; global_colors_info=&#8220;{}&#8220;][\/et_pb_contact_field][et_pb_contact_field field_id=&#8220;Model&#8220; field_title=&#8220;Bevorzugtes Verg\u00fctungsmodell*&#8220; field_type=&#8220;radio&#8220; radio_options=&#8220;%91{%22value%22:%22\u20ac %92\/ CHF 200 Einmaliger Bonus%22,%22checked%22:0,%22dragID%22:-1},{%22value%22:%22Prozentsatz des Vertragswerts (wiederkehrende Provision)%22,%22checked%22:0,%22dragID%22:0}%93&#8243; _builder_version=&#8220;4.27.4&#8243; _module_preset=&#8220;default&#8220; global_colors_info=&#8220;{}&#8220;][\/et_pb_contact_field][et_pb_contact_field field_id=&#8220;message&#8220; field_title=&#8220;Zus\u00e4tzliche Kommentare oder Fragen&#8220; field_type=&#8220;text&#8220; required_mark=&#8220;off&#8220; fullwidth_field=&#8220;on&#8220; _builder_version=&#8220;4.27.4&#8243; _module_preset=&#8220;default&#8220; global_colors_info=&#8220;{}&#8220;][\/et_pb_contact_field][et_pb_contact_field field_id=&#8220;DSGVO&#8220; field_title=&#8220;Hinweis: Bitte lesen Sie vor dem Absenden die Datenschutzbestimmungen.&#8220; field_type=&#8220;checkbox&#8220; checkbox_options=&#8220;%91{%22value%22:%22Datenschutzbestimmungen gelesen und akzeptiert.*  %22,%22checked%22:0,%22dragID%22:-1,%22link_url%22:%22%92\/privacy-policy%92\/%22,%22link_text%22:%22Datenschutzbestimmungen ansehen.%22}%93&#8243; fullwidth_field=&#8220;on&#8220; _builder_version=&#8220;4.27.4&#8243; _module_preset=&#8220;default&#8220; form_field_text_color=&#8220;#FFFFFF&#8220; hover_enabled=&#8220;0&#8243; global_colors_info=&#8220;{}&#8220; sticky_enabled=&#8220;0&#8243;][\/et_pb_contact_field][\/et_pb_contact_form][\/et_pb_column][\/et_pb_row][\/et_pb_section]<\/p>\n","protected":false},"excerpt":{"rendered":"<p>Ihr Empfehlungsvorteil mit Hotel-Spider Als Partner von Hotel-Spider stehen Sie in direktem und regelm\u00e4\u00dfigem Kontakt mit Hotels, die von einem zuverl\u00e4ssigen Channel Manager profitieren k\u00f6nnten. Warum nutzen Sie nicht die Gelegenheit, uns ins Spiel zu bringen und selbst davon zu profitieren? Empfehlen Sie uns, und wir danken es Ihnen mit einer Pr\u00e4mie von 200 \u20ac [&hellip;]<\/p>\n","protected":false},"author":2,"featured_media":0,"parent":0,"menu_order":0,"comment_status":"closed","ping_status":"closed","template":"","meta":{"_et_pb_use_builder":"on","_et_pb_old_content":"","_et_gb_content_width":"","footnotes":""},"class_list":["post-987612282","page","type-page","status-publish","hentry"],"_links":{"self":[{"href":"https:\/\/www.hotel-spider.com\/de\/wp-json\/wp\/v2\/pages\/987612282","targetHints":{"allow":["GET"]}}],"collection":[{"href":"https:\/\/www.hotel-spider.com\/de\/wp-json\/wp\/v2\/pages"}],"about":[{"href":"https:\/\/www.hotel-spider.com\/de\/wp-json\/wp\/v2\/types\/page"}],"author":[{"embeddable":true,"href":"https:\/\/www.hotel-spider.com\/de\/wp-json\/wp\/v2\/users\/2"}],"replies":[{"embeddable":true,"href":"https:\/\/www.hotel-spider.com\/de\/wp-json\/wp\/v2\/comments?post=987612282"}],"version-history":[{"count":6,"href":"https:\/\/www.hotel-spider.com\/de\/wp-json\/wp\/v2\/pages\/987612282\/revisions"}],"predecessor-version":[{"id":987612314,"href":"https:\/\/www.hotel-spider.com\/de\/wp-json\/wp\/v2\/pages\/987612282\/revisions\/987612314"}],"wp:attachment":[{"href":"https:\/\/www.hotel-spider.com\/de\/wp-json\/wp\/v2\/media?parent=987612282"}],"curies":[{"name":"wp","href":"https:\/\/api.w.org\/{rel}","templated":true}]}}