{"id":987611795,"date":"2025-06-25T21:19:08","date_gmt":"2025-06-25T19:19:08","guid":{"rendered":"https:\/\/www.hotel-spider.com\/ideas-y-conocimientos\/"},"modified":"2025-08-06T08:59:43","modified_gmt":"2025-08-06T06:59:43","slug":"ideas-y-conocimientos","status":"publish","type":"page","link":"https:\/\/www.hotel-spider.com\/es\/ideas-y-conocimientos\/","title":{"rendered":"Ideas y conocimientos"},"content":{"rendered":"<p>[et_pb_section fb_built=\u00bb1&#8243; _builder_version=\u00bb4.27.4&#8243; _module_preset=\u00bbdefault\u00bb background_color=\u00bbRGBA(255,255,255,0)\u00bb locked=\u00bboff\u00bb global_colors_info=\u00bb{}\u00bb][et_pb_row make_equal=\u00bbon\u00bb _builder_version=\u00bb4.27.4&#8243; _module_preset=\u00bbdefault\u00bb global_colors_info=\u00bb{}\u00bb][et_pb_column type=\u00bb4_4&#8243; _builder_version=\u00bb4.27.4&#8243; _module_preset=\u00bbdefault\u00bb][et_pb_post_title meta=\u00bboff\u00bb featured_image=\u00bboff\u00bb text_color=\u00bblight\u00bb _builder_version=\u00bb4.27.4&#8243; _module_preset=\u00bbdefault\u00bb global_colors_info=\u00bb{}\u00bb][\/et_pb_post_title][\/et_pb_column][\/et_pb_row][\/et_pb_section][et_pb_section fb_built=\u00bb1&#8243; _builder_version=\u00bb4.27.4&#8243; _module_preset=\u00bbdefault\u00bb background_color=\u00bbRGBA(255,255,255,0)\u00bb global_colors_info=\u00bb{}\u00bb][et_pb_row _builder_version=\u00bb4.27.4&#8243; _module_preset=\u00bbdefault\u00bb global_colors_info=\u00bb{}\u00bb][et_pb_column type=\u00bb4_4&#8243; _builder_version=\u00bb4.27.4&#8243; _module_preset=\u00bbdefault\u00bb][et_pb_tabs active_tab_background_color=\u00bb#FAAA55&#8243; inactive_tab_background_color=\u00bbRGBA(255,255,255,0)\u00bb active_tab_text_color=\u00bb#FFFFFF\u00bb _builder_version=\u00bb4.27.4&#8243; _module_preset=\u00bbdefault\u00bb tab_text_color=\u00bb#FAAA55&#8243; body_text_color=\u00bb#FFFFFF\u00bb tab_font=\u00bbGilroy-Medium-local||||||||\u00bb tab_font_size=\u00bb19px\u00bb background_color=\u00bbRGBA(255,255,255,0)\u00bb custom_padding=\u00bb|0px||0px|false|false\u00bb tab_font_size_tablet=\u00bb16px\u00bb tab_font_size_phone=\u00bb16px\u00bb tab_font_size_last_edited=\u00bbon|phone\u00bb tab_line_height_tablet=\u00bb2em\u00bb tab_line_height_phone=\u00bb2em\u00bb tab_line_height_last_edited=\u00bbon|phone\u00bb custom_css_tabs_controls=\u00bb}||ul.et_pb_tabs_controls {||  background-color: rgba(255,255,255,0) !important;||  ||}||ul.et_pb_tabs_controls::after {||  border-top: none;||||\/*ul.et_pb_tabs_controls::after {||  border-top: 1px solid #faaa55;||  top: 0px;*\/||  ||}||    .et_pb_tabs_controls li {||  float: left;||  border: 1px solid #faaa55;||}||||.et_pb_tabs_controls li:not(.et_pb_tab_active):last-child {||  border-right: 1px solid #faaa55;||||}||h2.not-found-title {||  color: #ffffff;\u00bb border_style_all=\u00bbnone\u00bb global_colors_info=\u00bb{}\u00bb inactive_tab_background_color__hover_enabled=\u00bbon|desktop\u00bb inactive_tab_background_color__hover=\u00bb#FAAA55&#8243; active_tab_text_color__hover_enabled=\u00bbon|desktop\u00bb tab_text_color__hover_enabled=\u00bbon|desktop\u00bb tab_text_color__hover=\u00bb#282934&#8243; active_tab_text_color__hover=\u00bb#FFFFFF\u00bb][et_pb_tab title=\u00bbTodos\u00bb _builder_version=\u00bb4.27.4&#8243; _module_preset=\u00bbdefault\u00bb custom_padding=\u00bb||||false|false\u00bb global_colors_info=\u00bb{}\u00bb]<\/p>\n<p>&nbsp;<\/p>\n[et_pb_section global_module=\"8073\"][\/et_pb_section]\n<p>[\/et_pb_tab][et_pb_tab title=\u00bbEventos\u00bb _builder_version=\u00bb4.27.4&#8243; _module_preset=\u00bbdefault\u00bb global_colors_info=\u00bb{}\u00bb]<\/p>\n[et_pb_section global_module=\"8074\"][\/et_pb_section]\n<p>[\/et_pb_tab][et_pb_tab title=\u00bbHotel-Tech\u00bb _builder_version=\u00bb4.27.4&#8243; _module_preset=\u00bbdefault\u00bb global_colors_info=\u00bb{}\u00bb]&nbsp;<br \/>\n[et_pb_section global_module=\"8075\"][\/et_pb_section][\/et_pb_tab][et_pb_tab title=\u00bbCaracter\u00edsticas\u00bb _builder_version=\u00bb4.27.4&#8243; _module_preset=\u00bbdefault\u00bb global_colors_info=\u00bb{}\u00bb]&nbsp;<br \/>\n[et_pb_section global_module=\"8076\"][\/et_pb_section][\/et_pb_tab][et_pb_tab title=\u00bbGDS\u00bb _builder_version=\u00bb4.27.4&#8243; _module_preset=\u00bbdefault\u00bb global_colors_info=\u00bb{}\u00bb]&nbsp;<br \/>\n[et_pb_section global_module=\"8081\"][\/et_pb_section][\/et_pb_tab][\/et_pb_tabs][\/et_pb_column][\/et_pb_row][\/et_pb_section]<\/p>\n","protected":false},"excerpt":{"rendered":"<p>&nbsp; <div class=\"et_pb_module et_pb_blog_0 dt-blog-equal-height et_pb_blog_grid_wrapper et_pb_bg_layout_light\">\n\t\t\t\t\t<div class=\"et_pb_blog_grid clearfix \">\n\t\t\t\t\t\n\t\t\t\t\t\n\t\t\t\t\t\n\t\t\t\t\t\n\t\t\t\t\t<div class=\"et_pb_ajax_pagination_container\">\n\t\t\t\t\t\t<div class=\"entry\">\n\t<h2 class=\"not-found-title\">No se encontraron resultados<\/h2>\n\t<p>La p\u00e1gina solicitada no pudo encontrarse. Trate de perfeccionar su b\u00fasqueda o utilice la navegaci\u00f3n para localizar la entrada.<\/p>\n<\/div>\n\n\t\t\t\t\t<\/div>\n\t\t\t\t\t<\/div> \n\t\t\t\t<\/div><div class=\"et_pb_module et_pb_blog_1 dt-blog-equal-height et_pb_blog_grid_wrapper et_pb_bg_layout_light\">\n\t\t\t\t\t<div class=\"et_pb_blog_grid clearfix \">\n\t\t\t\t\t\n\t\t\t\t\t\n\t\t\t\t\t\n\t\t\t\t\t\n\t\t\t\t\t<div class=\"et_pb_ajax_pagination_container\">\n\t\t\t\t\t\t<div class=\"entry\">\n\t<h2 class=\"not-found-title\">No se encontraron resultados<\/h2>\n\t<p>La p\u00e1gina solicitada no pudo encontrarse. Trate de perfeccionar su b\u00fasqueda o utilice la navegaci\u00f3n para localizar la entrada.<\/p>\n<\/div>\n\n\t\t\t\t\t<\/div>\n\t\t\t\t\t<\/div> \n\t\t\t\t<\/div>&nbsp; <div class=\"et_pb_module et_pb_blog_2 dt-blog-equal-height et_pb_blog_grid_wrapper et_pb_bg_layout_light\">\n\t\t\t\t\t<div class=\"et_pb_blog_grid clearfix \">\n\t\t\t\t\t\n\t\t\t\t\t\n\t\t\t\t\t\n\t\t\t\t\t\n\t\t\t\t\t<div class=\"et_pb_ajax_pagination_container\">\n\t\t\t\t\t\t<div class=\"entry\">\n\t<h2 class=\"not-found-title\">No se encontraron resultados<\/h2>\n\t<p>La p\u00e1gina solicitada no pudo encontrarse. Trate de perfeccionar su b\u00fasqueda o utilice la navegaci\u00f3n para localizar la entrada.<\/p>\n<\/div>\n\n\t\t\t\t\t<\/div>\n\t\t\t\t\t<\/div> \n\t\t\t\t<\/div>&nbsp; <div class=\"et_pb_module et_pb_blog_3 dt-blog-equal-height et_pb_blog_grid_wrapper et_pb_bg_layout_light\">\n\t\t\t\t\t<div class=\"et_pb_blog_grid clearfix \">\n\t\t\t\t\t\n\t\t\t\t\t\n\t\t\t\t\t\n\t\t\t\t\t\n\t\t\t\t\t<div class=\"et_pb_ajax_pagination_container\">\n\t\t\t\t\t\t<div class=\"entry\">\n\t<h2 class=\"not-found-title\">No se encontraron resultados<\/h2>\n\t<p>La p\u00e1gina solicitada no pudo encontrarse. Trate de perfeccionar su b\u00fasqueda o utilice la navegaci\u00f3n para localizar la entrada.<\/p>\n<\/div>\n\n\t\t\t\t\t<\/div>\n\t\t\t\t\t<\/div> \n\t\t\t\t<\/div>&nbsp; <div class=\"et_pb_module et_pb_blog_4 dt-blog-equal-height et_pb_blog_grid_wrapper et_pb_bg_layout_light\">\n\t\t\t\t\t<div class=\"et_pb_blog_grid clearfix \">\n\t\t\t\t\t\n\t\t\t\t\t\n\t\t\t\t\t\n\t\t\t\t\t\n\t\t\t\t\t<div class=\"et_pb_ajax_pagination_container\">\n\t\t\t\t\t\t<div class=\"entry\">\n\t<h2 class=\"not-found-title\">No se encontraron resultados<\/h2>\n\t<p>La p\u00e1gina solicitada no pudo encontrarse. Trate de perfeccionar su b\u00fasqueda o utilice la navegaci\u00f3n para localizar la entrada.<\/p>\n<\/div>\n\n\t\t\t\t\t<\/div>\n\t\t\t\t\t<\/div> \n\t\t\t\t<\/div><\/p>\n","protected":false},"author":2,"featured_media":0,"parent":0,"menu_order":0,"comment_status":"closed","ping_status":"closed","template":"","meta":{"_et_pb_use_builder":"on","_et_pb_old_content":"","_et_gb_content_width":"","footnotes":""},"class_list":["post-987611795","page","type-page","status-publish","hentry"],"_links":{"self":[{"href":"https:\/\/www.hotel-spider.com\/es\/wp-json\/wp\/v2\/pages\/987611795","targetHints":{"allow":["GET"]}}],"collection":[{"href":"https:\/\/www.hotel-spider.com\/es\/wp-json\/wp\/v2\/pages"}],"about":[{"href":"https:\/\/www.hotel-spider.com\/es\/wp-json\/wp\/v2\/types\/page"}],"author":[{"embeddable":true,"href":"https:\/\/www.hotel-spider.com\/es\/wp-json\/wp\/v2\/users\/2"}],"replies":[{"embeddable":true,"href":"https:\/\/www.hotel-spider.com\/es\/wp-json\/wp\/v2\/comments?post=987611795"}],"version-history":[{"count":10,"href":"https:\/\/www.hotel-spider.com\/es\/wp-json\/wp\/v2\/pages\/987611795\/revisions"}],"predecessor-version":[{"id":987611834,"href":"https:\/\/www.hotel-spider.com\/es\/wp-json\/wp\/v2\/pages\/987611795\/revisions\/987611834"}],"wp:attachment":[{"href":"https:\/\/www.hotel-spider.com\/es\/wp-json\/wp\/v2\/media?parent=987611795"}],"curies":[{"name":"wp","href":"https:\/\/api.w.org\/{rel}","templated":true}]}}