{"id":987612025,"date":"2025-07-14T11:11:31","date_gmt":"2025-07-14T09:11:31","guid":{"rendered":"https:\/\/www.hotel-spider.com\/soluciones\/gds-sistemas-de-distribucion-global\/"},"modified":"2025-08-07T10:00:01","modified_gmt":"2025-08-07T08:00:01","slug":"gds-sistemas-de-distribucion-global","status":"publish","type":"page","link":"https:\/\/www.hotel-spider.com\/es\/soluciones\/gds-sistemas-de-distribucion-global\/","title":{"rendered":"GDS &#8211; Sistemas de Distribuci\u00f3n Global"},"content":{"rendered":"<p>[et_pb_section fb_built=\u00bb1&#8243; use_custom_gutter=\u00bbon\u00bb specialty=\u00bbon\u00bb _builder_version=\u00bb4.27.4&#8243; _module_preset=\u00bbdefault\u00bb background_color=\u00bbRGBA(255,255,255,0)\u00bb custom_margin_tablet=\u00bb\u00bb custom_margin_phone=\u00bb\u00bb custom_margin_last_edited=\u00bbon|desktop\u00bb custom_padding=\u00bb||0px||false|false\u00bb global_colors_info=\u00bb{}\u00bb][et_pb_column type=\u00bb1_4&#8243; _builder_version=\u00bb4.16&#8243; custom_padding=\u00bb|||\u00bb custom_padding__hover=\u00bb|||\u00bb][et_pb_image src=\u00bbhttps:\/\/www.hotel-spider.com\/wp-content\/uploads\/2025\/07\/2025-07-04_Hotel-Spider-Icons-color-yellow-orange_200x200_GDS.png\u00bb title_text=\u00bb2025-07-04_Hotel-Spider-Icons-color-yellow-orange_200x200_GDS\u00bb align_tablet=\u00bbcenter\u00bb align_phone=\u00bbcenter\u00bb align_last_edited=\u00bbon|desktop\u00bb _builder_version=\u00bb4.27.4&#8243; _module_preset=\u00bbdefault\u00bb width_tablet=\u00bb25%\u00bb width_phone=\u00bb30%\u00bb width_last_edited=\u00bbon|phone\u00bb custom_margin_tablet=\u00bb||5%||false|false\u00bb custom_margin_phone=\u00bb||5%||false|false\u00bb custom_margin_last_edited=\u00bbon|phone\u00bb animation_direction=\u00bbleft\u00bb hover_enabled=\u00bb0&#8243; global_colors_info=\u00bb{}\u00bb sticky_enabled=\u00bb0&#8243;][\/et_pb_image][\/et_pb_column][et_pb_column type=\u00bb3_4&#8243; specialty_columns=\u00bb3&#8243; _builder_version=\u00bb4.16&#8243; custom_padding=\u00bb|||\u00bb global_colors_info=\u00bb{}\u00bb custom_padding__hover=\u00bb|||\u00bb][et_pb_row_inner _builder_version=\u00bb4.27.4&#8243; _module_preset=\u00bbdefault\u00bb global_colors_info=\u00bb{}\u00bb][et_pb_column_inner saved_specialty_column_type=\u00bb3_4&#8243; _builder_version=\u00bb4.27.4&#8243; _module_preset=\u00bbdefault\u00bb][et_pb_text _builder_version=\u00bb4.27.4&#8243; _module_preset=\u00bbdefault\u00bb header_2_font_size=\u00bb30px\u00bb text_orientation=\u00bbjustified\u00bb background_layout=\u00bbdark\u00bb text_orientation_tablet=\u00bbcenter\u00bb text_orientation_phone=\u00bbcenter\u00bb text_orientation_last_edited=\u00bbon|tablet\u00bb global_colors_info=\u00bb{}\u00bb]<\/p>\n<h1>GDS &#8211; Sistemas de Distribuci\u00f3n Global<\/h1>\n<h2>S\u00e9 visible all\u00ed donde se generan ingresos. El alcance no es una coincidencia, es una elecci\u00f3n. <\/h2>\n<p>Posiciona tu hotel donde lo miran quienes toman las decisiones. Con Hotel-Spider, tu hotel aparece exactamente donde toman las decisiones de reserva a diario millones de viajeros de negocios y de ocio: en los principales Sistemas de Distribuci\u00f3n Global (GDS) como Amadeus, Sabre, Travelport, Galileo y Worldspan. <\/p>\n<p>[\/et_pb_text][\/et_pb_column_inner][\/et_pb_row_inner][et_pb_row_inner column_structure=\u00bb1_3,1_3,1_3&#8243; _builder_version=\u00bb4.27.4&#8243; _module_preset=\u00bbdefault\u00bb animation_direction=\u00bbbottom\u00bb hover_enabled=\u00bb0&#8243; global_colors_info=\u00bb{}\u00bb sticky_enabled=\u00bb0&#8243;][et_pb_column_inner type=\u00bb1_3&#8243; saved_specialty_column_type=\u00bb3_4&#8243; _builder_version=\u00bb4.27.4&#8243; _module_preset=\u00bbdefault\u00bb][et_pb_button button_url=\u00bbhttps:\/\/www.hotel-spider.com\/es\/demo\/\u00bb button_text=\u00bbVer demostraci\u00f3n\u00bb button_alignment=\u00bbleft\u00bb button_alignment_tablet=\u00bbcenter\u00bb button_alignment_phone=\u00bbcenter\u00bb button_alignment_last_edited=\u00bbon|desktop\u00bb _builder_version=\u00bb4.27.4&#8243; _module_preset=\u00bbdefault\u00bb global_module=\u00bb987610828&#8243; saved_tabs=\u00bball\u00bb global_colors_info=\u00bb{}\u00bb][\/et_pb_button][\/et_pb_column_inner][et_pb_column_inner type=\u00bb1_3&#8243; saved_specialty_column_type=\u00bb3_4&#8243; _builder_version=\u00bb4.27.4&#8243; _module_preset=\u00bbdefault\u00bb][et_pb_button button_url=\u00bbhttps:\/\/www.hotel-spider.com\/es\/ponte-en-contacto-con\/\u00bb button_text=\u00bbPonte en contacto con\u00bb button_alignment=\u00bbcenter\u00bb _builder_version=\u00bb4.27.4&#8243; _module_preset=\u00bbdefault\u00bb global_module=\u00bb8167&#8243; saved_tabs=\u00bball\u00bb global_colors_info=\u00bb{}\u00bb][\/et_pb_button][\/et_pb_column_inner][et_pb_column_inner type=\u00bb1_3&#8243; saved_specialty_column_type=\u00bb3_4&#8243; _builder_version=\u00bb4.27.4&#8243; _module_preset=\u00bbdefault\u00bb][\/et_pb_column_inner][\/et_pb_row_inner][\/et_pb_column][\/et_pb_section][et_pb_section fb_built=\u00bb1&#8243; _builder_version=\u00bb4.27.4&#8243; _module_preset=\u00bbdefault\u00bb background_color=\u00bbRGBA(255,255,255,0)\u00bb z_index=\u00bb1&#8243; custom_padding=\u00bb||1%||false|false\u00bb sticky_position=\u00bbtop\u00bb sticky_offset_top=\u00bb50px\u00bb sticky_limit_bottom=\u00bbbody\u00bb global_colors_info=\u00bb{}\u00bb][et_pb_row column_structure=\u00bb1_2,1_2&#8243; make_equal=\u00bbon\u00bb _builder_version=\u00bb4.27.4&#8243; _module_preset=\u00bbdefault\u00bb background_color=\u00bb#FFFFFF\u00bb custom_padding=\u00bb1%|2%|2%|2%|false|true\u00bb sticky_limit_bottom=\u00bbbody\u00bb border_radii=\u00bbon|10px|10px|10px|10px\u00bb global_colors_info=\u00bb{}\u00bb][et_pb_column type=\u00bb1_2&#8243; _builder_version=\u00bb4.27.4&#8243; _module_preset=\u00bbdefault\u00bb custom_padding=\u00bb4%||||false|false\u00bb global_colors_info=\u00bb{}\u00bb][et_pb_text _builder_version=\u00bb4.27.4&#8243; _module_preset=\u00bbdefault\u00bb header_3_text_align=\u00bbleft\u00bb text_orientation=\u00bbjustified\u00bb global_colors_info=\u00bb{}\u00bb]<\/p>\n<h3>El alcance no es una coincidencia: es una elecci\u00f3n.<\/h3>\n<p><strong>Sin magia. S\u00f3lo estrategia. Por qu\u00e9 el GDS permite las reservas all\u00ed donde se producen:  <\/strong><\/p>\n<ul>\n<li>Tus habitaciones se reservan mejor cuando las empresas pueden encontrarlas.<\/li>\n<li>La visibilidad en un nicho es buena, pero la visibilidad global es mejor.<\/li>\n<li>Los viajeros de negocios no buscan en Booking.com o Expedia<\/li>\n<li>El alcance no es s\u00f3lo una palabra de moda: se puede medir.<\/li>\n<\/ul>\n<p>[\/et_pb_text][\/et_pb_column][et_pb_column type=\u00bb1_2&#8243; _builder_version=\u00bb4.27.4&#8243; _module_preset=\u00bbdefault\u00bb global_colors_info=\u00bb{}\u00bb][et_pb_text admin_label=\u00bbText 1&#8243; _builder_version=\u00bb4.27.4&#8243; _module_preset=\u00bbdefault\u00bb text_font=\u00bbGilroy-Bold-Local||||||||\u00bb text_text_color=\u00bb#FAAA55&#8243; text_font_size=\u00bb36px\u00bb text_orientation=\u00bbcenter\u00bb max_width=\u00bb7%\u00bb module_alignment=\u00bbright\u00bb custom_padding=\u00bb5px|2px|1px||false|false\u00bb border_radii=\u00bbon|10px|10px|10px|10px\u00bb border_width_all=\u00bb3px\u00bb border_color_all=\u00bb#FAAA55&#8243; global_colors_info=\u00bb{}\u00bb]<\/p>\n<p>1<\/p>\n<p>[\/et_pb_text][et_pb_image src=\u00bbhttps:\/\/www.hotel-spider.com\/wp-content\/uploads\/2025\/07\/Hotel-Spider-GDS.jpg\u00bb title_text=\u00bbHotel-Spider-GDS\u00bb force_fullwidth=\u00bbon\u00bb _builder_version=\u00bb4.27.4&#8243; _module_preset=\u00bbdefault\u00bb global_colors_info=\u00bb{}\u00bb][\/et_pb_image][\/et_pb_column][\/et_pb_row][\/et_pb_section][et_pb_section fb_built=\u00bb1&#8243; _builder_version=\u00bb4.27.4&#8243; _module_preset=\u00bbdefault\u00bb background_color=\u00bbRGBA(255,255,255,0)\u00bb z_index=\u00bb2&#8243; custom_padding=\u00bb||1%||false|false\u00bb sticky_position=\u00bbtop\u00bb sticky_offset_top=\u00bb150px\u00bb sticky_limit_bottom=\u00bbbody\u00bb sticky_offset_surrounding=\u00bboff\u00bb global_colors_info=\u00bb{}\u00bb][et_pb_row column_structure=\u00bb3_5,2_5&#8243; make_equal=\u00bbon\u00bb _builder_version=\u00bb4.27.4&#8243; _module_preset=\u00bbdefault\u00bb background_color=\u00bb#FFFFFF\u00bb min_height=\u00bb867px\u00bb custom_padding=\u00bb1%|2%|2%|2%|false|true\u00bb sticky_limit_top=\u00bbsection\u00bb sticky_limit_bottom=\u00bbbody\u00bb border_radii=\u00bbon|10px|10px|10px|10px\u00bb global_colors_info=\u00bb{}\u00bb][et_pb_column type=\u00bb3_5&#8243; _builder_version=\u00bb4.27.4&#8243; _module_preset=\u00bbdefault\u00bb custom_padding=\u00bb4%||||false|false\u00bb global_colors_info=\u00bb{}\u00bb][et_pb_text _builder_version=\u00bb4.27.4&#8243; _module_preset=\u00bbdefault\u00bb header_3_text_align=\u00bbleft\u00bb text_orientation=\u00bbjustified\u00bb global_colors_info=\u00bb{}\u00bb]<\/p>\n<h2>GDS para hoteles de ocio &#8211; D\u00e9jate ver donde empiezan las vacaciones<\/h2>\n<p><strong>\u00bfPor qu\u00e9 s\u00f3lo te encuentran cuando alguien te busca?<\/strong><\/p>\n<p>Con la conectividad GDS, posicionas tu hotel donde las agencias de viajes internacionales dise\u00f1an vacaciones de ensue\u00f1o, ofreciendo precisamente tu regi\u00f3n. Ya sea un complejo alpino, un hotel boutique urbano o una villa en la playa: con Hotel-Spider, tu hotel se puede reservar en todo el mundo, no s\u00f3lo en l\u00ednea, sino directamente a trav\u00e9s de operadores tur\u00edsticos, planificadores de eventos y especialistas en viajes de ocio. <\/p>\n<p>[\/et_pb_text][\/et_pb_column][et_pb_column type=\u00bb2_5&#8243; _builder_version=\u00bb4.27.4&#8243; _module_preset=\u00bbdefault\u00bb global_colors_info=\u00bb{}\u00bb][et_pb_text admin_label=\u00bbText 2&#8243; _builder_version=\u00bb4.27.4&#8243; _module_preset=\u00bbdefault\u00bb text_font=\u00bbGilroy-Bold-Local||||||||\u00bb text_text_color=\u00bb#FAAA55&#8243; text_font_size=\u00bb36px\u00bb text_orientation=\u00bbcenter\u00bb max_width=\u00bb7%\u00bb module_alignment=\u00bbright\u00bb custom_padding=\u00bb5px|2px|1px||false|false\u00bb border_radii=\u00bbon|10px|10px|10px|10px\u00bb border_width_all=\u00bb3px\u00bb border_color_all=\u00bb#FAAA55&#8243; global_colors_info=\u00bb{}\u00bb]<\/p>\n<p>2<\/p>\n<p>[\/et_pb_text][et_pb_image src=\u00bbhttps:\/\/www.hotel-spider.com\/wp-content\/uploads\/2025\/07\/Hotel-Spider-GDS-Leisure.jpg\u00bb title_text=\u00bbHotel-Spider-GDS-Ocio\u00bb force_fullwidth=\u00bbon\u00bb _builder_version=\u00bb4.27.4&#8243; _module_preset=\u00bbdefault\u00bb global_colors_info=\u00bb{}\u00bb][\/et_pb_image][\/et_pb_column][\/et_pb_row][\/et_pb_section][et_pb_section fb_built=\u00bb1&#8243; _builder_version=\u00bb4.27.4&#8243; _module_preset=\u00bbdefault\u00bb background_color=\u00bbRGBA(255,255,255,0)\u00bb z_index=\u00bb3&#8243; sticky_position=\u00bbtop\u00bb sticky_offset_top=\u00bb150px\u00bb sticky_limit_bottom=\u00bbbody\u00bb sticky_offset_surrounding=\u00bboff\u00bb sticky_transition=\u00bboff\u00bb global_colors_info=\u00bb{}\u00bb][et_pb_row column_structure=\u00bb3_5,2_5&#8243; make_equal=\u00bbon\u00bb _builder_version=\u00bb4.27.4&#8243; _module_preset=\u00bbdefault\u00bb background_color=\u00bb#FFFFFF\u00bb min_height=\u00bb867px\u00bb custom_padding=\u00bb1%|2%|2%|2%|false|true\u00bb sticky_limit_bottom=\u00bbbody\u00bb border_radii=\u00bbon|10px|10px|10px|10px\u00bb global_colors_info=\u00bb{}\u00bb][et_pb_column type=\u00bb3_5&#8243; _builder_version=\u00bb4.27.4&#8243; _module_preset=\u00bbdefault\u00bb custom_padding=\u00bb4%||||false|false\u00bb global_colors_info=\u00bb{}\u00bb][et_pb_text _builder_version=\u00bb4.27.4&#8243; _module_preset=\u00bbdefault\u00bb header_3_text_align=\u00bbleft\u00bb text_orientation=\u00bbjustified\u00bb global_colors_info=\u00bb{}\u00bb]<\/p>\n<h2>GDS para clientes corporativos &#8211; Tu atajo hacia el viajero de negocios<\/h2>\n<p>\u00bfD\u00f3nde reservan las empresas sus viajes? No en las OTA, sino a trav\u00e9s de empresas de gesti\u00f3n de viajes, agencias y sistemas de reservas conectados directamente a las principales plataformas GDS. Con Hotel-Spider, tu hotel gana visibilidad global ante clientes corporativos, viajeros de negocios y responsables de la toma de decisiones, exactamente donde las pol\u00edticas de viajes determinan qui\u00e9n se aloja d\u00f3nde y c\u00f3mo se hacen las reservas.  <\/p>\n<p>[\/et_pb_text][\/et_pb_column][et_pb_column type=\u00bb2_5&#8243; _builder_version=\u00bb4.27.4&#8243; _module_preset=\u00bbdefault\u00bb global_colors_info=\u00bb{}\u00bb][et_pb_text admin_label=\u00bbText 3&#8243; _builder_version=\u00bb4.27.4&#8243; _module_preset=\u00bbdefault\u00bb text_font=\u00bbGilroy-Bold-Local||||||||\u00bb text_text_color=\u00bb#FAAA55&#8243; text_font_size=\u00bb36px\u00bb text_orientation=\u00bbcenter\u00bb max_width=\u00bb7%\u00bb module_alignment=\u00bbright\u00bb custom_padding=\u00bb5px|2px|1px||false|false\u00bb border_radii=\u00bbon|10px|10px|10px|10px\u00bb border_width_all=\u00bb3px\u00bb border_color_all=\u00bb#FAAA55&#8243; global_colors_info=\u00bb{}\u00bb]<\/p>\n<p>3<\/p>\n<p>[\/et_pb_text][et_pb_image src=\u00bbhttps:\/\/www.hotel-spider.com\/wp-content\/uploads\/2025\/07\/Hotel-Spider-GDS-business.jpg\u00bb title_text=\u00bbHotel-Spider-GDS-negocio\u00bb force_fullwidth=\u00bbon\u00bb _builder_version=\u00bb4.27.4&#8243; _module_preset=\u00bbdefault\u00bb global_colors_info=\u00bb{}\u00bb][\/et_pb_image][\/et_pb_column][\/et_pb_row][\/et_pb_section][et_pb_section fb_built=\u00bb1&#8243; _builder_version=\u00bb4.27.4&#8243; _module_preset=\u00bbdefault\u00bb background_image=\u00bbhttps:\/\/www.hotel-spider.com\/wp-content\/uploads\/2025\/06\/Hotel-Spider-BG-Stars.jpg\u00bb z_index=\u00bb458&#8243; custom_margin=\u00bb5%||5%||false|false\u00bb sticky_limit_top=\u00bbbody\u00bb global_colors_info=\u00bb{}\u00bb][et_pb_row column_structure=\u00bb3_5,1_5,1_5&#8243; use_custom_gutter=\u00bbon\u00bb make_equal=\u00bbon\u00bb _builder_version=\u00bb4.27.4&#8243; _module_preset=\u00bbdefault\u00bb sticky_limit_top=\u00bbsection\u00bb sticky_limit_bottom=\u00bbsection\u00bb global_colors_info=\u00bb{}\u00bb][et_pb_column type=\u00bb3_5&#8243; _builder_version=\u00bb4.27.4&#8243; _module_preset=\u00bbdefault\u00bb][et_pb_text _builder_version=\u00bb4.27.4&#8243; _module_preset=\u00bbdefault\u00bb background_layout=\u00bbdark\u00bb text_orientation_tablet=\u00bbcenter\u00bb text_orientation_phone=\u00bbcenter\u00bb text_orientation_last_edited=\u00bbon|tablet\u00bb global_colors_info=\u00bb{}\u00bb]<\/p>\n<h2>Te hacemos reservable &#8211; en todo el mundo. Tu perfil GDS, configurado profesionalmente. <\/h2>\n<p>[\/et_pb_text][\/et_pb_column][et_pb_column type=\u00bb1_5&#8243; _builder_version=\u00bb4.27.4&#8243; _module_preset=\u00bbdefault\u00bb][et_pb_button button_url=\u00bbhttps:\/\/www.hotel-spider.com\/es\/demostracion-del-libro\/\u00bb button_text=\u00bbDemostraci\u00f3n del libro\u00bb button_alignment=\u00bbcenter\u00bb _builder_version=\u00bb4.27.4&#8243; _module_preset=\u00bbdefault\u00bb animation_style=\u00bbslide\u00bb animation_direction=\u00bbleft\u00bb animation_duration=\u00bb800ms\u00bb global_module=\u00bb8153&#8243; saved_tabs=\u00bball\u00bb global_colors_info=\u00bb{}\u00bb][\/et_pb_button][\/et_pb_column][et_pb_column type=\u00bb1_5&#8243; _builder_version=\u00bb4.27.4&#8243; _module_preset=\u00bbdefault\u00bb][et_pb_button button_url=\u00bbhttps:\/\/www.hotel-spider.com\/es\/ponte-en-contacto-con\/\u00bb button_text=\u00bbPonte en contacto con\u00bb button_alignment=\u00bbcenter\u00bb _builder_version=\u00bb4.27.4&#8243; _module_preset=\u00bbdefault\u00bb animation_style=\u00bbslide\u00bb animation_direction=\u00bbleft\u00bb animation_duration=\u00bb800ms\u00bb animation_delay=\u00bb200ms\u00bb global_module=\u00bb8167&#8243; saved_tabs=\u00bball\u00bb global_colors_info=\u00bb{}\u00bb][\/et_pb_button][\/et_pb_column][\/et_pb_row][\/et_pb_section]<\/p>\n","protected":false},"excerpt":{"rendered":"<p>GDS &#8211; Sistemas de Distribuci\u00f3n Global S\u00e9 visible all\u00ed donde se generan ingresos. El alcance no es una coincidencia, es una elecci\u00f3n. Posiciona tu hotel donde lo miran quienes toman las decisiones. Con Hotel-Spider, tu hotel aparece exactamente donde toman las decisiones de reserva a diario millones de viajeros de negocios y de ocio: en [&hellip;]<\/p>\n","protected":false},"author":2,"featured_media":0,"parent":987611796,"menu_order":0,"comment_status":"closed","ping_status":"closed","template":"","meta":{"_et_pb_use_builder":"on","_et_pb_old_content":"","_et_gb_content_width":"","footnotes":""},"class_list":["post-987612025","page","type-page","status-publish","hentry"],"_links":{"self":[{"href":"https:\/\/www.hotel-spider.com\/es\/wp-json\/wp\/v2\/pages\/987612025","targetHints":{"allow":["GET"]}}],"collection":[{"href":"https:\/\/www.hotel-spider.com\/es\/wp-json\/wp\/v2\/pages"}],"about":[{"href":"https:\/\/www.hotel-spider.com\/es\/wp-json\/wp\/v2\/types\/page"}],"author":[{"embeddable":true,"href":"https:\/\/www.hotel-spider.com\/es\/wp-json\/wp\/v2\/users\/2"}],"replies":[{"embeddable":true,"href":"https:\/\/www.hotel-spider.com\/es\/wp-json\/wp\/v2\/comments?post=987612025"}],"version-history":[{"count":14,"href":"https:\/\/www.hotel-spider.com\/es\/wp-json\/wp\/v2\/pages\/987612025\/revisions"}],"predecessor-version":[{"id":987612487,"href":"https:\/\/www.hotel-spider.com\/es\/wp-json\/wp\/v2\/pages\/987612025\/revisions\/987612487"}],"up":[{"embeddable":true,"href":"https:\/\/www.hotel-spider.com\/es\/wp-json\/wp\/v2\/pages\/987611796"}],"wp:attachment":[{"href":"https:\/\/www.hotel-spider.com\/es\/wp-json\/wp\/v2\/media?parent=987612025"}],"curies":[{"name":"wp","href":"https:\/\/api.w.org\/{rel}","templated":true}]}}