{"id":987612095,"date":"2025-07-14T12:17:46","date_gmt":"2025-07-14T10:17:46","guid":{"rendered":"https:\/\/www.hotel-spider.com\/soluciones\/conexiones-de-metabusqueda\/"},"modified":"2025-08-07T10:01:18","modified_gmt":"2025-08-07T08:01:18","slug":"conexiones-de-metabusqueda","status":"publish","type":"page","link":"https:\/\/www.hotel-spider.com\/es\/soluciones\/conexiones-de-metabusqueda\/","title":{"rendered":"Conexiones de metab\u00fasqueda"},"content":{"rendered":"<p>[et_pb_section fb_built=\u00bb1&#8243; use_custom_gutter=\u00bbon\u00bb specialty=\u00bbon\u00bb _builder_version=\u00bb4.27.4&#8243; _module_preset=\u00bbdefault\u00bb background_color=\u00bbRGBA(255,255,255,0)\u00bb custom_margin_tablet=\u00bb\u00bb custom_margin_phone=\u00bb\u00bb custom_margin_last_edited=\u00bbon|desktop\u00bb global_colors_info=\u00bb{}\u00bb][et_pb_column type=\u00bb1_4&#8243; _builder_version=\u00bb4.16&#8243; custom_padding=\u00bb|||\u00bb custom_padding__hover=\u00bb|||\u00bb][et_pb_image src=\u00bbhttps:\/\/www.hotel-spider.com\/wp-content\/uploads\/2025\/07\/2025-07-04_Hotel-Spider-Icons-color-yellow-orange_200x200_Meta.png\u00bb title_text=\u00bb2025-07-04_Hotel-Spider-Icons-color-yellow-orange_200x200_Meta\u00bb align_tablet=\u00bbcenter\u00bb align_phone=\u00bbcenter\u00bb align_last_edited=\u00bbon|desktop\u00bb _builder_version=\u00bb4.27.4&#8243; _module_preset=\u00bbdefault\u00bb width_tablet=\u00bb25%\u00bb width_phone=\u00bb30%\u00bb width_last_edited=\u00bbon|phone\u00bb custom_margin_tablet=\u00bb||5%||false|false\u00bb custom_margin_phone=\u00bb||5%||false|false\u00bb custom_margin_last_edited=\u00bbon|phone\u00bb animation_direction=\u00bbleft\u00bb hover_enabled=\u00bb0&#8243; global_colors_info=\u00bb{}\u00bb sticky_enabled=\u00bb0&#8243;][\/et_pb_image][\/et_pb_column][et_pb_column type=\u00bb3_4&#8243; specialty_columns=\u00bb3&#8243; _builder_version=\u00bb4.16&#8243; custom_padding=\u00bb|||\u00bb global_colors_info=\u00bb{}\u00bb custom_padding__hover=\u00bb|||\u00bb][et_pb_row_inner _builder_version=\u00bb4.27.4&#8243; _module_preset=\u00bbdefault\u00bb global_colors_info=\u00bb{}\u00bb][et_pb_column_inner saved_specialty_column_type=\u00bb3_4&#8243; _builder_version=\u00bb4.27.4&#8243; _module_preset=\u00bbdefault\u00bb][et_pb_text _builder_version=\u00bb4.27.4&#8243; _module_preset=\u00bbdefault\u00bb header_2_font_size=\u00bb30px\u00bb text_orientation=\u00bbjustified\u00bb background_layout=\u00bbdark\u00bb text_orientation_tablet=\u00bbcenter\u00bb text_orientation_phone=\u00bbcenter\u00bb text_orientation_last_edited=\u00bbon|tablet\u00bb global_colors_info=\u00bb{}\u00bb]<\/p>\n<h1>Conexiones de b\u00fasqueda META<\/h1>\n<h2>META no es publicidad. Es una herramienta estrat\u00e9gica. <\/h2>\n<p>Llevamos tus tarifas exactamente donde los hu\u00e9spedes las buscan, poni\u00e9ndote en el punto de mira de Google Hotel Ads y Trivago con un solo clic.<\/p>\n<p>Con nuestra afinada gesti\u00f3n de pujas y nuestro agudo enfoque en la supervisi\u00f3n del rendimiento, dirigir\u00e1s tus campa\u00f1as de metab\u00fasqueda sin esfuerzo: precisas como un reloj suizo, eficaces como nunca.<\/p>\n<p>[\/et_pb_text][\/et_pb_column_inner][\/et_pb_row_inner][et_pb_row_inner column_structure=\u00bb1_3,1_3,1_3&#8243; _builder_version=\u00bb4.27.4&#8243; _module_preset=\u00bbdefault\u00bb animation_direction=\u00bbbottom\u00bb hover_enabled=\u00bb0&#8243; global_colors_info=\u00bb{}\u00bb sticky_enabled=\u00bb0&#8243;][et_pb_column_inner type=\u00bb1_3&#8243; saved_specialty_column_type=\u00bb3_4&#8243; _builder_version=\u00bb4.27.4&#8243; _module_preset=\u00bbdefault\u00bb][et_pb_button button_url=\u00bbhttps:\/\/www.hotel-spider.com\/es\/demo\/\u00bb button_text=\u00bbVer demostraci\u00f3n\u00bb button_alignment=\u00bbleft\u00bb button_alignment_tablet=\u00bbcenter\u00bb button_alignment_phone=\u00bbcenter\u00bb button_alignment_last_edited=\u00bbon|desktop\u00bb _builder_version=\u00bb4.27.4&#8243; _module_preset=\u00bbdefault\u00bb global_module=\u00bb987610828&#8243; saved_tabs=\u00bball\u00bb global_colors_info=\u00bb{}\u00bb][\/et_pb_button][\/et_pb_column_inner][et_pb_column_inner type=\u00bb1_3&#8243; saved_specialty_column_type=\u00bb3_4&#8243; _builder_version=\u00bb4.27.4&#8243; _module_preset=\u00bbdefault\u00bb][et_pb_button button_url=\u00bbhttps:\/\/www.hotel-spider.com\/es\/ponte-en-contacto-con\/\u00bb button_text=\u00bbPonte en contacto con\u00bb button_alignment=\u00bbcenter\u00bb _builder_version=\u00bb4.27.4&#8243; _module_preset=\u00bbdefault\u00bb global_module=\u00bb8167&#8243; saved_tabs=\u00bball\u00bb global_colors_info=\u00bb{}\u00bb][\/et_pb_button][\/et_pb_column_inner][et_pb_column_inner type=\u00bb1_3&#8243; saved_specialty_column_type=\u00bb3_4&#8243; _builder_version=\u00bb4.27.4&#8243; _module_preset=\u00bbdefault\u00bb][\/et_pb_column_inner][\/et_pb_row_inner][\/et_pb_column][\/et_pb_section][et_pb_section fb_built=\u00bb1&#8243; _builder_version=\u00bb4.27.4&#8243; _module_preset=\u00bbdefault\u00bb background_color=\u00bbRGBA(255,255,255,0)\u00bb z_index=\u00bb1&#8243; custom_padding=\u00bb||1%||false|false\u00bb sticky_position=\u00bbtop\u00bb sticky_offset_top=\u00bb50px\u00bb sticky_limit_bottom=\u00bbbody\u00bb locked=\u00bboff\u00bb global_colors_info=\u00bb{}\u00bb][et_pb_row column_structure=\u00bb1_2,1_2&#8243; make_equal=\u00bbon\u00bb _builder_version=\u00bb4.27.4&#8243; _module_preset=\u00bbdefault\u00bb background_color=\u00bb#FFFFFF\u00bb custom_padding=\u00bb1%|2%|2%|2%|false|true\u00bb sticky_limit_bottom=\u00bbbody\u00bb border_radii=\u00bbon|10px|10px|10px|10px\u00bb global_colors_info=\u00bb{}\u00bb][et_pb_column type=\u00bb1_2&#8243; _builder_version=\u00bb4.27.4&#8243; _module_preset=\u00bbdefault\u00bb custom_padding=\u00bb4%||||false|false\u00bb global_colors_info=\u00bb{}\u00bb][et_pb_text _builder_version=\u00bb4.27.4&#8243; _module_preset=\u00bbdefault\u00bb header_3_text_align=\u00bbleft\u00bb text_orientation=\u00bbjustified\u00bb global_colors_info=\u00bb{}\u00bb]<\/p>\n<h3>M\u00e1s reservas directas, menos rodeos:<\/h3>\n<p>Maximiza tu visibilidad exactamente donde se toman las decisiones de reserva, convirtiendo a los buscadores en hu\u00e9spedes sin paradas intermedias.<\/p>\n<p>Tecnolog\u00eda que piensa hoy y crece ma\u00f1ana. Adel\u00e1ntate a la curva con una plataforma que no s\u00f3lo piensa, sino que evoluciona contigo. <\/p>\n<p>[\/et_pb_text][\/et_pb_column][et_pb_column type=\u00bb1_2&#8243; _builder_version=\u00bb4.27.4&#8243; _module_preset=\u00bbdefault\u00bb global_colors_info=\u00bb{}\u00bb][et_pb_text admin_label=\u00bbText 1&#8243; _builder_version=\u00bb4.27.4&#8243; _module_preset=\u00bbdefault\u00bb text_font=\u00bbGilroy-Bold-Local||||||||\u00bb text_text_color=\u00bb#FAAA55&#8243; text_font_size=\u00bb36px\u00bb text_orientation=\u00bbcenter\u00bb max_width=\u00bb7%\u00bb module_alignment=\u00bbright\u00bb custom_padding=\u00bb5px|2px|1px||false|false\u00bb border_radii=\u00bbon|10px|10px|10px|10px\u00bb border_width_all=\u00bb3px\u00bb border_color_all=\u00bb#FAAA55&#8243; global_colors_info=\u00bb{}\u00bb]<\/p>\n<p>1<\/p>\n<p>[\/et_pb_text][et_pb_image src=\u00bbhttps:\/\/www.hotel-spider.com\/wp-content\/uploads\/2025\/07\/Hotel-Spider-META-01.jpg\u00bb title_text=\u00bbHotel-Spider-META-01&#8243; force_fullwidth=\u00bbon\u00bb _builder_version=\u00bb4.27.4&#8243; _module_preset=\u00bbdefault\u00bb global_colors_info=\u00bb{}\u00bb][\/et_pb_image][\/et_pb_column][\/et_pb_row][\/et_pb_section][et_pb_section fb_built=\u00bb1&#8243; _builder_version=\u00bb4.27.4&#8243; _module_preset=\u00bbdefault\u00bb background_color=\u00bbRGBA(255,255,255,0)\u00bb z_index=\u00bb2&#8243; custom_padding=\u00bb||1%||false|false\u00bb sticky_position=\u00bbtop\u00bb sticky_offset_top=\u00bb150px\u00bb sticky_limit_bottom=\u00bbbody\u00bb sticky_offset_surrounding=\u00bboff\u00bb locked=\u00bboff\u00bb global_colors_info=\u00bb{}\u00bb][et_pb_row column_structure=\u00bb1_2,1_2&#8243; make_equal=\u00bbon\u00bb _builder_version=\u00bb4.27.4&#8243; _module_preset=\u00bbdefault\u00bb background_color=\u00bb#FFFFFF\u00bb custom_padding=\u00bb1%|2%|2%|2%|false|true\u00bb sticky_limit_top=\u00bbsection\u00bb sticky_limit_bottom=\u00bbbody\u00bb border_radii=\u00bbon|10px|10px|10px|10px\u00bb global_colors_info=\u00bb{}\u00bb][et_pb_column type=\u00bb1_2&#8243; _builder_version=\u00bb4.27.4&#8243; _module_preset=\u00bbdefault\u00bb custom_padding=\u00bb4%||||false|false\u00bb global_colors_info=\u00bb{}\u00bb][et_pb_text _builder_version=\u00bb4.27.4&#8243; _module_preset=\u00bbdefault\u00bb header_3_text_align=\u00bbleft\u00bb text_orientation=\u00bbjustified\u00bb global_colors_info=\u00bb{}\u00bb]<\/p>\n<h3>Gracias al desarrollo continuo y a la innovaci\u00f3n t\u00e9cnica, no s\u00f3lo est\u00e1s preparado, sino que vas por delante: para un rendimiento m\u00e1ximo de la metab\u00fasqueda.<\/h3>\n<ul>\n<li>Paquete sin riesgos: sin reservas, sin costes<\/li>\n<li>Gesti\u00f3n orientada al rendimiento: medimos, analizamos y optimizamos, centr\u00e1ndonos en tus ingresos reales<\/li>\n<li>No soluciones est\u00e1ndar, sino l\u00f3gica META adaptada a tus mercados y temporadas<\/li>\n<li>Optimizaci\u00f3n automatizada: reacciona en tiempo real a los cambios del mercado<\/li>\n<\/ul>\n<p>[\/et_pb_text][\/et_pb_column][et_pb_column type=\u00bb1_2&#8243; _builder_version=\u00bb4.27.4&#8243; _module_preset=\u00bbdefault\u00bb global_colors_info=\u00bb{}\u00bb][et_pb_text admin_label=\u00bbText 2&#8243; _builder_version=\u00bb4.27.4&#8243; _module_preset=\u00bbdefault\u00bb text_font=\u00bbGilroy-Bold-Local||||||||\u00bb text_text_color=\u00bb#FAAA55&#8243; text_font_size=\u00bb36px\u00bb text_orientation=\u00bbcenter\u00bb max_width=\u00bb7%\u00bb module_alignment=\u00bbright\u00bb custom_padding=\u00bb5px|2px|1px||false|false\u00bb border_radii=\u00bbon|10px|10px|10px|10px\u00bb border_width_all=\u00bb3px\u00bb border_color_all=\u00bb#FAAA55&#8243; global_colors_info=\u00bb{}\u00bb]<\/p>\n<p>2<\/p>\n<p>[\/et_pb_text][et_pb_image src=\u00bbhttps:\/\/www.hotel-spider.com\/wp-content\/uploads\/2025\/07\/Meta-II.png\u00bb title_text=\u00bbMeta-II\u00bb force_fullwidth=\u00bbon\u00bb _builder_version=\u00bb4.27.4&#8243; _module_preset=\u00bbdefault\u00bb global_colors_info=\u00bb{}\u00bb][\/et_pb_image][\/et_pb_column][\/et_pb_row][\/et_pb_section][et_pb_section fb_built=\u00bb1&#8243; _builder_version=\u00bb4.27.4&#8243; _module_preset=\u00bbdefault\u00bb background_color=\u00bbRGBA(255,255,255,0)\u00bb z_index=\u00bb3&#8243; sticky_position=\u00bbtop\u00bb sticky_offset_top=\u00bb150px\u00bb sticky_limit_bottom=\u00bbbody\u00bb sticky_offset_surrounding=\u00bboff\u00bb sticky_transition=\u00bboff\u00bb locked=\u00bboff\u00bb global_colors_info=\u00bb{}\u00bb][et_pb_row column_structure=\u00bb1_2,1_2&#8243; make_equal=\u00bbon\u00bb _builder_version=\u00bb4.27.4&#8243; _module_preset=\u00bbdefault\u00bb background_color=\u00bb#FFFFFF\u00bb min_height=\u00bb877px\u00bb custom_padding=\u00bb1%|2%|2%|2%|false|true\u00bb sticky_limit_bottom=\u00bbbody\u00bb border_radii=\u00bbon|10px|10px|10px|10px\u00bb global_colors_info=\u00bb{}\u00bb][et_pb_column type=\u00bb1_2&#8243; _builder_version=\u00bb4.27.4&#8243; _module_preset=\u00bbdefault\u00bb custom_padding=\u00bb4%||||false|false\u00bb global_colors_info=\u00bb{}\u00bb][et_pb_text _builder_version=\u00bb4.27.4&#8243; _module_preset=\u00bbdefault\u00bb header_3_text_align=\u00bbleft\u00bb text_orientation=\u00bbjustified\u00bb global_colors_info=\u00bb{}\u00bb]<\/p>\n<h3>El marketing META no es un canal secundario.<\/h3>\n<p>Es una palanca central para el \u00e9xito de tus ventas.<br \/>Util\u00edzala con inteligencia: te apoyaremos en cada paso del camino.<\/p>\n<p>[\/et_pb_text][\/et_pb_column][et_pb_column type=\u00bb1_2&#8243; _builder_version=\u00bb4.27.4&#8243; _module_preset=\u00bbdefault\u00bb global_colors_info=\u00bb{}\u00bb][et_pb_text admin_label=\u00bbText 3&#8243; _builder_version=\u00bb4.27.4&#8243; _module_preset=\u00bbdefault\u00bb text_font=\u00bbGilroy-Bold-Local||||||||\u00bb text_text_color=\u00bb#FAAA55&#8243; text_font_size=\u00bb36px\u00bb text_orientation=\u00bbcenter\u00bb max_width=\u00bb7%\u00bb module_alignment=\u00bbright\u00bb custom_padding=\u00bb5px|2px|1px||false|false\u00bb border_radii=\u00bbon|10px|10px|10px|10px\u00bb border_width_all=\u00bb3px\u00bb border_color_all=\u00bb#FAAA55&#8243; global_colors_info=\u00bb{}\u00bb]<\/p>\n<p>3<\/p>\n<p>[\/et_pb_text][et_pb_image src=\u00bbhttps:\/\/www.hotel-spider.com\/wp-content\/uploads\/2025\/07\/META-EN.png\u00bb title_text=\u00bbMETA-ES\u00bb force_fullwidth=\u00bbon\u00bb _builder_version=\u00bb4.27.4&#8243; _module_preset=\u00bbdefault\u00bb global_colors_info=\u00bb{}\u00bb][\/et_pb_image][\/et_pb_column][\/et_pb_row][\/et_pb_section][et_pb_section fb_built=\u00bb1&#8243; _builder_version=\u00bb4.27.4&#8243; _module_preset=\u00bbdefault\u00bb background_image=\u00bbhttps:\/\/www.hotel-spider.com\/wp-content\/uploads\/2025\/06\/Hotel-Spider-BG-Stars.jpg\u00bb z_index=\u00bb458&#8243; custom_margin=\u00bb5%||5%||false|false\u00bb sticky_limit_top=\u00bbbody\u00bb global_colors_info=\u00bb{}\u00bb][et_pb_row column_structure=\u00bb3_5,1_5,1_5&#8243; use_custom_gutter=\u00bbon\u00bb make_equal=\u00bbon\u00bb _builder_version=\u00bb4.27.4&#8243; _module_preset=\u00bbdefault\u00bb global_colors_info=\u00bb{}\u00bb][et_pb_column type=\u00bb3_5&#8243; _builder_version=\u00bb4.27.4&#8243; _module_preset=\u00bbdefault\u00bb][et_pb_text _builder_version=\u00bb4.27.4&#8243; _module_preset=\u00bbdefault\u00bb background_layout=\u00bbdark\u00bb text_orientation_tablet=\u00bbcenter\u00bb text_orientation_phone=\u00bbcenter\u00bb text_orientation_last_edited=\u00bbon|tablet\u00bb global_colors_info=\u00bb{}\u00bb]<\/p>\n<h2>Reserva tu auditor\u00eda META gratuita<\/h2>\n<p>[\/et_pb_text][\/et_pb_column][et_pb_column type=\u00bb1_5&#8243; _builder_version=\u00bb4.27.4&#8243; _module_preset=\u00bbdefault\u00bb][et_pb_button button_url=\u00bbhttps:\/\/www.hotel-spider.com\/es\/demostracion-del-libro\/\u00bb button_text=\u00bbDemostraci\u00f3n del libro\u00bb button_alignment=\u00bbcenter\u00bb _builder_version=\u00bb4.27.4&#8243; _module_preset=\u00bbdefault\u00bb animation_style=\u00bbslide\u00bb animation_direction=\u00bbleft\u00bb animation_duration=\u00bb800ms\u00bb global_module=\u00bb8153&#8243; saved_tabs=\u00bball\u00bb global_colors_info=\u00bb{}\u00bb][\/et_pb_button][\/et_pb_column][et_pb_column type=\u00bb1_5&#8243; _builder_version=\u00bb4.27.4&#8243; _module_preset=\u00bbdefault\u00bb][et_pb_button button_url=\u00bbhttps:\/\/www.hotel-spider.com\/es\/ponte-en-contacto-con\/\u00bb button_text=\u00bbPonte en contacto con\u00bb button_alignment=\u00bbcenter\u00bb _builder_version=\u00bb4.27.4&#8243; _module_preset=\u00bbdefault\u00bb animation_style=\u00bbslide\u00bb animation_direction=\u00bbleft\u00bb animation_duration=\u00bb800ms\u00bb animation_delay=\u00bb200ms\u00bb global_module=\u00bb8167&#8243; saved_tabs=\u00bball\u00bb global_colors_info=\u00bb{}\u00bb][\/et_pb_button][\/et_pb_column][\/et_pb_row][\/et_pb_section]<\/p>\n","protected":false},"excerpt":{"rendered":"<p>Conexiones de b\u00fasqueda META META no es publicidad. Es una herramienta estrat\u00e9gica. Llevamos tus tarifas exactamente donde los hu\u00e9spedes las buscan, poni\u00e9ndote en el punto de mira de Google Hotel Ads y Trivago con un solo clic. Con nuestra afinada gesti\u00f3n de pujas y nuestro agudo enfoque en la supervisi\u00f3n del rendimiento, dirigir\u00e1s tus campa\u00f1as [&hellip;]<\/p>\n","protected":false},"author":2,"featured_media":0,"parent":987611796,"menu_order":0,"comment_status":"closed","ping_status":"closed","template":"","meta":{"_et_pb_use_builder":"on","_et_pb_old_content":"","_et_gb_content_width":"","footnotes":""},"class_list":["post-987612095","page","type-page","status-publish","hentry"],"_links":{"self":[{"href":"https:\/\/www.hotel-spider.com\/es\/wp-json\/wp\/v2\/pages\/987612095","targetHints":{"allow":["GET"]}}],"collection":[{"href":"https:\/\/www.hotel-spider.com\/es\/wp-json\/wp\/v2\/pages"}],"about":[{"href":"https:\/\/www.hotel-spider.com\/es\/wp-json\/wp\/v2\/types\/page"}],"author":[{"embeddable":true,"href":"https:\/\/www.hotel-spider.com\/es\/wp-json\/wp\/v2\/users\/2"}],"replies":[{"embeddable":true,"href":"https:\/\/www.hotel-spider.com\/es\/wp-json\/wp\/v2\/comments?post=987612095"}],"version-history":[{"count":14,"href":"https:\/\/www.hotel-spider.com\/es\/wp-json\/wp\/v2\/pages\/987612095\/revisions"}],"predecessor-version":[{"id":987612512,"href":"https:\/\/www.hotel-spider.com\/es\/wp-json\/wp\/v2\/pages\/987612095\/revisions\/987612512"}],"up":[{"embeddable":true,"href":"https:\/\/www.hotel-spider.com\/es\/wp-json\/wp\/v2\/pages\/987611796"}],"wp:attachment":[{"href":"https:\/\/www.hotel-spider.com\/es\/wp-json\/wp\/v2\/media?parent=987612095"}],"curies":[{"name":"wp","href":"https:\/\/api.w.org\/{rel}","templated":true}]}}