{"id":987612165,"date":"2025-07-15T11:48:25","date_gmt":"2025-07-15T09:48:25","guid":{"rendered":"https:\/\/www.hotel-spider.com\/aviso-legal\/"},"modified":"2025-08-06T09:05:01","modified_gmt":"2025-08-06T07:05:01","slug":"aviso-legal","status":"publish","type":"page","link":"https:\/\/www.hotel-spider.com\/es\/aviso-legal\/","title":{"rendered":"Aviso legal"},"content":{"rendered":"<p>[et_pb_section fb_built=\u00bb1&#8243; _builder_version=\u00bb4.27.4&#8243; _module_preset=\u00bbdefault\u00bb background_color=\u00bbRGBA(255,255,255,0)\u00bb global_colors_info=\u00bb{}\u00bb][et_pb_row column_structure=\u00bb3_4,1_4&#8243; _builder_version=\u00bb4.27.4&#8243; _module_preset=\u00bbdefault\u00bb global_colors_info=\u00bb{}\u00bb][et_pb_column type=\u00bb3_4&#8243; _builder_version=\u00bb4.27.4&#8243; _module_preset=\u00bbdefault\u00bb][et_pb_text _builder_version=\u00bb4.27.4&#8243; _module_preset=\u00bbdefault\u00bb header_3_text_align=\u00bbleft\u00bb text_orientation=\u00bbjustified\u00bb background_layout=\u00bbdark\u00bb hover_enabled=\u00bb0&#8243; global_colors_info=\u00bb{}\u00bb sticky_enabled=\u00bb0&#8243;]<\/p>\n<h1>Aviso legal<\/h1>\n<p>Tourisoft S\u00e0rl <br \/>Route de Champ-Colin 18 <br \/>CH-1260 Nyon (VD), Schweiz<\/p>\n<p>Registro Mercantil: CH-550.1.031.179-7<br \/>Tribunal de registro: Handelsregister Vaud<\/p>\n<p><strong>Representado por:<\/strong><br \/>Jan Baurdoux<br \/>Marco Baurdoux<\/p>\n<h2>Ponte en contacto con<\/h2>\n<p>Tel: +41 (0)22 360 03 70<br \/>Correo electr\u00f3nico: info@hotel-spider.com<\/p>\n<h2>CIF<\/h2>\n<p>N\u00famero de identificaci\u00f3n fiscal seg\u00fan la Secc. 27 a de la Ley del Impuesto sobre las Ventas:<br \/>CHE-109.910.707<\/p>\n<h2>Procedimiento de resoluci\u00f3n de litigios ante una junta arbitral de consumo<\/h2>\n<p>No estamos dispuestos ni obligados a participar en procedimientos de resoluci\u00f3n de litigios ante una junta de arbitraje de consumo.<\/p>\n<p>[\/et_pb_text][\/et_pb_column][et_pb_column type=\u00bb1_4&#8243; _builder_version=\u00bb4.27.4&#8243; _module_preset=\u00bbdefault\u00bb][et_pb_sidebar orientation=\u00bbright\u00bb show_border=\u00bboff\u00bb _builder_version=\u00bb4.27.4&#8243; _module_preset=\u00bbdefault\u00bb header_font_size=\u00bb25px\u00bb body_font_size=\u00bb18px\u00bb body_line_height=\u00bb1.6em\u00bb background_color=\u00bbRGBA(255,255,255,0)\u00bb background_layout=\u00bbdark\u00bb global_colors_info=\u00bb{}\u00bb][\/et_pb_sidebar][\/et_pb_column][\/et_pb_row][\/et_pb_section]<\/p>\n","protected":false},"excerpt":{"rendered":"<p>Aviso legal Tourisoft S\u00e0rl Route de Champ-Colin 18 CH-1260 Nyon (VD), Schweiz Registro Mercantil: CH-550.1.031.179-7Tribunal de registro: Handelsregister Vaud Representado por:Jan BaurdouxMarco Baurdoux Ponte en contacto con Tel: +41 (0)22 360 03 70Correo electr\u00f3nico: info@hotel-spider.com CIF N\u00famero de identificaci\u00f3n fiscal seg\u00fan la Secc. 27 a de la Ley del Impuesto sobre las Ventas:CHE-109.910.707 Procedimiento de [&hellip;]<\/p>\n","protected":false},"author":2,"featured_media":0,"parent":0,"menu_order":0,"comment_status":"closed","ping_status":"closed","template":"","meta":{"_et_pb_use_builder":"on","_et_pb_old_content":"","_et_gb_content_width":"","footnotes":""},"class_list":["post-987612165","page","type-page","status-publish","hentry"],"_links":{"self":[{"href":"https:\/\/www.hotel-spider.com\/es\/wp-json\/wp\/v2\/pages\/987612165","targetHints":{"allow":["GET"]}}],"collection":[{"href":"https:\/\/www.hotel-spider.com\/es\/wp-json\/wp\/v2\/pages"}],"about":[{"href":"https:\/\/www.hotel-spider.com\/es\/wp-json\/wp\/v2\/types\/page"}],"author":[{"embeddable":true,"href":"https:\/\/www.hotel-spider.com\/es\/wp-json\/wp\/v2\/users\/2"}],"replies":[{"embeddable":true,"href":"https:\/\/www.hotel-spider.com\/es\/wp-json\/wp\/v2\/comments?post=987612165"}],"version-history":[{"count":10,"href":"https:\/\/www.hotel-spider.com\/es\/wp-json\/wp\/v2\/pages\/987612165\/revisions"}],"predecessor-version":[{"id":987612227,"href":"https:\/\/www.hotel-spider.com\/es\/wp-json\/wp\/v2\/pages\/987612165\/revisions\/987612227"}],"wp:attachment":[{"href":"https:\/\/www.hotel-spider.com\/es\/wp-json\/wp\/v2\/media?parent=987612165"}],"curies":[{"name":"wp","href":"https:\/\/api.w.org\/{rel}","templated":true}]}}