{"id":987612237,"date":"2025-07-17T00:55:58","date_gmt":"2025-07-16T22:55:58","guid":{"rendered":"https:\/\/www.hotel-spider.com\/consulta\/"},"modified":"2025-08-06T09:06:36","modified_gmt":"2025-08-06T07:06:36","slug":"consulta","status":"publish","type":"page","link":"https:\/\/www.hotel-spider.com\/es\/consulta\/","title":{"rendered":"Consulta"},"content":{"rendered":"<p>[et_pb_section fb_built=\u00bb1&#8243; _builder_version=\u00bb4.27.4&#8243; _module_preset=\u00bbdefault\u00bb background_color=\u00bbRGBA(255,255,255,0)\u00bb locked=\u00bboff\u00bb global_colors_info=\u00bb{}\u00bb][et_pb_row use_custom_gutter=\u00bbon\u00bb gutter_width=\u00bb1&#8243; make_equal=\u00bbon\u00bb _builder_version=\u00bb4.27.4&#8243; _module_preset=\u00bbdefault\u00bb width_last_edited=\u00bboff|desktop\u00bb global_colors_info=\u00bb{}\u00bb][et_pb_column type=\u00bb4_4&#8243; _builder_version=\u00bb4.27.4&#8243; _module_preset=\u00bbdefault\u00bb global_colors_info=\u00bb{}\u00bb][et_pb_heading title=\u00bbRecomi\u00e9ndanos &#8211; \u00a1Benefici\u00e9monos juntos!\u00bb _builder_version=\u00bb4.27.4&#8243; _module_preset=\u00bbdefault\u00bb title_text_color=\u00bb#FFFFFF\u00bb global_colors_info=\u00bb{}\u00bb][\/et_pb_heading][et_pb_text _builder_version=\u00bb4.27.4&#8243; _module_preset=\u00bbdefault\u00bb header_2_font_size=\u00bb30px\u00bb background_layout=\u00bbdark\u00bb global_colors_info=\u00bb{}\u00bb]<\/p>\n<h2>Tu ventaja de recomendaci\u00f3n con Hotel-Spider<\/h2>\n<p>Como socio de Hotel-Spider, est\u00e1s en contacto directo y regular con hoteles que podr\u00edan beneficiarse de un Channel Manager fiable.<\/p>\n<p>\u00bfPor qu\u00e9 no aprovechas la oportunidad de introducirnos en el juego y beneficiarte t\u00fa tambi\u00e9n? Recomi\u00e9ndanos y te lo agradeceremos con una recompensa de 200 \u20ac \/ CHF. \u00a1Por una asociaci\u00f3n que brille!  <\/p>\n<p>[\/et_pb_text][\/et_pb_column][\/et_pb_row][\/et_pb_section][et_pb_section fb_built=\u00bb1&#8243; _builder_version=\u00bb4.27.4&#8243; _module_preset=\u00bbdefault\u00bb background_color=\u00bbRGBA(255,255,255,0)\u00bb custom_padding=\u00bb0px||||false|false\u00bb global_colors_info=\u00bb{}\u00bb][et_pb_row _builder_version=\u00bb4.27.4&#8243; _module_preset=\u00bbdefault\u00bb global_colors_info=\u00bb{}\u00bb][et_pb_column type=\u00bb4_4&#8243; _builder_version=\u00bb4.27.4&#8243; _module_preset=\u00bbdefault\u00bb global_colors_info=\u00bb{}\u00bb][et_pb_text _builder_version=\u00bb4.27.4&#8243; _module_preset=\u00bbdefault\u00bb text_orientation=\u00bbjustified\u00bb background_layout=\u00bbdark\u00bb global_colors_info=\u00bb{}\u00bb]<\/p>\n<h3>C\u00f3mo funciona:<\/h3>\n<p>Si remites a un cliente o contacto existente a Hotel-Spider, y a continuaci\u00f3n se firma un contrato, puedes elegir entre dos modelos de compensaci\u00f3n:<\/p>\n<p>[\/et_pb_text][\/et_pb_column][\/et_pb_row][et_pb_row column_structure=\u00bb1_2,1_2&#8243; make_equal=\u00bbon\u00bb _builder_version=\u00bb4.27.4&#8243; _module_preset=\u00bbdefault\u00bb global_colors_info=\u00bb{}\u00bb][et_pb_column type=\u00bb1_2&#8243; _builder_version=\u00bb4.27.4&#8243; _module_preset=\u00bbdefault\u00bb background_color=\u00bb#FFFFFF\u00bb custom_padding=\u00bb2%|2%|2%|2%|true|true\u00bb border_radii=\u00bbon|10px|10px|10px|10px\u00bb global_colors_info=\u00bb{}\u00bb][et_pb_text _builder_version=\u00bb4.27.4&#8243; _module_preset=\u00bbdefault\u00bb text_orientation=\u00bbjustified\u00bb global_colors_info=\u00bb{}\u00bb]<\/p>\n<h4>Bonificaci\u00f3n \u00fanica por recomendaci\u00f3n:<\/h4>\n<p>Recibe una recompensa de 200 \u20ac \/ CHF por propiedad una vez firmado el contrato.<\/p>\n<p>[\/et_pb_text][\/et_pb_column][et_pb_column type=\u00bb1_2&#8243; _builder_version=\u00bb4.27.4&#8243; _module_preset=\u00bbdefault\u00bb background_color=\u00bb#FFFFFF\u00bb custom_padding=\u00bb2%|2%|2%|2%|true|true\u00bb border_radii=\u00bbon|10px|10px|10px|10px\u00bb global_colors_info=\u00bb{}\u00bb][et_pb_text _builder_version=\u00bb4.27.4&#8243; _module_preset=\u00bbdefault\u00bb text_orientation=\u00bbjustified\u00bb global_colors_info=\u00bb{}\u00bb]<\/p>\n<h4>Comisi\u00f3n Permanente:<\/h4>\n<p>Gana una comisi\u00f3n recurrente del 15% sobre los ingresos mensuales mientras el cliente permanezca activo.<\/p>\n<p>[\/et_pb_text][\/et_pb_column][\/et_pb_row][et_pb_row _builder_version=\u00bb4.27.4&#8243; _module_preset=\u00bbdefault\u00bb global_colors_info=\u00bb{}\u00bb][et_pb_column type=\u00bb4_4&#8243; _builder_version=\u00bb4.27.4&#8243; _module_preset=\u00bbdefault\u00bb global_colors_info=\u00bb{}\u00bb][et_pb_text _builder_version=\u00bb4.27.4&#8243; _module_preset=\u00bbdefault\u00bb text_orientation=\u00bbjustified\u00bb background_layout=\u00bbdark\u00bb global_colors_info=\u00bb{}\u00bb]<\/p>\n<h2>Ahora haz una recomendaci\u00f3n y creced juntos.<\/h2>\n<p>Si tienes alguna duda o necesitas m\u00e1s aclaraciones, estaremos encantados de ayudarte.<\/p>\n<p><strong>Hotel-Spider &#8211; Tu socio para una hosteler\u00eda inteligente.<\/strong><\/p>\n<p>[\/et_pb_text][\/et_pb_column][\/et_pb_row][\/et_pb_section][et_pb_section fb_built=\u00bb1&#8243; _builder_version=\u00bb4.27.4&#8243; _module_preset=\u00bbdefault\u00bb background_color=\u00bbRGBA(255,255,255,0)\u00bb locked=\u00bboff\u00bb global_colors_info=\u00bb{}\u00bb][et_pb_row _builder_version=\u00bb4.27.4&#8243; _module_preset=\u00bbdefault\u00bb global_colors_info=\u00bb{}\u00bb][et_pb_column type=\u00bb4_4&#8243; _builder_version=\u00bb4.27.4&#8243; _module_preset=\u00bbdefault\u00bb global_colors_info=\u00bb{}\u00bb][et_pb_contact_form captcha=\u00bboff\u00bb email=\u00bbchristin.geissler@hotel-spider.com\u00bb title=\u00bbRellena el formulario para recomendarnos un hotel.\u00bb custom_message=\u00bbEstimado equipo del Hotel Spider,||et_pb_line_break_holder||||et_pb_line_break_holder||se ha enviado una recomendaci\u00f3n a trav\u00e9s del sitio web. \u00c9stos son los detalles clave:|et_pb_line_break_holder||||et_pb_line_break_holder||Tu Nombre: %%YourName%%||et_pb_line_break_holder||Nombre de la empresa: %%CompanyName%%||et_pb_line_break_holder||Correo electr\u00f3nico: %%Email%%||et_pb_line_break_holder||Nombre del hotel\/contacto recomendado: %%HotelName%%||et_pb_line_break_holder|\u00bfTienes alguna relaci\u00f3n con este contacto?: %%relationship%%||et_pb_line_break_holder||Modelo de compensaci\u00f3n preferido: %%Model%%||et_pb_line_break_holder||Comentarios o preguntas adicionales: %%message%%||et_pb_line_break_holder||DSGVO: %%DSGVO%%%\u00bb use_redirect=\u00bbon\u00bb redirect_url=\u00bbhttps:\/\/www.hotel-spider.com\/es\/gracias-por-tu-recomendacion\/\u00bb success_message=\u00bbGracias por tu recomendaci\u00f3n. Nos pondremos en contacto una vez finalizado el contrato. \u00bb submit_button_text=\u00bbenv\u00eda\u00bb _builder_version=\u00bb4.27.4&#8243; _module_preset=\u00bbdefault\u00bb _unique_id=\u00bbc8e20fc5-9d86-4a05-a998-1e9f8fc077bc\u00bb form_field_background_color=\u00bbrgba(9,21,73,0.8)\u00bb form_field_text_color=\u00bb#FAAA55&#8243; form_field_focus_background_color=\u00bb#FAAA55&#8243; form_field_focus_text_color=\u00bb#282934&#8243; title_level=\u00bbh2&#8243; title_text_color=\u00bb#FFFFFF\u00bb form_field_font_size=\u00bb19px\u00bb animation_style=\u00bbzoom\u00bb animation_duration=\u00bb800ms\u00bb animation_intensity_zoom=\u00bb20%\u00bb hover_enabled=\u00bb0&#8243; custom_css_main_element=\u00bb}||.et_pb_contact_field_options_wrapper {||  color: #fff;\u00bb border_radii=\u00bbon|5px|5px|5px|5px\u00bb border_width_all=\u00bb2px\u00bb border_color_all=\u00bb#FAAA55&#8243; global_colors_info=\u00bb{}\u00bb sticky_enabled=\u00bb0&#8243;][et_pb_contact_field field_id=\u00bbYourName\u00bb field_title=\u00bbTu nombre\u00bb _builder_version=\u00bb4.27.4&#8243; global_colors_info=\u00bb{}\u00bb button_text_size__hover_enabled=\u00bboff\u00bb button_one_text_size__hover_enabled=\u00bboff\u00bb button_two_text_size__hover_enabled=\u00bboff\u00bb button_text_color__hover_enabled=\u00bboff\u00bb button_one_text_color__hover_enabled=\u00bboff\u00bb button_two_text_color__hover_enabled=\u00bboff\u00bb button_border_width__hover_enabled=\u00bboff\u00bb button_one_border_width__hover_enabled=\u00bboff\u00bb button_two_border_width__hover_enabled=\u00bboff\u00bb button_border_color__hover_enabled=\u00bboff\u00bb button_one_border_color__hover_enabled=\u00bboff\u00bb button_two_border_color__hover_enabled=\u00bboff\u00bb button_border_radius__hover_enabled=\u00bboff\u00bb button_one_border_radius__hover_enabled=\u00bboff\u00bb button_two_border_radius__hover_enabled=\u00bboff\u00bb button_letter_spacing__hover_enabled=\u00bboff\u00bb button_one_letter_spacing__hover_enabled=\u00bboff\u00bb button_two_letter_spacing__hover_enabled=\u00bboff\u00bb button_bg_color__hover_enabled=\u00bboff\u00bb button_one_bg_color__hover_enabled=\u00bboff\u00bb button_two_bg_color__hover_enabled=\u00bboff\u00bb][\/et_pb_contact_field][et_pb_contact_field field_id=\u00bbCompanyName\u00bb field_title=\u00bbNombre de la empresa\u00bb _builder_version=\u00bb4.27.4&#8243; global_colors_info=\u00bb{}\u00bb button_text_size__hover_enabled=\u00bboff\u00bb button_one_text_size__hover_enabled=\u00bboff\u00bb button_two_text_size__hover_enabled=\u00bboff\u00bb button_text_color__hover_enabled=\u00bboff\u00bb button_one_text_color__hover_enabled=\u00bboff\u00bb button_two_text_color__hover_enabled=\u00bboff\u00bb button_border_width__hover_enabled=\u00bboff\u00bb button_one_border_width__hover_enabled=\u00bboff\u00bb button_two_border_width__hover_enabled=\u00bboff\u00bb button_border_color__hover_enabled=\u00bboff\u00bb button_one_border_color__hover_enabled=\u00bboff\u00bb button_two_border_color__hover_enabled=\u00bboff\u00bb button_border_radius__hover_enabled=\u00bboff\u00bb button_one_border_radius__hover_enabled=\u00bboff\u00bb button_two_border_radius__hover_enabled=\u00bboff\u00bb button_letter_spacing__hover_enabled=\u00bboff\u00bb button_one_letter_spacing__hover_enabled=\u00bboff\u00bb button_two_letter_spacing__hover_enabled=\u00bboff\u00bb button_bg_color__hover_enabled=\u00bboff\u00bb button_one_bg_color__hover_enabled=\u00bboff\u00bb button_two_bg_color__hover_enabled=\u00bboff\u00bb][\/et_pb_contact_field][et_pb_contact_field field_id=\u00bbEmail\u00bb field_title=\u00bbTu direcci\u00f3n de correo electr\u00f3nico\u00bb field_type=\u00bbemail\u00bb _builder_version=\u00bb4.27.4&#8243; global_colors_info=\u00bb{}\u00bb button_text_size__hover_enabled=\u00bboff\u00bb button_one_text_size__hover_enabled=\u00bboff\u00bb button_two_text_size__hover_enabled=\u00bboff\u00bb button_text_color__hover_enabled=\u00bboff\u00bb button_one_text_color__hover_enabled=\u00bboff\u00bb button_two_text_color__hover_enabled=\u00bboff\u00bb button_border_width__hover_enabled=\u00bboff\u00bb button_one_border_width__hover_enabled=\u00bboff\u00bb button_two_border_width__hover_enabled=\u00bboff\u00bb button_border_color__hover_enabled=\u00bboff\u00bb button_one_border_color__hover_enabled=\u00bboff\u00bb button_two_border_color__hover_enabled=\u00bboff\u00bb button_border_radius__hover_enabled=\u00bboff\u00bb button_one_border_radius__hover_enabled=\u00bboff\u00bb button_two_border_radius__hover_enabled=\u00bboff\u00bb button_letter_spacing__hover_enabled=\u00bboff\u00bb button_one_letter_spacing__hover_enabled=\u00bboff\u00bb button_two_letter_spacing__hover_enabled=\u00bboff\u00bb button_bg_color__hover_enabled=\u00bboff\u00bb button_one_bg_color__hover_enabled=\u00bboff\u00bb button_two_bg_color__hover_enabled=\u00bboff\u00bb][\/et_pb_contact_field][et_pb_contact_field field_id=\u00bbHotelName\u00bb field_title=\u00bbNombre del hotel\/contacto recomendado*.\u00bb _builder_version=\u00bb4.27.4&#8243; _module_preset=\u00bbdefault\u00bb global_colors_info=\u00bb{}\u00bb][\/et_pb_contact_field][et_pb_contact_field field_id=\u00bbrelationship\u00bb field_title=\u00bb\u00bfTienes alguna relaci\u00f3n con este contacto?*\u00bb field_type=\u00bbradio\u00bb radio_options=\u00bb%91{%22value%22:%22S\u00ed%22,%22checked%22:0,%22dragID%22:-1},{%22value%22:%22No%22,%22checked%22:0,%22dragID%22:0}%93&#8243; _builder_version=\u00bb4.27.4&#8243; _module_preset=\u00bbdefault\u00bb global_colors_info=\u00bb{}\u00bb][\/et_pb_contact_field][et_pb_contact_field field_id=\u00bbModel\u00bb field_title=\u00bbModelo de retribuci\u00f3n preferido*\u00bb field_type=\u00bbradio\u00bb radio_options=\u00bb%91{%22value%22:%22Bonificaci\u00f3n \u00fanica de 200 \u20ac %92\/ CHF%22,%22checked%22:0,%22dragID%22:-1},{%22value%22:%22Porcentaje del valor del contrato (comisi\u00f3n recurrente)%22,%22checked%22:0,%22dragID%22:0}%93&#8243; _builder_version=\u00bb4.27.4&#8243; _module_preset=\u00bbdefault\u00bb global_colors_info=\u00bb{}\u00bb][\/et_pb_contact_field][et_pb_contact_field field_id=\u00bbmessage\u00bb field_title=\u00bbComentarios o preguntas adicionales\u00bb field_type=\u00bbtext\u00bb required_mark=\u00bboff\u00bb fullwidth_field=\u00bbon\u00bb _builder_version=\u00bb4.27.4&#8243; _module_preset=\u00bbdefault\u00bb global_colors_info=\u00bb{}\u00bb][\/et_pb_contact_field][et_pb_contact_field field_id=\u00bbDSGVO\u00bb field_title=\u00bbNota: Lee la pol\u00edtica de privacidad antes de enviar el formulario.\u00bb field_type=\u00bbcheckbox\u00bb checkbox_options=\u00bb%91{%22value%22:%22Pol\u00edtica de privacidad le\u00edda y aceptada.*  %22,%22checked%22:0,%22dragID%22:-1,%22link_url%22:%22%92\/privacy-policy%92\/%22,%22link_text%22:%22Ver la pol\u00edtica de privacidad.%22}%93&#8243; fullwidth_field=\u00bbon\u00bb _builder_version=\u00bb4.27.4&#8243; _module_preset=\u00bbdefault\u00bb form_field_text_color=\u00bb#FFFFFF\u00bb hover_enabled=\u00bb0&#8243; global_colors_info=\u00bb{}\u00bb sticky_enabled=\u00bb0&#8243;][\/et_pb_contact_field][\/et_pb_contact_form][\/et_pb_column][\/et_pb_row][\/et_pb_section]<\/p>\n","protected":false},"excerpt":{"rendered":"<p>Tu ventaja de recomendaci\u00f3n con Hotel-Spider Como socio de Hotel-Spider, est\u00e1s en contacto directo y regular con hoteles que podr\u00edan beneficiarse de un Channel Manager fiable. \u00bfPor qu\u00e9 no aprovechas la oportunidad de introducirnos en el juego y beneficiarte t\u00fa tambi\u00e9n? Recomi\u00e9ndanos y te lo agradeceremos con una recompensa de 200 \u20ac \/ CHF. \u00a1Por [&hellip;]<\/p>\n","protected":false},"author":2,"featured_media":0,"parent":0,"menu_order":0,"comment_status":"closed","ping_status":"closed","template":"","meta":{"_et_pb_use_builder":"on","_et_pb_old_content":"","_et_gb_content_width":"","footnotes":""},"class_list":["post-987612237","page","type-page","status-publish","hentry"],"_links":{"self":[{"href":"https:\/\/www.hotel-spider.com\/es\/wp-json\/wp\/v2\/pages\/987612237","targetHints":{"allow":["GET"]}}],"collection":[{"href":"https:\/\/www.hotel-spider.com\/es\/wp-json\/wp\/v2\/pages"}],"about":[{"href":"https:\/\/www.hotel-spider.com\/es\/wp-json\/wp\/v2\/types\/page"}],"author":[{"embeddable":true,"href":"https:\/\/www.hotel-spider.com\/es\/wp-json\/wp\/v2\/users\/2"}],"replies":[{"embeddable":true,"href":"https:\/\/www.hotel-spider.com\/es\/wp-json\/wp\/v2\/comments?post=987612237"}],"version-history":[{"count":12,"href":"https:\/\/www.hotel-spider.com\/es\/wp-json\/wp\/v2\/pages\/987612237\/revisions"}],"predecessor-version":[{"id":987612311,"href":"https:\/\/www.hotel-spider.com\/es\/wp-json\/wp\/v2\/pages\/987612237\/revisions\/987612311"}],"wp:attachment":[{"href":"https:\/\/www.hotel-spider.com\/es\/wp-json\/wp\/v2\/media?parent=987612237"}],"curies":[{"name":"wp","href":"https:\/\/api.w.org\/{rel}","templated":true}]}}