{"id":987611913,"date":"2025-07-07T19:23:24","date_gmt":"2025-07-07T17:23:24","guid":{"rendered":"https:\/\/www.hotel-spider.com\/options-du-plan\/"},"modified":"2025-08-07T15:16:52","modified_gmt":"2025-08-07T13:16:52","slug":"options-du-plan","status":"publish","type":"page","link":"https:\/\/www.hotel-spider.com\/fr\/options-du-plan\/","title":{"rendered":"Options du plan"},"content":{"rendered":"<p>[et_pb_section fb_built=\u00a0\u00bb1&Prime; _builder_version=\u00a0\u00bb4.27.4&Prime; _module_preset=\u00a0\u00bbdefault\u00a0\u00bb background_color=\u00a0\u00bbRGBA(255,255,255,0)\u00a0\u00bb locked=\u00a0\u00bboff\u00a0\u00bb global_colors_info=\u00a0\u00bb{}\u00a0\u00bb][et_pb_row use_custom_gutter=\u00a0\u00bbon\u00a0\u00bb gutter_width=\u00a0\u00bb1&Prime; make_equal=\u00a0\u00bbon\u00a0\u00bb _builder_version=\u00a0\u00bb4.27.4&Prime; _module_preset=\u00a0\u00bbdefault\u00a0\u00bb width_last_edited=\u00a0\u00bboff|desktop\u00a0\u00bb global_colors_info=\u00a0\u00bb{}\u00a0\u00bb][et_pb_column type=\u00a0\u00bb4_4&Prime; _builder_version=\u00a0\u00bb4.27.4&Prime; _module_preset=\u00a0\u00bbdefault\u00a0\u00bb global_colors_info=\u00a0\u00bb{}\u00a0\u00bb][et_pb_post_title meta=\u00a0\u00bboff\u00a0\u00bb featured_image=\u00a0\u00bboff\u00a0\u00bb text_color=\u00a0\u00bblight\u00a0\u00bb _builder_version=\u00a0\u00bb4.27.4&Prime; _module_preset=\u00a0\u00bbdefault\u00a0\u00bb global_colors_info=\u00a0\u00bb{}\u00a0\u00bb][\/et_pb_post_title][et_pb_text _builder_version=\u00a0\u00bb4.27.4&Prime; _module_preset=\u00a0\u00bbdefault\u00a0\u00bb text_orientation=\u00a0\u00bbjustified\u00a0\u00bb background_layout=\u00a0\u00bbdark\u00a0\u00bb global_colors_info=\u00a0\u00bb{}\u00a0\u00bb]<\/p>\n<h3>Nos conditions, vos avantages &#8211; Pas de barri\u00e8res \u00e0 l&rsquo;entr\u00e9e<\/h3>\n<p>\u20ac 0 \/ CHF frais d&rsquo;installation<br \/>\u20ac 0 \/ CHF frais de formation<br \/>\u20ac 0 \/ CHF frais d&rsquo;activation<br \/>Notre flexibilit\u00e9 : Testez Hotel-Spider en direct et gratuitement pendant 30 jours<br \/>Restez sans engagement pendant 3 mois.<\/p>\n<p>[\/et_pb_text][\/et_pb_column][\/et_pb_row][\/et_pb_section][et_pb_section fb_built=\u00a0\u00bb1&Prime; _builder_version=\u00a0\u00bb4.27.4&Prime; _module_preset=\u00a0\u00bbdefault\u00a0\u00bb background_color=\u00a0\u00bbRGBA(255,255,255,0)\u00a0\u00bb custom_padding=\u00a0\u00bb10px|||||\u00a0\u00bb global_colors_info=\u00a0\u00bb{}\u00a0\u00bb][et_pb_row _builder_version=\u00a0\u00bb4.27.4&Prime; _module_preset=\u00a0\u00bbdefault\u00a0\u00bb global_colors_info=\u00a0\u00bb{}\u00a0\u00bb][et_pb_column type=\u00a0\u00bb4_4&Prime; _builder_version=\u00a0\u00bb4.27.4&Prime; _module_preset=\u00a0\u00bbdefault\u00a0\u00bb global_colors_info=\u00a0\u00bb{}\u00a0\u00bb][et_pb_pricing_tables featured_table_background_color=\u00a0\u00bb#FFFFFF\u00a0\u00bb featured_table_header_background_color=\u00a0\u00bb#282934&Prime; featured_table_header_text_color=\u00a0\u00bb#282934&Prime; header_background_color=\u00a0\u00bb#FFFFFF\u00a0\u00bb featured_table_subheader_text_color=\u00a0\u00bb#3F4752&Prime; show_bullet=\u00a0\u00bboff\u00a0\u00bb featured_table_bullet_color=\u00a0\u00bbRGBA(255,255,255,0)\u00a0\u00bb show_featured_drop_shadow=\u00a0\u00bboff\u00a0\u00bb featured_table_excluded_text_color=\u00a0\u00bb#282934&Prime; featured_table_price_background_color=\u00a0\u00bb#FFFFFF\u00a0\u00bb featured_table_price_color=\u00a0\u00bb#FFFFFF\u00a0\u00bb price_background_color=\u00a0\u00bb#FFFFFF\u00a0\u00bb module_class=\u00a0\u00bbwpp-pricing-icon\u00a0\u00bb _builder_version=\u00a0\u00bb4.27.4&Prime; _module_preset=\u00a0\u00bbdefault\u00a0\u00bb excluded_text_color=\u00a0\u00bb#282934&Prime; subheader_text_color=\u00a0\u00bb#3F4752&Prime; body_text_color=\u00a0\u00bb#282934&Prime; header_text_color=\u00a0\u00bb#282934&Prime; header_level=\u00a0\u00bbh3&Prime; header_font_size=\u00a0\u00bb40px\u00a0\u00bb header_line_height=\u00a0\u00bb1.7em\u00a0\u00bb subheader_font=\u00a0\u00bb||||||||\u00a0\u00bb subheader_font_size=\u00a0\u00bb24px\u00a0\u00bb custom_padding=\u00a0\u00bb||||false|false\u00a0\u00bb border_radii=\u00a0\u00bbon|10px|10px|10px|10px\u00a0\u00bb global_colors_info=\u00a0\u00bb{}\u00a0\u00bb][et_pb_pricing_table title=\u00a0\u00bbLumi\u00e8re\u00a0\u00bb subtitle=\u00a0\u00bbId\u00e9al pour un d\u00e9marrage rapide\u00a0\u00bb bullet_color=\u00a0\u00bbRGBA(255,255,255,0)\u00a0\u00bb _builder_version=\u00a0\u00bb4.27.4&Prime; _module_preset=\u00a0\u00bbdefault\u00a0\u00bb global_colors_info=\u00a0\u00bb{}\u00a0\u00bb sticky_transition=\u00a0\u00bbon\u00a0\u00bb]<strong>\ue052Channel Manager Limite de produits<\/strong>: jusqu&rsquo;\u00e0 15<\/p>\n<p><span class=\"et-pb-icon\" style=\"font-size: 1.2em; color: #2cba6c; margin-right: 8px;\">\ue052<\/span> <strong>Connexions OTA incluses :<\/strong> 5 OTA<\/p>\n<p><span class=\"et-pb-icon\" style=\"font-size: 1.2em; color: #2cba6c; margin-right: 8px;\">\ue052<\/span> Int\u00e9gration bidirectionnelle du PMS<\/p>\n<p><span class=\"et-pb-icon\" style=\"font-size: 1.2em; color: #2cba6c; margin-right: 8px;\">\ue052<\/span> Profils d&rsquo;utilisateurs illimit\u00e9s<\/p>\n<p><span class=\"et-pb-icon\" style=\"font-size: 1.2em; color: #2cba6c; margin-right: 8px;\">\ue052<\/span> Assistance par e-mail, t\u00e9l\u00e9phone et chat<\/p>\n<p><span class=\"et-pb-icon\" style=\"font-size: 1.2em; color: #091549; margin-right: 8px;\">\ue050Package<\/span>module pour la r\u00e9servation directe<\/p>\n<p><span class=\"et-pb-icon\" style=\"font-size: 1.2em; color: #091549; margin-right: 8px;\">\ue050Airbnb<\/span>connexion<\/p>\n<p><span class=\"et-pb-icon\" style=\"font-size: 1.2em; color: #e03574; margin-right: 8px;\">\ue051Multiple<\/span>Connexions OTA ID[\/et_pb_pricing_table][et_pb_pricing_table title=\u00a0\u00bbStandard\u00a0\u00bb subtitle=\u00a0\u00bbParfait pour les h\u00f4tels en expansion\u00a0\u00bb _builder_version=\u00a0\u00bb4.27.4&Prime; _module_preset=\u00a0\u00bbdefault\u00a0\u00bb global_colors_info=\u00a0\u00bb{}\u00a0\u00bb sticky_transition=\u00a0\u00bbon\u00a0\u00bb]<strong>\ue052Channel Manager Limite du produit :<\/strong> jusqu&rsquo;\u00e0 100<\/p>\n<p><strong>\ue052OTA connexions incluses :<\/strong> illimit\u00e9es<\/p>\n<p><span class=\"et-pb-icon\" style=\"font-size: 1.2em; color: #2cba6c; margin-right: 8px;\">\ue052Bidirectional<\/span>Int\u00e9gration PMS<\/p>\n<p><span class=\"et-pb-icon\" style=\"font-size: 1.2em; color: #2cba6c; margin-right: 8px;\">\ue052Unlimited<\/span>profils d&rsquo;utilisateurs<\/p>\n<p><span class=\"et-pb-icon\" style=\"font-size: 1.2em; color: #2cba6c; margin-right: 8px;\">\ue052Support<\/span>par e-mail, t\u00e9l\u00e9phone et chat<\/p>\n<p><span class=\"et-pb-icon\" style=\"font-size: 1.2em; color: #2cba6c; margin-right: 8px;\">\ue052Package<\/span>module pour la r\u00e9servation directe<\/p>\n<p><span class=\"et-pb-icon\" style=\"font-size: 1.2em; color: #2cba6c; margin-right: 8px;\">\ue052Airbnb<\/span>connexion<\/p>\n<p><span class=\"et-pb-icon\" style=\"font-size: 1.2em; color: #091549; margin-right: 8px;\">\ue050Multiple<\/span>Connexions OTA ID[\/et_pb_pricing_table][et_pb_pricing_table title=\u00a0\u00bbPrime\u00a0\u00bb subtitle=\u00a0\u00bbCon\u00e7u pour l&#039;excellence op\u00e9rationnelle\u00a0\u00bb _builder_version=\u00a0\u00bb4.27.4&Prime; _module_preset=\u00a0\u00bbdefault\u00a0\u00bb global_colors_info=\u00a0\u00bb{}\u00a0\u00bb sticky_transition=\u00a0\u00bbon\u00a0\u00bb]<strong>\ue052Channel Manager Limite du produit :<\/strong> jusqu&rsquo;\u00e0 1000<\/p>\n<p><strong>\ue052OTA connexions incluses :<\/strong> illimit\u00e9es<\/p>\n<p><span class=\"et-pb-icon\" style=\"font-size: 1.2em; color: #2cba6c; margin-right: 8px;\">\ue052Bidirectional<\/span>Int\u00e9gration PMS<\/p>\n<p><span class=\"et-pb-icon\" style=\"font-size: 1.2em; color: #2cba6c; margin-right: 8px;\">\ue052Unlimited<\/span>profils d&rsquo;utilisateurs<\/p>\n<p><span class=\"et-pb-icon\" style=\"font-size: 1.2em; color: #2cba6c; margin-right: 8px;\">\ue052Support<\/span>par e-mail, t\u00e9l\u00e9phone et chat<\/p>\n<p><span class=\"et-pb-icon\" style=\"font-size: 1.2em; color: #2cba6c; margin-right: 8px;\">\ue052Package<\/span>module pour la r\u00e9servation directe<\/p>\n<p><span class=\"et-pb-icon\" style=\"font-size: 1.2em; color: #2cba6c; margin-right: 8px;\">\ue052Airbnb<\/span>connexion<\/p>\n<p><span class=\"et-pb-icon\" style=\"font-size: 1.2em; color: #091549; margin-right: 8px;\">\ue050Multiple<\/span>Connexions OTA ID[\/et_pb_pricing_table][\/et_pb_pricing_tables][\/et_pb_column][\/et_pb_row][et_pb_row _builder_version=\u00a0\u00bb4.27.4&Prime; _module_preset=\u00a0\u00bbdefault\u00a0\u00bb global_colors_info=\u00a0\u00bb{}\u00a0\u00bb][et_pb_column type=\u00a0\u00bb4_4&Prime; _builder_version=\u00a0\u00bb4.27.4&Prime; _module_preset=\u00a0\u00bbdefault\u00a0\u00bb][et_pb_text _builder_version=\u00a0\u00bb4.27.4&Prime; _module_preset=\u00a0\u00bbdefault\u00a0\u00bb text_font_size=\u00a0\u00bb16px\u00a0\u00bb background_color=\u00a0\u00bb#FFFFFF\u00a0\u00bb width=\u00a0\u00bb33%\u00a0\u00bb width_tablet=\u00a0\u00bb100%\u00a0\u00bb width_phone=\u00a0\u00bb100%\u00a0\u00bb width_last_edited=\u00a0\u00bbon|tablet\u00a0\u00bb custom_padding=\u00a0\u00bb1%|2%|1%|2%|true|true\u00a0\u00bb border_radii=\u00a0\u00bbon|10px|10px|10px|10px\u00a0\u00bb global_colors_info=\u00a0\u00bb{}\u00a0\u00bb]L\u00e9gende : <span class=\"et-pb-icon\" style=\"font-size: 16px; color: #e03574; margin-right: 8px;\">\ue051not<\/span>inclus | <span class=\"et-pb-icon\" style=\"font-size: 16px; color: #2cba6c; margin-right: 8px;\">\ue052included<\/span>| <span class=\"et-pb-icon\" style=\"font-size: 16px; color: #091549; margin-right: 8px;\">\ue050optional<\/span>[\/et_pb_text][\/et_pb_column][\/et_pb_row][\/et_pb_section][et_pb_section fb_built=\u00a0\u00bb1&Prime; custom_padding_last_edited=\u00a0\u00bbon|desktop\u00a0\u00bb _builder_version=\u00a0\u00bb4.27.4&Prime; _module_preset=\u00a0\u00bbdefault\u00a0\u00bb background_color=\u00a0\u00bbRGBA(255,255,255,0)\u00a0\u00bb custom_margin_tablet=\u00a0\u00bb\u00a0\u00bb custom_margin_phone=\u00a0\u00bb\u00a0\u00bb custom_margin_last_edited=\u00a0\u00bbon|desktop\u00a0\u00bb custom_padding_tablet=\u00a0\u00bb\u00a0\u00bb custom_padding_phone=\u00a0\u00bb\u00a0\u00bb locked=\u00a0\u00bboff\u00a0\u00bb global_colors_info=\u00a0\u00bb{}\u00a0\u00bb][et_pb_row column_structure=\u00a0\u00bb3_4,1_4&Prime; make_equal=\u00a0\u00bbon\u00a0\u00bb _builder_version=\u00a0\u00bb4.27.4&Prime; _module_preset=\u00a0\u00bbdefault\u00a0\u00bb global_colors_info=\u00a0\u00bb{}\u00a0\u00bb][et_pb_column type=\u00a0\u00bb3_4&Prime; _builder_version=\u00a0\u00bb4.27.4&Prime; _module_preset=\u00a0\u00bbdefault\u00a0\u00bb global_colors_info=\u00a0\u00bb{}\u00a0\u00bb][et_pb_text _builder_version=\u00a0\u00bb4.27.4&Prime; _module_preset=\u00a0\u00bbdefault\u00a0\u00bb background_layout=\u00a0\u00bbdark\u00a0\u00bb global_colors_info=\u00a0\u00bb{}\u00a0\u00bb]<\/p>\n<h2>Vous en voulez plus ?<\/h2>\n<p>Vous souhaitez une installation personnalis\u00e9e ? Prenez contact avec nous &#8211; nous vous proposerons un plan adapt\u00e9 \u00e0 vos besoins. <\/p>\n<p>[\/et_pb_text][\/et_pb_column][et_pb_column type=\u00a0\u00bb1_4&Prime; _builder_version=\u00a0\u00bb4.27.4&Prime; _module_preset=\u00a0\u00bbdefault\u00a0\u00bb global_colors_info=\u00a0\u00bb{}\u00a0\u00bb][et_pb_button button_url=\u00a0\u00bbhttps:\/\/www.hotel-spider.com\/fr\/contact\/\u00a0\u00bb button_text=\u00a0\u00bbContact\u00a0\u00bb button_alignment=\u00a0\u00bbleft\u00a0\u00bb button_alignment_tablet=\u00a0\u00bbcenter\u00a0\u00bb button_alignment_phone=\u00a0\u00bbcenter\u00a0\u00bb button_alignment_last_edited=\u00a0\u00bbon|tablet\u00a0\u00bb _builder_version=\u00a0\u00bb4.27.4&Prime; _module_preset=\u00a0\u00bbdefault\u00a0\u00bb global_module=\u00a0\u00bb8167&Prime; saved_tabs=\u00a0\u00bball\u00a0\u00bb global_colors_info=\u00a0\u00bb{}\u00a0\u00bb][\/et_pb_button][\/et_pb_column][\/et_pb_row][\/et_pb_section]<\/p>\n","protected":false},"excerpt":{"rendered":"<p>Nos conditions, vos avantages &#8211; Pas de barri\u00e8res \u00e0 l&rsquo;entr\u00e9e \u20ac 0 \/ CHF frais d&rsquo;installation\u20ac 0 \/ CHF frais de formation\u20ac 0 \/ CHF frais d&rsquo;activationNotre flexibilit\u00e9 : Testez Hotel-Spider en direct et gratuitement pendant 30 joursRestez sans engagement pendant 3 mois.\ue052Channel Manager Limite de produits: jusqu&rsquo;\u00e0 15 \ue052 Connexions OTA incluses : 5 [&hellip;]<\/p>\n","protected":false},"author":2,"featured_media":0,"parent":0,"menu_order":0,"comment_status":"closed","ping_status":"closed","template":"","meta":{"_et_pb_use_builder":"on","_et_pb_old_content":"","_et_gb_content_width":"","footnotes":""},"class_list":["post-987611913","page","type-page","status-publish","hentry"],"_links":{"self":[{"href":"https:\/\/www.hotel-spider.com\/fr\/wp-json\/wp\/v2\/pages\/987611913","targetHints":{"allow":["GET"]}}],"collection":[{"href":"https:\/\/www.hotel-spider.com\/fr\/wp-json\/wp\/v2\/pages"}],"about":[{"href":"https:\/\/www.hotel-spider.com\/fr\/wp-json\/wp\/v2\/types\/page"}],"author":[{"embeddable":true,"href":"https:\/\/www.hotel-spider.com\/fr\/wp-json\/wp\/v2\/users\/2"}],"replies":[{"embeddable":true,"href":"https:\/\/www.hotel-spider.com\/fr\/wp-json\/wp\/v2\/comments?post=987611913"}],"version-history":[{"count":6,"href":"https:\/\/www.hotel-spider.com\/fr\/wp-json\/wp\/v2\/pages\/987611913\/revisions"}],"predecessor-version":[{"id":987613223,"href":"https:\/\/www.hotel-spider.com\/fr\/wp-json\/wp\/v2\/pages\/987611913\/revisions\/987613223"}],"wp:attachment":[{"href":"https:\/\/www.hotel-spider.com\/fr\/wp-json\/wp\/v2\/media?parent=987611913"}],"curies":[{"name":"wp","href":"https:\/\/api.w.org\/{rel}","templated":true}]}}