{"id":987611758,"date":"2025-06-19T03:38:55","date_gmt":"2025-06-19T01:38:55","guid":{"rendered":"https:\/\/www.hotel-spider.com\/responsabile-del-canale\/"},"modified":"2025-08-07T09:55:16","modified_gmt":"2025-08-07T07:55:16","slug":"responsabile-del-canale","status":"publish","type":"page","link":"https:\/\/www.hotel-spider.com\/it\/soluzioni\/responsabile-del-canale\/","title":{"rendered":"Responsabile del canale"},"content":{"rendered":"<p>[et_pb_section fb_built=&#8221;1&#8243; use_custom_gutter=&#8221;on&#8221; specialty=&#8221;on&#8221; _builder_version=&#8221;4.27.4&#8243; _module_preset=&#8221;default&#8221; background_color=&#8221;RGBA(255,255,255,0)&#8221; custom_margin_tablet=&#8221;&#8221; custom_margin_phone=&#8221;&#8221; custom_margin_last_edited=&#8221;on|desktop&#8221; global_colors_info=&#8221;{}&#8221;][et_pb_column type=&#8221;1_4&#8243; _builder_version=&#8221;4.16&#8243; custom_padding=&#8221;|||&#8221; custom_padding__hover=&#8221;|||&#8221;][et_pb_image src=&#8221;https:\/\/www.hotel-spider.com\/wp-content\/uploads\/2025\/07\/2025-07-04_Hotel-Spider-Icons-color-yellow-orange_200x200_Channel-Manager.png&#8221; title_text=&#8221;2025-07-04_Hotel-Spider-Icons-color-yellow-orange_200x200_Channel-Manager&#8221; align_tablet=&#8221;center&#8221; align_phone=&#8221;center&#8221; align_last_edited=&#8221;on|desktop&#8221; _builder_version=&#8221;4.27.4&#8243; _module_preset=&#8221;default&#8221; width_tablet=&#8221;25%&#8221; width_phone=&#8221;30%&#8221; width_last_edited=&#8221;on|phone&#8221; custom_margin_tablet=&#8221;||5%||false|false&#8221; custom_margin_phone=&#8221;||5%||false|false&#8221; custom_margin_last_edited=&#8221;on|phone&#8221; animation_direction=&#8221;left&#8221; hover_enabled=&#8221;0&#8243; global_colors_info=&#8221;{}&#8221; sticky_enabled=&#8221;0&#8243;][\/et_pb_image][\/et_pb_column][et_pb_column type=&#8221;3_4&#8243; specialty_columns=&#8221;3&#8243; _builder_version=&#8221;4.16&#8243; custom_padding=&#8221;|||&#8221; global_colors_info=&#8221;{}&#8221; custom_padding__hover=&#8221;|||&#8221;][et_pb_row_inner _builder_version=&#8221;4.27.4&#8243; _module_preset=&#8221;default&#8221; global_colors_info=&#8221;{}&#8221;][et_pb_column_inner saved_specialty_column_type=&#8221;3_4&#8243; _builder_version=&#8221;4.27.4&#8243; _module_preset=&#8221;default&#8221;][et_pb_text _builder_version=&#8221;4.27.4&#8243; _module_preset=&#8221;default&#8221; header_2_font_size=&#8221;30px&#8221; text_orientation=&#8221;justified&#8221; background_layout=&#8221;dark&#8221; text_orientation_tablet=&#8221;center&#8221; text_orientation_phone=&#8221;center&#8221; text_orientation_last_edited=&#8221;on|tablet&#8221; global_colors_info=&#8221;{}&#8221;]<\/p>\n<h1>Responsabile del canale<\/h1>\n<h2>Pi\u00f9 di un channel manager. Una strategia di distribuzione. <\/h2>\n<p>Nel settore alberghiero, ogni decisione \u00e8 importante. E anche ogni tariffa.<br \/>Il nostro channel manager trasforma la complessit\u00e0 in chiarezza, con una logica che ti d\u00e0 la possibilit\u00e0 di agire, invece di ostacolarti. <\/p>\n<p>[\/et_pb_text][\/et_pb_column_inner][\/et_pb_row_inner][et_pb_row_inner column_structure=&#8221;1_3,1_3,1_3&#8243; _builder_version=&#8221;4.27.4&#8243; _module_preset=&#8221;default&#8221; animation_direction=&#8221;bottom&#8221; hover_enabled=&#8221;0&#8243; global_colors_info=&#8221;{}&#8221; sticky_enabled=&#8221;0&#8243;][et_pb_column_inner type=&#8221;1_3&#8243; saved_specialty_column_type=&#8221;3_4&#8243; _builder_version=&#8221;4.27.4&#8243; _module_preset=&#8221;default&#8221;][et_pb_button button_url=&#8221;https:\/\/www.hotel-spider.com\/it\/demo\/&#8221; button_text=&#8221;Guarda la demo&#8221; button_alignment=&#8221;left&#8221; button_alignment_tablet=&#8221;center&#8221; button_alignment_phone=&#8221;center&#8221; button_alignment_last_edited=&#8221;on|desktop&#8221; _builder_version=&#8221;4.27.4&#8243; _module_preset=&#8221;default&#8221; global_module=&#8221;987610828&#8243; saved_tabs=&#8221;all&#8221; global_colors_info=&#8221;{}&#8221;][\/et_pb_button][\/et_pb_column_inner][et_pb_column_inner type=&#8221;1_3&#8243; saved_specialty_column_type=&#8221;3_4&#8243; _builder_version=&#8221;4.27.4&#8243; _module_preset=&#8221;default&#8221;][et_pb_button button_url=&#8221;https:\/\/www.hotel-spider.com\/it\/contatto\/&#8221; button_text=&#8221;Contatto&#8221; button_alignment=&#8221;center&#8221; _builder_version=&#8221;4.27.4&#8243; _module_preset=&#8221;default&#8221; global_module=&#8221;8167&#8243; saved_tabs=&#8221;all&#8221; global_colors_info=&#8221;{}&#8221;][\/et_pb_button][\/et_pb_column_inner][et_pb_column_inner type=&#8221;1_3&#8243; saved_specialty_column_type=&#8221;3_4&#8243; _builder_version=&#8221;4.27.4&#8243; _module_preset=&#8221;default&#8221;][\/et_pb_column_inner][\/et_pb_row_inner][\/et_pb_column][\/et_pb_section][et_pb_section fb_built=&#8221;1&#8243; _builder_version=&#8221;4.27.4&#8243; _module_preset=&#8221;default&#8221; background_color=&#8221;RGBA(255,255,255,0)&#8221; z_index=&#8221;1&#8243; custom_padding=&#8221;||1%||false|false&#8221; sticky_position=&#8221;top&#8221; sticky_offset_top=&#8221;50px&#8221; sticky_limit_bottom=&#8221;body&#8221; locked=&#8221;off&#8221; global_colors_info=&#8221;{}&#8221;][et_pb_row column_structure=&#8221;1_2,1_2&#8243; make_equal=&#8221;on&#8221; _builder_version=&#8221;4.27.4&#8243; _module_preset=&#8221;default&#8221; background_color=&#8221;#FFFFFF&#8221; min_height=&#8221;688px&#8221; custom_padding=&#8221;1%|2%|2%|2%|false|true&#8221; sticky_limit_bottom=&#8221;body&#8221; border_radii=&#8221;on|10px|10px|10px|10px&#8221; global_colors_info=&#8221;{}&#8221;][et_pb_column type=&#8221;1_2&#8243; _builder_version=&#8221;4.27.4&#8243; _module_preset=&#8221;default&#8221; custom_padding=&#8221;4%||||false|false&#8221;][et_pb_text _builder_version=&#8221;4.27.4&#8243; _module_preset=&#8221;default&#8221; header_3_text_align=&#8221;left&#8221; text_orientation=&#8221;justified&#8221; global_colors_info=&#8221;{}&#8221;]<\/p>\n<h3>Una logica di pricing che riduce il tuo carico di lavoro e aumenta i ricavi.<\/h3>\n<p>Tu definisci la tua strategia &#8211; il nostro channel manager la esegue. Con le derivazioni intelligenti delle tariffe, gestisci le tariffe standard e speciali in modo efficiente e affidabile. La tua tariffa non rimborsabile segue automaticamente la tua tariffa flessibile, anche con differenze di prezzo giornaliere. Per camera. Per persona. In percentuale. Prevedibile.      <\/p>\n<p>[\/et_pb_text][\/et_pb_column][et_pb_column type=&#8221;1_2&#8243; _builder_version=&#8221;4.27.4&#8243; _module_preset=&#8221;default&#8221;][et_pb_text admin_label=&#8221;Text 1&#8243; _builder_version=&#8221;4.27.4&#8243; _module_preset=&#8221;default&#8221; text_font=&#8221;Gilroy-Bold-Local||||||||&#8221; text_text_color=&#8221;#FAAA55&#8243; text_font_size=&#8221;36px&#8221; text_orientation=&#8221;center&#8221; max_width=&#8221;7%&#8221; module_alignment=&#8221;right&#8221; custom_padding=&#8221;5px|2px|1px||false|false&#8221; border_radii=&#8221;on|10px|10px|10px|10px&#8221; border_width_all=&#8221;3px&#8221; border_color_all=&#8221;#FAAA55&#8243; global_colors_info=&#8221;{}&#8221;]<\/p>\n<p>1<\/p>\n<p>[\/et_pb_text][et_pb_image src=&#8221;https:\/\/www.hotel-spider.com\/wp-content\/uploads\/2025\/06\/hotel-spider-channelmanager_price_derivations.jpg&#8221; title_text=&#8221;hotel-spider-channelmanager_prezzi_derivati&#8221; show_in_lightbox=&#8221;on&#8221; _builder_version=&#8221;4.27.4&#8243; _module_preset=&#8221;default&#8221; animation_direction=&#8221;right&#8221; box_shadow_style=&#8221;preset3&#8243; global_colors_info=&#8221;{}&#8221;][\/et_pb_image][\/et_pb_column][\/et_pb_row][\/et_pb_section][et_pb_section fb_built=&#8221;1&#8243; _builder_version=&#8221;4.27.4&#8243; _module_preset=&#8221;default&#8221; background_color=&#8221;RGBA(255,255,255,0)&#8221; z_index=&#8221;2&#8243; custom_padding=&#8221;||1%||false|false&#8221; sticky_position=&#8221;top&#8221; sticky_offset_top=&#8221;150px&#8221; sticky_limit_bottom=&#8221;body&#8221; sticky_offset_surrounding=&#8221;off&#8221; locked=&#8221;off&#8221; global_colors_info=&#8221;{}&#8221;][et_pb_row column_structure=&#8221;1_2,1_2&#8243; make_equal=&#8221;on&#8221; _builder_version=&#8221;4.27.4&#8243; _module_preset=&#8221;default&#8221; background_color=&#8221;#FFFFFF&#8221; min_height=&#8221;688px&#8221; custom_padding=&#8221;1%|2%|2%|2%|false|true&#8221; sticky_limit_top=&#8221;section&#8221; sticky_limit_bottom=&#8221;body&#8221; border_radii=&#8221;on|10px|10px|10px|10px&#8221; global_colors_info=&#8221;{}&#8221;][et_pb_column type=&#8221;1_2&#8243; _builder_version=&#8221;4.27.4&#8243; _module_preset=&#8221;default&#8221; custom_padding=&#8221;4%||||false|false&#8221;][et_pb_text _builder_version=&#8221;4.27.4&#8243; _module_preset=&#8221;default&#8221; header_3_text_align=&#8221;left&#8221; text_orientation=&#8221;justified&#8221; global_colors_info=&#8221;{}&#8221;]<\/p>\n<h3>Disponibilit\u00e0 che si adatta.<\/h3>\n<p>Perch\u00e9 gestire tutto due volte? Collega le categorie delle tue camere &#8211; ad esempio, le camere singole derivate dalle camere doppie &#8211; e massimizza la tua capacit\u00e0. Senza sforzi aggiuntivi. Nessun rischio.   <\/p>\n<p>[\/et_pb_text][\/et_pb_column][et_pb_column type=&#8221;1_2&#8243; _builder_version=&#8221;4.27.4&#8243; _module_preset=&#8221;default&#8221;][et_pb_text admin_label=&#8221;Text 2&#8243; _builder_version=&#8221;4.27.4&#8243; _module_preset=&#8221;default&#8221; text_font=&#8221;Gilroy-Bold-Local||||||||&#8221; text_text_color=&#8221;#FAAA55&#8243; text_font_size=&#8221;36px&#8221; text_orientation=&#8221;center&#8221; max_width=&#8221;7%&#8221; module_alignment=&#8221;right&#8221; custom_padding=&#8221;5px|2px|1px||false|false&#8221; border_radii=&#8221;on|10px|10px|10px|10px&#8221; border_width_all=&#8221;3px&#8221; border_color_all=&#8221;#FAAA55&#8243; global_colors_info=&#8221;{}&#8221;]<\/p>\n<p>2<\/p>\n<p>[\/et_pb_text][et_pb_image src=&#8221;https:\/\/www.hotel-spider.com\/wp-content\/uploads\/2025\/06\/hotel-spider-channelmanager_inventory_derivations.jpg&#8221; title_text=&#8221;hotel-spider-channelmanager_inventario_derivazioni&#8221; show_in_lightbox=&#8221;on&#8221; disabled_on=&#8221;on|on|off&#8221; _builder_version=&#8221;4.27.4&#8243; _module_preset=&#8221;default&#8221; animation_direction=&#8221;left&#8221; box_shadow_style=&#8221;preset3&#8243; global_colors_info=&#8221;{}&#8221;][\/et_pb_image][\/et_pb_column][\/et_pb_row][\/et_pb_section][et_pb_section fb_built=&#8221;1&#8243; _builder_version=&#8221;4.27.4&#8243; _module_preset=&#8221;default&#8221; background_color=&#8221;RGBA(255,255,255,0)&#8221; z_index=&#8221;2&#8243; custom_padding=&#8221;||1%||false|false&#8221; sticky_position=&#8221;top&#8221; sticky_offset_top=&#8221;150px&#8221; sticky_limit_bottom=&#8221;body&#8221; sticky_offset_surrounding=&#8221;off&#8221; locked=&#8221;off&#8221; global_colors_info=&#8221;{}&#8221;][et_pb_row column_structure=&#8221;1_2,1_4,1_4&#8243; make_equal=&#8221;on&#8221; _builder_version=&#8221;4.27.4&#8243; _module_preset=&#8221;default&#8221; background_color=&#8221;#FFFFFF&#8221; custom_padding=&#8221;1%|2%|2%|2%|false|true&#8221; sticky_limit_top=&#8221;section&#8221; sticky_limit_bottom=&#8221;body&#8221; border_radii=&#8221;on|10px|10px|10px|10px&#8221; global_colors_info=&#8221;{}&#8221;][et_pb_column type=&#8221;1_2&#8243; _builder_version=&#8221;4.27.4&#8243; _module_preset=&#8221;default&#8221; custom_padding=&#8221;4%||||false|false&#8221;][et_pb_text _builder_version=&#8221;4.27.4&#8243; _module_preset=&#8221;default&#8221; header_3_text_align=&#8221;justify&#8221; text_orientation=&#8221;justified&#8221; global_colors_info=&#8221;{}&#8221;]<\/p>\n<h3>Il tuo hotel su ogni canale, sempre aggiornato.<\/h3>\n<p>Che si tratti di <strong>Booking.com, Expedia, Airbnb, Agoda, STC o Check24<\/strong>, un unico sistema centrale mantiene tutto sincronizzato. Con l&#8217;integrazione diretta del PMS, la disponibilit\u00e0 si aggiorna in tempo reale. Nessuna doppia prenotazione. Nessuna perdita di tempo. Nessuna perdita di controllo.    <\/p>\n<p>[\/et_pb_text][\/et_pb_column][et_pb_column type=&#8221;1_4&#8243; _builder_version=&#8221;4.27.4&#8243; _module_preset=&#8221;default&#8221; custom_padding=&#8221;6.5%||||false|false&#8221;][et_pb_image src=&#8221;https:\/\/www.hotel-spider.com\/wp-content\/uploads\/2025\/06\/logo-beispiel.png&#8221; title_text=&#8221;logo-beispiel&#8221; align=&#8221;center&#8221; _builder_version=&#8221;4.27.4&#8243; _module_preset=&#8221;default&#8221; width=&#8221;50%&#8221; custom_padding=&#8221;0%||0%||true|false&#8221; global_colors_info=&#8221;{}&#8221;][\/et_pb_image][et_pb_image src=&#8221;https:\/\/www.hotel-spider.com\/wp-content\/uploads\/2025\/07\/Expedia-Logo-2048&#215;1152-1.png&#8221; title_text=&#8221;Expedia-Logo-2048&#215;1152&#8243; align=&#8221;center&#8221; _builder_version=&#8221;4.27.4&#8243; _module_preset=&#8221;default&#8221; width=&#8221;50%&#8221; custom_padding=&#8221;0%||0%||true|false&#8221; global_colors_info=&#8221;{}&#8221;][\/et_pb_image][et_pb_image src=&#8221;https:\/\/www.hotel-spider.com\/wp-content\/uploads\/2025\/07\/Couleur-logo-Airbnb.jpg&#8221; title_text=&#8221;Couleur-logo-Airbnb&#8221; align=&#8221;center&#8221; _builder_version=&#8221;4.27.4&#8243; _module_preset=&#8221;default&#8221; width=&#8221;50%&#8221; custom_padding=&#8221;0%||0%||true|false&#8221; global_colors_info=&#8221;{}&#8221;][\/et_pb_image][et_pb_image src=&#8221;https:\/\/www.hotel-spider.com\/wp-content\/uploads\/2025\/07\/2021_FERATEL_logo_tool.jpg&#8221; title_text=&#8221;2021_FERATEL_logo_tool&#8221; align=&#8221;center&#8221; _builder_version=&#8221;4.27.4&#8243; _module_preset=&#8221;default&#8221; width=&#8221;50%&#8221; custom_padding=&#8221;0%||0%||true|false&#8221; global_colors_info=&#8221;{}&#8221;][\/et_pb_image][et_pb_image src=&#8221;https:\/\/www.hotel-spider.com\/wp-content\/uploads\/2025\/07\/Logo-Ctrip.png&#8221; title_text=&#8221;Logo-Gita&#8221; align=&#8221;center&#8221; _builder_version=&#8221;4.27.4&#8243; _module_preset=&#8221;default&#8221; width=&#8221;50%&#8221; custom_padding=&#8221;0%||0%||true|false&#8221; global_colors_info=&#8221;{}&#8221;][\/et_pb_image][\/et_pb_column][et_pb_column type=&#8221;1_4&#8243; _builder_version=&#8221;4.27.4&#8243; _module_preset=&#8221;default&#8221;][et_pb_text admin_label=&#8221;Text 3&#8243; _builder_version=&#8221;4.27.4&#8243; _module_preset=&#8221;default&#8221; text_font=&#8221;Gilroy-Bold-Local||||||||&#8221; text_text_color=&#8221;#FAAA55&#8243; text_font_size=&#8221;36px&#8221; text_orientation=&#8221;center&#8221; max_width=&#8221;16%&#8221; module_alignment=&#8221;right&#8221; custom_padding=&#8221;5px|2px|1px||false|false&#8221; border_radii=&#8221;on|10px|10px|10px|10px&#8221; border_width_all=&#8221;3px&#8221; border_color_all=&#8221;#FAAA55&#8243; global_colors_info=&#8221;{}&#8221;]<\/p>\n<p>3<\/p>\n<p>[\/et_pb_text][et_pb_image src=&#8221;https:\/\/www.hotel-spider.com\/wp-content\/uploads\/2025\/07\/check24.png&#8221; title_text=&#8221;check24&#8243; align=&#8221;center&#8221; _builder_version=&#8221;4.27.4&#8243; _module_preset=&#8221;default&#8221; width=&#8221;50%&#8221; custom_padding=&#8221;0%||0%||true|false&#8221; global_colors_info=&#8221;{}&#8221;][\/et_pb_image][et_pb_image src=&#8221;https:\/\/www.hotel-spider.com\/wp-content\/uploads\/2025\/07\/Agoda-Logo-scaled.png&#8221; title_text=&#8221;Agoda-Logo&#8221; align=&#8221;center&#8221; _builder_version=&#8221;4.27.4&#8243; _module_preset=&#8221;default&#8221; width=&#8221;50%&#8221; custom_padding=&#8221;0%||0%||true|false&#8221; global_colors_info=&#8221;{}&#8221;][\/et_pb_image][et_pb_image src=&#8221;https:\/\/www.hotel-spider.com\/wp-content\/uploads\/2025\/07\/hrs-logo.png&#8221; title_text=&#8221;hrs-logo&#8221; align=&#8221;center&#8221; _builder_version=&#8221;4.27.4&#8243; _module_preset=&#8221;default&#8221; width=&#8221;31%&#8221; custom_padding=&#8221;1%||1%||true|false&#8221; global_colors_info=&#8221;{}&#8221;][\/et_pb_image][et_pb_image src=&#8221;https:\/\/www.hotel-spider.com\/wp-content\/uploads\/2025\/07\/TOMAS.png&#8221; title_text=&#8221;TOMAS&#8221; align=&#8221;center&#8221; _builder_version=&#8221;4.27.4&#8243; _module_preset=&#8221;default&#8221; width=&#8221;50%&#8221; custom_padding=&#8221;0%||0%||true|false&#8221; global_colors_info=&#8221;{}&#8221;][\/et_pb_image][et_pb_image src=&#8221;https:\/\/www.hotel-spider.com\/wp-content\/uploads\/2025\/07\/stc.png&#8221; title_text=&#8221;stc&#8221; align=&#8221;center&#8221; _builder_version=&#8221;4.27.4&#8243; _module_preset=&#8221;default&#8221; width=&#8221;50%&#8221; custom_padding=&#8221;0%||0%||true|false&#8221; global_colors_info=&#8221;{}&#8221;][\/et_pb_image][\/et_pb_column][\/et_pb_row][\/et_pb_section][et_pb_section fb_built=&#8221;1&#8243; _builder_version=&#8221;4.27.4&#8243; _module_preset=&#8221;default&#8221; background_image=&#8221;https:\/\/www.hotel-spider.com\/wp-content\/uploads\/2025\/06\/Hotel-Spider-BG-Stars.jpg&#8221; z_index=&#8221;4&#8243; custom_margin=&#8221;5%||5%||false|false&#8221; sticky_limit_top=&#8221;body&#8221; locked=&#8221;off&#8221; global_colors_info=&#8221;{}&#8221;][et_pb_row column_structure=&#8221;3_5,1_5,1_5&#8243; use_custom_gutter=&#8221;on&#8221; make_equal=&#8221;on&#8221; _builder_version=&#8221;4.27.4&#8243; _module_preset=&#8221;default&#8221; global_colors_info=&#8221;{}&#8221;][et_pb_column type=&#8221;3_5&#8243; _builder_version=&#8221;4.27.4&#8243; _module_preset=&#8221;default&#8221; global_colors_info=&#8221;{}&#8221;][et_pb_text _builder_version=&#8221;4.27.4&#8243; _module_preset=&#8221;default&#8221; background_layout=&#8221;dark&#8221; text_orientation_tablet=&#8221;center&#8221; text_orientation_phone=&#8221;center&#8221; text_orientation_last_edited=&#8221;on|tablet&#8221; global_colors_info=&#8221;{}&#8221;]<\/p>\n<h2>Meno problemi. Pi\u00f9 guadagni. Sei pronto a prendere il controllo?  <\/h2>\n<p>[\/et_pb_text][\/et_pb_column][et_pb_column type=&#8221;1_5&#8243; _builder_version=&#8221;4.27.4&#8243; _module_preset=&#8221;default&#8221; global_colors_info=&#8221;{}&#8221;][et_pb_button button_url=&#8221;https:\/\/www.hotel-spider.com\/it\/demo-del-libro\/&#8221; button_text=&#8221;Demo del libro&#8221; button_alignment=&#8221;center&#8221; _builder_version=&#8221;4.27.4&#8243; _module_preset=&#8221;default&#8221; animation_style=&#8221;slide&#8221; animation_direction=&#8221;left&#8221; animation_duration=&#8221;800ms&#8221; global_module=&#8221;8153&#8243; saved_tabs=&#8221;all&#8221; global_colors_info=&#8221;{}&#8221;][\/et_pb_button][\/et_pb_column][et_pb_column type=&#8221;1_5&#8243; _builder_version=&#8221;4.27.4&#8243; _module_preset=&#8221;default&#8221; global_colors_info=&#8221;{}&#8221;][et_pb_button button_url=&#8221;https:\/\/www.hotel-spider.com\/it\/contatto\/&#8221; button_text=&#8221;Contatto&#8221; button_alignment=&#8221;center&#8221; _builder_version=&#8221;4.27.4&#8243; _module_preset=&#8221;default&#8221; animation_style=&#8221;slide&#8221; animation_direction=&#8221;left&#8221; animation_duration=&#8221;800ms&#8221; animation_delay=&#8221;200ms&#8221; global_module=&#8221;8167&#8243; saved_tabs=&#8221;all&#8221; global_colors_info=&#8221;{}&#8221;][\/et_pb_button][\/et_pb_column][\/et_pb_row][\/et_pb_section]<\/p>\n","protected":false},"excerpt":{"rendered":"<p>Responsabile del canale Pi\u00f9 di un channel manager. Una strategia di distribuzione. Nel settore alberghiero, ogni decisione \u00e8 importante. E anche ogni tariffa.Il nostro channel manager trasforma la complessit\u00e0 in chiarezza, con una logica che ti d\u00e0 la possibilit\u00e0 di agire, invece di ostacolarti. Una logica di pricing che riduce il tuo carico di lavoro [&hellip;]<\/p>\n","protected":false},"author":2,"featured_media":0,"parent":987611807,"menu_order":0,"comment_status":"closed","ping_status":"closed","template":"","meta":{"_et_pb_use_builder":"on","_et_pb_old_content":"","_et_gb_content_width":"","footnotes":""},"class_list":["post-987611758","page","type-page","status-publish","hentry"],"_links":{"self":[{"href":"https:\/\/www.hotel-spider.com\/it\/wp-json\/wp\/v2\/pages\/987611758","targetHints":{"allow":["GET"]}}],"collection":[{"href":"https:\/\/www.hotel-spider.com\/it\/wp-json\/wp\/v2\/pages"}],"about":[{"href":"https:\/\/www.hotel-spider.com\/it\/wp-json\/wp\/v2\/types\/page"}],"author":[{"embeddable":true,"href":"https:\/\/www.hotel-spider.com\/it\/wp-json\/wp\/v2\/users\/2"}],"replies":[{"embeddable":true,"href":"https:\/\/www.hotel-spider.com\/it\/wp-json\/wp\/v2\/comments?post=987611758"}],"version-history":[{"count":10,"href":"https:\/\/www.hotel-spider.com\/it\/wp-json\/wp\/v2\/pages\/987611758\/revisions"}],"predecessor-version":[{"id":987612421,"href":"https:\/\/www.hotel-spider.com\/it\/wp-json\/wp\/v2\/pages\/987611758\/revisions\/987612421"}],"up":[{"embeddable":true,"href":"https:\/\/www.hotel-spider.com\/it\/wp-json\/wp\/v2\/pages\/987611807"}],"wp:attachment":[{"href":"https:\/\/www.hotel-spider.com\/it\/wp-json\/wp\/v2\/media?parent=987611758"}],"curies":[{"name":"wp","href":"https:\/\/api.w.org\/{rel}","templated":true}]}}