{"id":987612031,"date":"2025-07-14T11:11:31","date_gmt":"2025-07-14T09:11:31","guid":{"rendered":"https:\/\/www.hotel-spider.com\/soluzioni\/gds-sistemi-di-distribuzione-globale\/"},"modified":"2025-08-07T10:00:01","modified_gmt":"2025-08-07T08:00:01","slug":"gds-sistemi-di-distribuzione-globale","status":"publish","type":"page","link":"https:\/\/www.hotel-spider.com\/it\/soluzioni\/gds-sistemi-di-distribuzione-globale\/","title":{"rendered":"GDS &#8211; Sistemi di distribuzione globale"},"content":{"rendered":"<p>[et_pb_section fb_built=&#8221;1&#8243; use_custom_gutter=&#8221;on&#8221; specialty=&#8221;on&#8221; _builder_version=&#8221;4.27.4&#8243; _module_preset=&#8221;default&#8221; background_color=&#8221;RGBA(255,255,255,0)&#8221; custom_margin_tablet=&#8221;&#8221; custom_margin_phone=&#8221;&#8221; custom_margin_last_edited=&#8221;on|desktop&#8221; custom_padding=&#8221;||0px||false|false&#8221; global_colors_info=&#8221;{}&#8221;][et_pb_column type=&#8221;1_4&#8243; _builder_version=&#8221;4.16&#8243; custom_padding=&#8221;|||&#8221; custom_padding__hover=&#8221;|||&#8221;][et_pb_image src=&#8221;https:\/\/www.hotel-spider.com\/wp-content\/uploads\/2025\/07\/2025-07-04_Hotel-Spider-Icons-color-yellow-orange_200x200_GDS.png&#8221; title_text=&#8221;2025-07-04_Hotel-Spider-Icons-color-yellow-orange_200x200_GDS&#8221; align_tablet=&#8221;center&#8221; align_phone=&#8221;center&#8221; align_last_edited=&#8221;on|desktop&#8221; _builder_version=&#8221;4.27.4&#8243; _module_preset=&#8221;default&#8221; width_tablet=&#8221;25%&#8221; width_phone=&#8221;30%&#8221; width_last_edited=&#8221;on|phone&#8221; custom_margin_tablet=&#8221;||5%||false|false&#8221; custom_margin_phone=&#8221;||5%||false|false&#8221; custom_margin_last_edited=&#8221;on|phone&#8221; animation_direction=&#8221;left&#8221; hover_enabled=&#8221;0&#8243; global_colors_info=&#8221;{}&#8221; sticky_enabled=&#8221;0&#8243;][\/et_pb_image][\/et_pb_column][et_pb_column type=&#8221;3_4&#8243; specialty_columns=&#8221;3&#8243; _builder_version=&#8221;4.16&#8243; custom_padding=&#8221;|||&#8221; global_colors_info=&#8221;{}&#8221; custom_padding__hover=&#8221;|||&#8221;][et_pb_row_inner _builder_version=&#8221;4.27.4&#8243; _module_preset=&#8221;default&#8221; global_colors_info=&#8221;{}&#8221;][et_pb_column_inner saved_specialty_column_type=&#8221;3_4&#8243; _builder_version=&#8221;4.27.4&#8243; _module_preset=&#8221;default&#8221;][et_pb_text _builder_version=&#8221;4.27.4&#8243; _module_preset=&#8221;default&#8221; header_2_font_size=&#8221;30px&#8221; text_orientation=&#8221;justified&#8221; background_layout=&#8221;dark&#8221; text_orientation_tablet=&#8221;center&#8221; text_orientation_phone=&#8221;center&#8221; text_orientation_last_edited=&#8221;on|tablet&#8221; global_colors_info=&#8221;{}&#8221;]<\/p>\n<h1>GDS &#8211; Sistemi di distribuzione globale<\/h1>\n<h2>Sii visibile dove si generano le entrate. La portata non \u00e8 una coincidenza: \u00e8 una scelta. <\/h2>\n<p>Posiziona il tuo hotel dove i decision maker lo guardano. Con Hotel-Spider, il tuo hotel appare esattamente dove le decisioni di prenotazione vengono prese ogni giorno da milioni di viaggiatori d&#8217;affari e di piacere: nei principali sistemi di distribuzione globale (GDS) come Amadeus, Sabre, Travelport, Galileo e Worldspan. <\/p>\n<p>[\/et_pb_text][\/et_pb_column_inner][\/et_pb_row_inner][et_pb_row_inner column_structure=&#8221;1_3,1_3,1_3&#8243; _builder_version=&#8221;4.27.4&#8243; _module_preset=&#8221;default&#8221; animation_direction=&#8221;bottom&#8221; hover_enabled=&#8221;0&#8243; global_colors_info=&#8221;{}&#8221; sticky_enabled=&#8221;0&#8243;][et_pb_column_inner type=&#8221;1_3&#8243; saved_specialty_column_type=&#8221;3_4&#8243; _builder_version=&#8221;4.27.4&#8243; _module_preset=&#8221;default&#8221;][et_pb_button button_url=&#8221;https:\/\/www.hotel-spider.com\/it\/demo\/&#8221; button_text=&#8221;Guarda la demo&#8221; button_alignment=&#8221;left&#8221; button_alignment_tablet=&#8221;center&#8221; button_alignment_phone=&#8221;center&#8221; button_alignment_last_edited=&#8221;on|desktop&#8221; _builder_version=&#8221;4.27.4&#8243; _module_preset=&#8221;default&#8221; global_module=&#8221;987610828&#8243; saved_tabs=&#8221;all&#8221; global_colors_info=&#8221;{}&#8221;][\/et_pb_button][\/et_pb_column_inner][et_pb_column_inner type=&#8221;1_3&#8243; saved_specialty_column_type=&#8221;3_4&#8243; _builder_version=&#8221;4.27.4&#8243; _module_preset=&#8221;default&#8221;][et_pb_button button_url=&#8221;https:\/\/www.hotel-spider.com\/it\/contatto\/&#8221; button_text=&#8221;Contatto&#8221; button_alignment=&#8221;center&#8221; _builder_version=&#8221;4.27.4&#8243; _module_preset=&#8221;default&#8221; global_module=&#8221;8167&#8243; saved_tabs=&#8221;all&#8221; global_colors_info=&#8221;{}&#8221;][\/et_pb_button][\/et_pb_column_inner][et_pb_column_inner type=&#8221;1_3&#8243; saved_specialty_column_type=&#8221;3_4&#8243; _builder_version=&#8221;4.27.4&#8243; _module_preset=&#8221;default&#8221;][\/et_pb_column_inner][\/et_pb_row_inner][\/et_pb_column][\/et_pb_section][et_pb_section fb_built=&#8221;1&#8243; _builder_version=&#8221;4.27.4&#8243; _module_preset=&#8221;default&#8221; background_color=&#8221;RGBA(255,255,255,0)&#8221; z_index=&#8221;1&#8243; custom_padding=&#8221;||1%||false|false&#8221; sticky_position=&#8221;top&#8221; sticky_offset_top=&#8221;50px&#8221; sticky_limit_bottom=&#8221;body&#8221; global_colors_info=&#8221;{}&#8221;][et_pb_row column_structure=&#8221;1_2,1_2&#8243; make_equal=&#8221;on&#8221; _builder_version=&#8221;4.27.4&#8243; _module_preset=&#8221;default&#8221; background_color=&#8221;#FFFFFF&#8221; custom_padding=&#8221;1%|2%|2%|2%|false|true&#8221; sticky_limit_bottom=&#8221;body&#8221; border_radii=&#8221;on|10px|10px|10px|10px&#8221; global_colors_info=&#8221;{}&#8221;][et_pb_column type=&#8221;1_2&#8243; _builder_version=&#8221;4.27.4&#8243; _module_preset=&#8221;default&#8221; custom_padding=&#8221;4%||||false|false&#8221; global_colors_info=&#8221;{}&#8221;][et_pb_text _builder_version=&#8221;4.27.4&#8243; _module_preset=&#8221;default&#8221; header_3_text_align=&#8221;left&#8221; text_orientation=&#8221;justified&#8221; global_colors_info=&#8221;{}&#8221;]<\/p>\n<h3>Raggiungere non \u00e8 una coincidenza: \u00e8 una scelta.<\/h3>\n<p><strong>Nessuna magia. Solo strategia. Perch\u00e9 il GDS consente di effettuare le prenotazioni proprio dove avvengono:  <\/strong><\/p>\n<ul>\n<li>Le tue camere si prenotano meglio quando le aziende riescono a trovarle.<\/li>\n<li>La visibilit\u00e0 in una nicchia \u00e8 buona, ma la visibilit\u00e0 globale \u00e8 migliore.<\/li>\n<li>I viaggiatori d&#8217;affari non cercano su Booking.com o Expedia<\/li>\n<li>La portata non \u00e8 solo una parola d&#8217;ordine: \u00e8 misurabile.<\/li>\n<\/ul>\n<p>[\/et_pb_text][\/et_pb_column][et_pb_column type=&#8221;1_2&#8243; _builder_version=&#8221;4.27.4&#8243; _module_preset=&#8221;default&#8221; global_colors_info=&#8221;{}&#8221;][et_pb_text admin_label=&#8221;Text 1&#8243; _builder_version=&#8221;4.27.4&#8243; _module_preset=&#8221;default&#8221; text_font=&#8221;Gilroy-Bold-Local||||||||&#8221; text_text_color=&#8221;#FAAA55&#8243; text_font_size=&#8221;36px&#8221; text_orientation=&#8221;center&#8221; max_width=&#8221;7%&#8221; module_alignment=&#8221;right&#8221; custom_padding=&#8221;5px|2px|1px||false|false&#8221; border_radii=&#8221;on|10px|10px|10px|10px&#8221; border_width_all=&#8221;3px&#8221; border_color_all=&#8221;#FAAA55&#8243; global_colors_info=&#8221;{}&#8221;]<\/p>\n<p>1<\/p>\n<p>[\/et_pb_text][et_pb_image src=&#8221;https:\/\/www.hotel-spider.com\/wp-content\/uploads\/2025\/07\/Hotel-Spider-GDS.jpg&#8221; title_text=&#8221;Hotel-Spider-GDS&#8221; force_fullwidth=&#8221;on&#8221; _builder_version=&#8221;4.27.4&#8243; _module_preset=&#8221;default&#8221; global_colors_info=&#8221;{}&#8221;][\/et_pb_image][\/et_pb_column][\/et_pb_row][\/et_pb_section][et_pb_section fb_built=&#8221;1&#8243; _builder_version=&#8221;4.27.4&#8243; _module_preset=&#8221;default&#8221; background_color=&#8221;RGBA(255,255,255,0)&#8221; z_index=&#8221;2&#8243; custom_padding=&#8221;||1%||false|false&#8221; sticky_position=&#8221;top&#8221; sticky_offset_top=&#8221;150px&#8221; sticky_limit_bottom=&#8221;body&#8221; sticky_offset_surrounding=&#8221;off&#8221; global_colors_info=&#8221;{}&#8221;][et_pb_row column_structure=&#8221;3_5,2_5&#8243; make_equal=&#8221;on&#8221; _builder_version=&#8221;4.27.4&#8243; _module_preset=&#8221;default&#8221; background_color=&#8221;#FFFFFF&#8221; min_height=&#8221;867px&#8221; custom_padding=&#8221;1%|2%|2%|2%|false|true&#8221; sticky_limit_top=&#8221;section&#8221; sticky_limit_bottom=&#8221;body&#8221; border_radii=&#8221;on|10px|10px|10px|10px&#8221; global_colors_info=&#8221;{}&#8221;][et_pb_column type=&#8221;3_5&#8243; _builder_version=&#8221;4.27.4&#8243; _module_preset=&#8221;default&#8221; custom_padding=&#8221;4%||||false|false&#8221; global_colors_info=&#8221;{}&#8221;][et_pb_text _builder_version=&#8221;4.27.4&#8243; _module_preset=&#8221;default&#8221; header_3_text_align=&#8221;left&#8221; text_orientation=&#8221;justified&#8221; global_colors_info=&#8221;{}&#8221;]<\/p>\n<h2>GDS per gli hotel per il tempo libero &#8211; Fatti vedere dove iniziano le vacanze<\/h2>\n<p><strong>Perch\u00e9 farsi trovare solo quando qualcuno ti cerca?<\/strong><\/p>\n<p>Grazie alla connettivit\u00e0 GDS, posizionerai il tuo hotel dove le agenzie di viaggio internazionali progettano vacanze da sogno, offrendo proprio la tua regione. Che si tratti di un resort alpino, di un boutique hotel di citt\u00e0 o di una villa sulla spiaggia, con Hotel-Spider il tuo hotel diventa prenotabile in tutto il mondo, non solo online, ma anche direttamente attraverso tour operator, organizzatori di eventi e specialisti di viaggi di piacere. <\/p>\n<p>[\/et_pb_text][\/et_pb_column][et_pb_column type=&#8221;2_5&#8243; _builder_version=&#8221;4.27.4&#8243; _module_preset=&#8221;default&#8221; global_colors_info=&#8221;{}&#8221;][et_pb_text admin_label=&#8221;Text 2&#8243; _builder_version=&#8221;4.27.4&#8243; _module_preset=&#8221;default&#8221; text_font=&#8221;Gilroy-Bold-Local||||||||&#8221; text_text_color=&#8221;#FAAA55&#8243; text_font_size=&#8221;36px&#8221; text_orientation=&#8221;center&#8221; max_width=&#8221;7%&#8221; module_alignment=&#8221;right&#8221; custom_padding=&#8221;5px|2px|1px||false|false&#8221; border_radii=&#8221;on|10px|10px|10px|10px&#8221; border_width_all=&#8221;3px&#8221; border_color_all=&#8221;#FAAA55&#8243; global_colors_info=&#8221;{}&#8221;]<\/p>\n<p>2<\/p>\n<p>[\/et_pb_text][et_pb_image src=&#8221;https:\/\/www.hotel-spider.com\/wp-content\/uploads\/2025\/07\/Hotel-Spider-GDS-Leisure.jpg&#8221; title_text=&#8221;Hotel-Spider-GDS-Leisure&#8221; force_fullwidth=&#8221;on&#8221; _builder_version=&#8221;4.27.4&#8243; _module_preset=&#8221;default&#8221; global_colors_info=&#8221;{}&#8221;][\/et_pb_image][\/et_pb_column][\/et_pb_row][\/et_pb_section][et_pb_section fb_built=&#8221;1&#8243; _builder_version=&#8221;4.27.4&#8243; _module_preset=&#8221;default&#8221; background_color=&#8221;RGBA(255,255,255,0)&#8221; z_index=&#8221;3&#8243; sticky_position=&#8221;top&#8221; sticky_offset_top=&#8221;150px&#8221; sticky_limit_bottom=&#8221;body&#8221; sticky_offset_surrounding=&#8221;off&#8221; sticky_transition=&#8221;off&#8221; global_colors_info=&#8221;{}&#8221;][et_pb_row column_structure=&#8221;3_5,2_5&#8243; make_equal=&#8221;on&#8221; _builder_version=&#8221;4.27.4&#8243; _module_preset=&#8221;default&#8221; background_color=&#8221;#FFFFFF&#8221; min_height=&#8221;867px&#8221; custom_padding=&#8221;1%|2%|2%|2%|false|true&#8221; sticky_limit_bottom=&#8221;body&#8221; border_radii=&#8221;on|10px|10px|10px|10px&#8221; global_colors_info=&#8221;{}&#8221;][et_pb_column type=&#8221;3_5&#8243; _builder_version=&#8221;4.27.4&#8243; _module_preset=&#8221;default&#8221; custom_padding=&#8221;4%||||false|false&#8221; global_colors_info=&#8221;{}&#8221;][et_pb_text _builder_version=&#8221;4.27.4&#8243; _module_preset=&#8221;default&#8221; header_3_text_align=&#8221;left&#8221; text_orientation=&#8221;justified&#8221; global_colors_info=&#8221;{}&#8221;]<\/p>\n<h2>GDS per clienti aziendali &#8211; La tua scorciatoia per i viaggiatori d&#8217;affari<\/h2>\n<p>Dove prenotano i loro viaggi le aziende? Non sulle OTA, ma attraverso societ\u00e0 di gestione viaggi, agenzie e sistemi di prenotazione direttamente collegati alle principali piattaforme GDS. Con Hotel-Spider, il tuo hotel ottiene una visibilit\u00e0 globale per i clienti aziendali, i viaggiatori d&#8217;affari e i responsabili delle decisioni, proprio dove le politiche di viaggio determinano chi soggiorna e come vengono effettuate le prenotazioni.  <\/p>\n<p>[\/et_pb_text][\/et_pb_column][et_pb_column type=&#8221;2_5&#8243; _builder_version=&#8221;4.27.4&#8243; _module_preset=&#8221;default&#8221; global_colors_info=&#8221;{}&#8221;][et_pb_text admin_label=&#8221;Text 3&#8243; _builder_version=&#8221;4.27.4&#8243; _module_preset=&#8221;default&#8221; text_font=&#8221;Gilroy-Bold-Local||||||||&#8221; text_text_color=&#8221;#FAAA55&#8243; text_font_size=&#8221;36px&#8221; text_orientation=&#8221;center&#8221; max_width=&#8221;7%&#8221; module_alignment=&#8221;right&#8221; custom_padding=&#8221;5px|2px|1px||false|false&#8221; border_radii=&#8221;on|10px|10px|10px|10px&#8221; border_width_all=&#8221;3px&#8221; border_color_all=&#8221;#FAAA55&#8243; global_colors_info=&#8221;{}&#8221;]<\/p>\n<p>3<\/p>\n<p>[\/et_pb_text][et_pb_image src=&#8221;https:\/\/www.hotel-spider.com\/wp-content\/uploads\/2025\/07\/Hotel-Spider-GDS-business.jpg&#8221; title_text=&#8221;Hotel-Spider-GDS-business&#8221; force_fullwidth=&#8221;on&#8221; _builder_version=&#8221;4.27.4&#8243; _module_preset=&#8221;default&#8221; global_colors_info=&#8221;{}&#8221;][\/et_pb_image][\/et_pb_column][\/et_pb_row][\/et_pb_section][et_pb_section fb_built=&#8221;1&#8243; _builder_version=&#8221;4.27.4&#8243; _module_preset=&#8221;default&#8221; background_image=&#8221;https:\/\/www.hotel-spider.com\/wp-content\/uploads\/2025\/06\/Hotel-Spider-BG-Stars.jpg&#8221; z_index=&#8221;458&#8243; custom_margin=&#8221;5%||5%||false|false&#8221; sticky_limit_top=&#8221;body&#8221; global_colors_info=&#8221;{}&#8221;][et_pb_row column_structure=&#8221;3_5,1_5,1_5&#8243; use_custom_gutter=&#8221;on&#8221; make_equal=&#8221;on&#8221; _builder_version=&#8221;4.27.4&#8243; _module_preset=&#8221;default&#8221; sticky_limit_top=&#8221;section&#8221; sticky_limit_bottom=&#8221;section&#8221; global_colors_info=&#8221;{}&#8221;][et_pb_column type=&#8221;3_5&#8243; _builder_version=&#8221;4.27.4&#8243; _module_preset=&#8221;default&#8221;][et_pb_text _builder_version=&#8221;4.27.4&#8243; _module_preset=&#8221;default&#8221; background_layout=&#8221;dark&#8221; text_orientation_tablet=&#8221;center&#8221; text_orientation_phone=&#8221;center&#8221; text_orientation_last_edited=&#8221;on|tablet&#8221; global_colors_info=&#8221;{}&#8221;]<\/p>\n<h2>Ti rendiamo prenotabile in tutto il mondo. Il tuo profilo GDS, configurato in modo professionale. <\/h2>\n<p>[\/et_pb_text][\/et_pb_column][et_pb_column type=&#8221;1_5&#8243; _builder_version=&#8221;4.27.4&#8243; _module_preset=&#8221;default&#8221;][et_pb_button button_url=&#8221;https:\/\/www.hotel-spider.com\/it\/demo-del-libro\/&#8221; button_text=&#8221;Demo del libro&#8221; button_alignment=&#8221;center&#8221; _builder_version=&#8221;4.27.4&#8243; _module_preset=&#8221;default&#8221; animation_style=&#8221;slide&#8221; animation_direction=&#8221;left&#8221; animation_duration=&#8221;800ms&#8221; global_module=&#8221;8153&#8243; saved_tabs=&#8221;all&#8221; global_colors_info=&#8221;{}&#8221;][\/et_pb_button][\/et_pb_column][et_pb_column type=&#8221;1_5&#8243; _builder_version=&#8221;4.27.4&#8243; _module_preset=&#8221;default&#8221;][et_pb_button button_url=&#8221;https:\/\/www.hotel-spider.com\/it\/contatto\/&#8221; button_text=&#8221;Contatto&#8221; button_alignment=&#8221;center&#8221; _builder_version=&#8221;4.27.4&#8243; _module_preset=&#8221;default&#8221; animation_style=&#8221;slide&#8221; animation_direction=&#8221;left&#8221; animation_duration=&#8221;800ms&#8221; animation_delay=&#8221;200ms&#8221; global_module=&#8221;8167&#8243; saved_tabs=&#8221;all&#8221; global_colors_info=&#8221;{}&#8221;][\/et_pb_button][\/et_pb_column][\/et_pb_row][\/et_pb_section]<\/p>\n","protected":false},"excerpt":{"rendered":"<p>GDS &#8211; Sistemi di distribuzione globale Sii visibile dove si generano le entrate. La portata non \u00e8 una coincidenza: \u00e8 una scelta. Posiziona il tuo hotel dove i decision maker lo guardano. Con Hotel-Spider, il tuo hotel appare esattamente dove le decisioni di prenotazione vengono prese ogni giorno da milioni di viaggiatori d&#8217;affari e di [&hellip;]<\/p>\n","protected":false},"author":2,"featured_media":0,"parent":987611807,"menu_order":0,"comment_status":"closed","ping_status":"closed","template":"","meta":{"_et_pb_use_builder":"on","_et_pb_old_content":"","_et_gb_content_width":"","footnotes":""},"class_list":["post-987612031","page","type-page","status-publish","hentry"],"_links":{"self":[{"href":"https:\/\/www.hotel-spider.com\/it\/wp-json\/wp\/v2\/pages\/987612031","targetHints":{"allow":["GET"]}}],"collection":[{"href":"https:\/\/www.hotel-spider.com\/it\/wp-json\/wp\/v2\/pages"}],"about":[{"href":"https:\/\/www.hotel-spider.com\/it\/wp-json\/wp\/v2\/types\/page"}],"author":[{"embeddable":true,"href":"https:\/\/www.hotel-spider.com\/it\/wp-json\/wp\/v2\/users\/2"}],"replies":[{"embeddable":true,"href":"https:\/\/www.hotel-spider.com\/it\/wp-json\/wp\/v2\/comments?post=987612031"}],"version-history":[{"count":12,"href":"https:\/\/www.hotel-spider.com\/it\/wp-json\/wp\/v2\/pages\/987612031\/revisions"}],"predecessor-version":[{"id":987612486,"href":"https:\/\/www.hotel-spider.com\/it\/wp-json\/wp\/v2\/pages\/987612031\/revisions\/987612486"}],"up":[{"embeddable":true,"href":"https:\/\/www.hotel-spider.com\/it\/wp-json\/wp\/v2\/pages\/987611807"}],"wp:attachment":[{"href":"https:\/\/www.hotel-spider.com\/it\/wp-json\/wp\/v2\/media?parent=987612031"}],"curies":[{"name":"wp","href":"https:\/\/api.w.org\/{rel}","templated":true}]}}